{"id":10380,"date":"2017-03-14T14:27:56","date_gmt":"2017-03-14T13:27:56","guid":{"rendered":"http:\/\/b6-office.de\/?page_id=10380"},"modified":"2021-10-27T16:30:07","modified_gmt":"2021-10-27T14:30:07","slug":"s2","status":"publish","type":"page","link":"https:\/\/b6-office.de\/?page_id=10380","title":{"rendered":"S2 Fakten die \u00dcberzeugen!"},"content":{"rendered":"<p>44cm dickes Mauerwerk.<br \/>\nMassive Bauweise mit Ziegel-D\u00e4mmstein.<br \/>\nModerne zeitlose und hochwertige Ausstattung.<br \/>\nKlare Geb\u00e4udestruktur &#8211; ausgelegt f\u00fcr Ihr Business.<br \/>\nZentrale Lage &#8211; schnelle Zu- und Abfahrt zur B6!- zur BAB! &#8211; zur City!<br \/>\nModulare B\u00fcroeinheiten mit flexiblen Mietzeiten.<br \/>\nG\u00fcnstige Kurzzeittarife und Langzeittarife f\u00fcr Sparf\u00fcchse.<br \/>\nAufzug zu allen Geschossen und zentrale Besprechungsr\u00e4ume.<br \/>\nParkpl\u00e4tze direkt vor der T\u00fcr &#8211; keine Parkplatzsuche wie in der City.<br \/>\nPerfekter Standort f\u00fcr effektives Arbeiten.<br \/>\nSuperschnelles high-Speed-Internet &#8211; alle B\u00fcros mit Glasfaser Technologie!<br \/>\nFaire Mietpreise und<br \/>\noptionaler Rezeptions-Service mit diversen Office-Leistungen!<\/p>\n","protected":false},"excerpt":{"rendered":"<p>44cm dickes Mauerwerk. Massive Bauweise mit Ziegel-D\u00e4mmstein. Moderne zeitlose und hochwertige Ausstattung. Klare Geb\u00e4udestruktur &#8211; ausgelegt f\u00fcr Ihr Business. Zentrale [&hellip;]<\/p>\n","protected":false},"author":1,"featured_media":0,"parent":0,"menu_order":0,"comment_status":"closed","ping_status":"closed","template":"page-fullwidth.php","meta":{"footnotes":"","_links_to":"","_links_to_target":""},"class_list":["post-10380","page","type-page","status-publish","hentry","no-featured-image"],"_links":{"self":[{"href":"https:\/\/b6-office.de\/index.php?rest_route=\/wp\/v2\/pages\/10380","targetHints":{"allow":["GET"]}}],"collection":[{"href":"https:\/\/b6-office.de\/index.php?rest_route=\/wp\/v2\/pages"}],"about":[{"href":"https:\/\/b6-office.de\/index.php?rest_route=\/wp\/v2\/types\/page"}],"author":[{"embeddable":true,"href":"https:\/\/b6-office.de\/index.php?rest_route=\/wp\/v2\/users\/1"}],"replies":[{"embeddable":true,"href":"https:\/\/b6-office.de\/index.php?rest_route=%2Fwp%2Fv2%2Fcomments&post=10380"}],"version-history":[{"count":5,"href":"https:\/\/b6-office.de\/index.php?rest_route=\/wp\/v2\/pages\/10380\/revisions"}],"predecessor-version":[{"id":16436,"href":"https:\/\/b6-office.de\/index.php?rest_route=\/wp\/v2\/pages\/10380\/revisions\/16436"}],"wp:attachment":[{"href":"https:\/\/b6-office.de\/index.php?rest_route=%2Fwp%2Fv2%2Fmedia&parent=10380"}],"curies":[{"name":"wp","href":"https:\/\/api.w.org\/{rel}","templated":true}]}}