{"id":10386,"date":"2017-03-14T14:32:58","date_gmt":"2017-03-14T13:32:58","guid":{"rendered":"http:\/\/b6-office.de\/?page_id=10386"},"modified":"2017-10-11T11:04:16","modified_gmt":"2017-10-11T09:04:16","slug":"s5","status":"publish","type":"page","link":"https:\/\/b6-office.de\/?page_id=10386","title":{"rendered":"S5 Ihr B\u00fcro ist ein B\u00fcro-Modul. Ihr Arbeitswerkzeug!"},"content":{"rendered":"<p>Das Wort &#8222;B\u00fcro-Modul&#8220; bekommt im Hause b6-office eine wirkungsvolle Bedeutung.<br \/>\nDenn je nach Anforderungszweck k\u00f6nnen Sie f\u00fcr Ihren Gesch\u00e4ftsbereich<br \/>\nIhr B\u00fcro schnell und unkompliziert an Ihre Expansion erweitern,<br \/>\noder wenn geplant, auch einfach auf notwendige Gr\u00f6\u00dfe zusammenschrumpfen.<\/p>\n<p>Betrachten Sie Ihr B\u00fcro als Werkzeug f\u00fcr Ihre Arbeit.<br \/>\nAls Werkzeug f\u00fcr Ihren unternehmerischen Erfolg.<\/p>\n<p>Da kann es durchaus sinnvoll sein, das diese Werkzeug gen\u00fcgend Flexibili\u00e4t hat,<br \/>\nsich an Ihre Bedr\u00fcfnisse anzupassen.<br \/>\nDie B\u00fcro-Modulgr\u00f6\u00dfen sind immer gerundet 30qm, und je nach Verf\u00fcgbarkeit,<br \/>\nsind die B\u00fcro-Einheiten nebeneinander oder gegen\u00fcber.<\/p>\n","protected":false},"excerpt":{"rendered":"<p>Das Wort &#8222;B\u00fcro-Modul&#8220; bekommt im Hause b6-office eine wirkungsvolle Bedeutung. Denn je nach Anforderungszweck k\u00f6nnen Sie f\u00fcr Ihren Gesch\u00e4ftsbereich Ihr [&hellip;]<\/p>\n","protected":false},"author":1,"featured_media":0,"parent":0,"menu_order":0,"comment_status":"closed","ping_status":"closed","template":"page-fullwidth.php","meta":{"footnotes":"","_links_to":"","_links_to_target":""},"class_list":["post-10386","page","type-page","status-publish","hentry","no-featured-image"],"_links":{"self":[{"href":"https:\/\/b6-office.de\/index.php?rest_route=\/wp\/v2\/pages\/10386","targetHints":{"allow":["GET"]}}],"collection":[{"href":"https:\/\/b6-office.de\/index.php?rest_route=\/wp\/v2\/pages"}],"about":[{"href":"https:\/\/b6-office.de\/index.php?rest_route=\/wp\/v2\/types\/page"}],"author":[{"embeddable":true,"href":"https:\/\/b6-office.de\/index.php?rest_route=\/wp\/v2\/users\/1"}],"replies":[{"embeddable":true,"href":"https:\/\/b6-office.de\/index.php?rest_route=%2Fwp%2Fv2%2Fcomments&post=10386"}],"version-history":[{"count":4,"href":"https:\/\/b6-office.de\/index.php?rest_route=\/wp\/v2\/pages\/10386\/revisions"}],"predecessor-version":[{"id":10938,"href":"https:\/\/b6-office.de\/index.php?rest_route=\/wp\/v2\/pages\/10386\/revisions\/10938"}],"wp:attachment":[{"href":"https:\/\/b6-office.de\/index.php?rest_route=%2Fwp%2Fv2%2Fmedia&parent=10386"}],"curies":[{"name":"wp","href":"https:\/\/api.w.org\/{rel}","templated":true}]}}