{"id":10392,"date":"2017-03-14T14:33:22","date_gmt":"2017-03-14T13:33:22","guid":{"rendered":"http:\/\/b6-office.de\/?page_id=10392"},"modified":"2019-09-26T12:24:55","modified_gmt":"2019-09-26T10:24:55","slug":"s8","status":"publish","type":"page","link":"https:\/\/b6-office.de\/?page_id=10392","title":{"rendered":"S8 Bester Strompreis f\u00fcr b6-office &#8211; Nutzer!"},"content":{"rendered":"<p><strong>Unglaublich aber wahr! <\/strong>b6-office produziert den Strom selbst!<br \/>\nMit unserem gasbetriebenen, leistungsf\u00e4higen BHKW (Blockheizkraftwerk) produzieren<br \/>\nwir einen Teil der Heiz- und Stromleistung des Geb\u00e4udes selbst. Das bedeutet, das das<br \/>\nb6-office, ausgerichtet nach der ENEV 55, eine hervorragende Energiebilanz hat!<br \/>\nDiesen Vorteil geben wir an unsere Mieter\/Nutzer weiter.<br \/>\nZus\u00e4tzlich haben wir nat\u00fcrlich auch einen normalen Stromanschluss<br \/>\nund eine moderne energiesparende Brennwerttherme, so das wir<br \/>\nf\u00fcr alle Eventualit\u00e4ten ger\u00fcstet sind.<\/p>\n<p>Den prozentualen Eigenanteil der selbsterzeugten Stromenergie\/kwh stellen wir<br \/>\nunseren Geb\u00e4udenutzern zu einem attraktiven Preis zur Verf\u00fcgung!<\/p>\n<p><a href=\"https:\/\/b6-office.de\/wp-content\/uploads\/2017\/03\/energieausweis-aushang-b6-office.png\"><img loading=\"lazy\" decoding=\"async\" class=\"alignnone  wp-image-15128\" alt=\"energieausweis-aushang-b6-office\" src=\"https:\/\/b6-office.de\/wp-content\/uploads\/2017\/03\/energieausweis-aushang-b6-office-737x1024.png\" width=\"516\" height=\"717\" srcset=\"https:\/\/b6-office.de\/wp-content\/uploads\/2017\/03\/energieausweis-aushang-b6-office-737x1024.png 737w, https:\/\/b6-office.de\/wp-content\/uploads\/2017\/03\/energieausweis-aushang-b6-office-745x1034.png 745w, https:\/\/b6-office.de\/wp-content\/uploads\/2017\/03\/energieausweis-aushang-b6-office-215x300.png 215w, https:\/\/b6-office.de\/wp-content\/uploads\/2017\/03\/energieausweis-aushang-b6-office.png 812w\" sizes=\"auto, (max-width: 516px) 100vw, 516px\" \/><\/a><\/p>\n<p>&nbsp;<\/p>\n","protected":false},"excerpt":{"rendered":"<p>Unglaublich aber wahr! b6-office produziert den Strom selbst! Mit unserem gasbetriebenen, leistungsf\u00e4higen BHKW (Blockheizkraftwerk) produzieren wir einen Teil der Heiz- [&hellip;]<\/p>\n","protected":false},"author":1,"featured_media":0,"parent":0,"menu_order":0,"comment_status":"closed","ping_status":"closed","template":"page-fullwidth.php","meta":{"footnotes":"","_links_to":"","_links_to_target":""},"class_list":["post-10392","page","type-page","status-publish","hentry","no-featured-image"],"_links":{"self":[{"href":"https:\/\/b6-office.de\/index.php?rest_route=\/wp\/v2\/pages\/10392","targetHints":{"allow":["GET"]}}],"collection":[{"href":"https:\/\/b6-office.de\/index.php?rest_route=\/wp\/v2\/pages"}],"about":[{"href":"https:\/\/b6-office.de\/index.php?rest_route=\/wp\/v2\/types\/page"}],"author":[{"embeddable":true,"href":"https:\/\/b6-office.de\/index.php?rest_route=\/wp\/v2\/users\/1"}],"replies":[{"embeddable":true,"href":"https:\/\/b6-office.de\/index.php?rest_route=%2Fwp%2Fv2%2Fcomments&post=10392"}],"version-history":[{"count":6,"href":"https:\/\/b6-office.de\/index.php?rest_route=\/wp\/v2\/pages\/10392\/revisions"}],"predecessor-version":[{"id":15785,"href":"https:\/\/b6-office.de\/index.php?rest_route=\/wp\/v2\/pages\/10392\/revisions\/15785"}],"wp:attachment":[{"href":"https:\/\/b6-office.de\/index.php?rest_route=%2Fwp%2Fv2%2Fmedia&parent=10392"}],"curies":[{"name":"wp","href":"https:\/\/api.w.org\/{rel}","templated":true}]}}