{"id":10394,"date":"2017-03-14T14:33:30","date_gmt":"2017-03-14T13:33:30","guid":{"rendered":"http:\/\/b6-office.de\/?page_id=10394"},"modified":"2021-10-28T15:41:39","modified_gmt":"2021-10-28T13:41:39","slug":"s9","status":"publish","type":"page","link":"https:\/\/b6-office.de\/?page_id=10394","title":{"rendered":"S9 Das Mietangebot richtet sich nach der Mietlaufzeit."},"content":{"rendered":"<p>F\u00fcr unsere b6-office-Mieter stets der beste Mietpreis mit dem besten Rund-Um-Paket.<\/p>\n<p>F\u00fcr Sparf\u00fcchse haben wir besonders niedrige 10-Jahres-Mietvertr\u00e4ge,<br \/>\nso das Sie langfristig sich den besten Mietzins sichern k\u00f6nnen.<br \/>\nBesonders flexibel sind Sie mit den Kurzzeit Jahrs- und 3 Jahresvertr\u00e4gen.<br \/>\nF\u00fcr Spontan-Mieter haben wir Wochen und Monatslaufzeiten.<\/p>\n<p>Sie m\u00f6chten Ihr Geld mit 2,5% oder mehr Zinsen anlegen?<br \/>\nDann legen Sie doch Ihren Mietzins an, \u00fcberweisen im Voraus den<br \/>\nJahresmietbetrag in einer Summe und ziehen sich den Sonderzinsnachlass einfach ab.<br \/>\nEine der besten Geldanlagen, sicher und bequem verg\u00fcnstigen Sie sich so Ihre Miete,<br \/>\nsichern Ihr B\u00fcro und geniesen den Zinsvorteil nach Wahl.<\/p>\n<p>F\u00fcr Reisende, Messe- und Vertriebsfirmen bieten wir auch Tages- und Wochentarife an.<br \/>\nF\u00fcr jeden das richtige Angebot &#8211;<br \/>\nf\u00fcr jeden Mieter das beste Angebot!<\/p>\n","protected":false},"excerpt":{"rendered":"<p>F\u00fcr unsere b6-office-Mieter stets der beste Mietpreis mit dem besten Rund-Um-Paket. F\u00fcr Sparf\u00fcchse haben wir besonders niedrige 10-Jahres-Mietvertr\u00e4ge, so das [&hellip;]<\/p>\n","protected":false},"author":1,"featured_media":0,"parent":0,"menu_order":0,"comment_status":"closed","ping_status":"closed","template":"page-fullwidth.php","meta":{"footnotes":"","_links_to":"","_links_to_target":""},"class_list":["post-10394","page","type-page","status-publish","hentry","no-featured-image"],"_links":{"self":[{"href":"https:\/\/b6-office.de\/index.php?rest_route=\/wp\/v2\/pages\/10394","targetHints":{"allow":["GET"]}}],"collection":[{"href":"https:\/\/b6-office.de\/index.php?rest_route=\/wp\/v2\/pages"}],"about":[{"href":"https:\/\/b6-office.de\/index.php?rest_route=\/wp\/v2\/types\/page"}],"author":[{"embeddable":true,"href":"https:\/\/b6-office.de\/index.php?rest_route=\/wp\/v2\/users\/1"}],"replies":[{"embeddable":true,"href":"https:\/\/b6-office.de\/index.php?rest_route=%2Fwp%2Fv2%2Fcomments&post=10394"}],"version-history":[{"count":4,"href":"https:\/\/b6-office.de\/index.php?rest_route=\/wp\/v2\/pages\/10394\/revisions"}],"predecessor-version":[{"id":16439,"href":"https:\/\/b6-office.de\/index.php?rest_route=\/wp\/v2\/pages\/10394\/revisions\/16439"}],"wp:attachment":[{"href":"https:\/\/b6-office.de\/index.php?rest_route=%2Fwp%2Fv2%2Fmedia&parent=10394"}],"curies":[{"name":"wp","href":"https:\/\/api.w.org\/{rel}","templated":true}]}}