{"id":10398,"date":"2017-03-14T14:33:47","date_gmt":"2017-03-14T13:33:47","guid":{"rendered":"http:\/\/b6-office.de\/?page_id=10398"},"modified":"2017-10-11T12:43:23","modified_gmt":"2017-10-11T10:43:23","slug":"s11","status":"publish","type":"page","link":"https:\/\/b6-office.de\/?page_id=10398","title":{"rendered":"S11 Eine gute B\u00fcro-Lage entscheidet \u00fcber Ihren Erfolg!"},"content":{"rendered":"<p><strong>Ein guter B\u00fcrostandort ist unbezahlbar!<\/strong><br \/>\nSie sparen viel Zeit bei der Anfahrt.<br \/>\nWer einmal einen Termin in der City hatte und minutenlang im Kreis fuhr,<br \/>\num einen geeigneten Parkplatz f\u00fcr sein Auto zu finden, der weis,<br \/>\neine gute Parkplatzstruktur bei einem B\u00fcrogeb\u00e4ude zu sch\u00e4tzen!<br \/>\n<strong>Hier ein Beispiel:<\/strong><br \/>\nWenn Sie t\u00e4glich 3 Min. mit der Parkplatzsuche verplempern,<br \/>\ndann sind das bei durchschnittlich 2x t\u00e4glicher Anfahrt zum B\u00fcro<br \/>\nim Durchschnitt 500x im Jahr!<br \/>\n<strong>Bei 3 Min.<\/strong> sind das mal eben 1.500 Min. in einem Jahr,<br \/>\noder 15.000 Min. in 10 Jahren, die Sie mit unsinniger Parkplatzsucherei verplempern.<\/p>\n<p>Das sind bei 8 Std. (480 Min.\/Tag) Arbeitszeit auf 10 Jahren volle 31 Arbeitstage<br \/>\nin 10 Jahren die sich summieren, die Sie nur f\u00fcr Parkplatzsuche verschwenden.<br \/>\n<strong>31 Tage unbezahlte Mehrarbeit! in 10 Jahren!<\/strong><br \/>\nDazu kommt der Sprit den Sie f\u00fcr Ihr Auto ben\u00f6tigen, denn Sucherei ist teuer!<\/p>\n<p>Die N\u00e4he zur B6 ist ein unsch\u00e4tzbarer Wert um schnell zum B\u00fcro zu kommen,<br \/>\noder auch schnell auf die BAB, zur City Hannover, oder nur mal eben zum B\u00e4cker<br \/>\noder zum t\u00e4glichen Essen um die N\u00e4he\/ um die Ecke.<br \/>\nDa summieren sich schnell \u00e4hnliche Zahlen wie oben zusammen,<br \/>\ndenn Sie m\u00fcssen t\u00e4glich Essen, haben schon \u00f6fters den Weg zur Post oder<br \/>\nzur Bank vor sich,<br \/>\nund wenn die Autobahn nur 2 Minuten weg ist, ist das besser,<br \/>\nals wenn Sie erstmal 10 Min. aus der City raus brauchen,<br \/>\num \u00fcberhaupt zur Autobahn zu kommen.<\/p>\n<p><strong>Rechnen Sie mal klug nach, selbst wenn der Standort nur um 1.000m <\/strong><br \/>\n<strong>falsch ausgesucht wurde, kommt Sie das in Lauf der Zeit unn\u00f6tig teuer zu stehen!<\/strong><\/p>\n<p>Deswegen pr\u00fcfen Sie die Lage Ihres B\u00fcrostandortes sehr genau;<br \/>\nunsere Argumente sind unschlagbar.<br \/>\nDer Standort b6-office ist Gold wert, oder anders ausgedr\u00fcckt, bares Geld wert!<\/p>\n","protected":false},"excerpt":{"rendered":"<p>Ein guter B\u00fcrostandort ist unbezahlbar! Sie sparen viel Zeit bei der Anfahrt. Wer einmal einen Termin in der City hatte [&hellip;]<\/p>\n","protected":false},"author":1,"featured_media":0,"parent":0,"menu_order":0,"comment_status":"closed","ping_status":"closed","template":"page-fullwidth.php","meta":{"footnotes":"","_links_to":"","_links_to_target":""},"class_list":["post-10398","page","type-page","status-publish","hentry","no-featured-image"],"_links":{"self":[{"href":"https:\/\/b6-office.de\/index.php?rest_route=\/wp\/v2\/pages\/10398","targetHints":{"allow":["GET"]}}],"collection":[{"href":"https:\/\/b6-office.de\/index.php?rest_route=\/wp\/v2\/pages"}],"about":[{"href":"https:\/\/b6-office.de\/index.php?rest_route=\/wp\/v2\/types\/page"}],"author":[{"embeddable":true,"href":"https:\/\/b6-office.de\/index.php?rest_route=\/wp\/v2\/users\/1"}],"replies":[{"embeddable":true,"href":"https:\/\/b6-office.de\/index.php?rest_route=%2Fwp%2Fv2%2Fcomments&post=10398"}],"version-history":[{"count":8,"href":"https:\/\/b6-office.de\/index.php?rest_route=\/wp\/v2\/pages\/10398\/revisions"}],"predecessor-version":[{"id":10959,"href":"https:\/\/b6-office.de\/index.php?rest_route=\/wp\/v2\/pages\/10398\/revisions\/10959"}],"wp:attachment":[{"href":"https:\/\/b6-office.de\/index.php?rest_route=%2Fwp%2Fv2%2Fmedia&parent=10398"}],"curies":[{"name":"wp","href":"https:\/\/api.w.org\/{rel}","templated":true}]}}