{"id":10400,"date":"2017-03-14T14:33:57","date_gmt":"2017-03-14T13:33:57","guid":{"rendered":"http:\/\/b6-office.de\/?page_id=10400"},"modified":"2017-10-11T12:59:09","modified_gmt":"2017-10-11T10:59:09","slug":"s12","status":"publish","type":"page","link":"https:\/\/b6-office.de\/?page_id=10400","title":{"rendered":"S12 Garbsen bietet eine gute Infrastruktur!"},"content":{"rendered":"<p><strong>Alles in der N\u00e4he!\u00a0 Carpe diem!\u00a0 &#8211; Nutze den Tag!-<\/strong><br \/>\nDer perfekte B\u00fcrostandort hat nicht nur ein B\u00fcro zu bieten,<br \/>\nsondern auch ein gutes Umfeld!<br \/>\n&#8211; Unmittelbar in der N\u00e4he haben wir sehr gute Restaurants, Cafes, Bistros<br \/>\nf\u00fcr den kleinen oder gro\u00dfen Hunger, f\u00fcr das Gesch\u00e4ftsessen oder die t\u00e4gliche<br \/>\nErn\u00e4hrung, die ein jeder so brauch.<br \/>\n&#8211; B\u00e4cker, Eis-Cafe, D\u00f6ner oder Pommes? oder Superm\u00e4rkte, alles ist<br \/>\nn\u00e4her dran als Sie denken.<br \/>\n&#8211; Ihr Firmenwagen streikt? Mercedes ist gegen\u00fcber und andere Markenh\u00e4ndler<br \/>\nund Werkst\u00e4tten sind zahlreich nicht weit entfernt!<br \/>\nUnd wenn die Pause kommt, dann ist der Garbsener Stadtpark direkt nebenan<br \/>\nund l\u00e4dt zum Spaziergang oder im Sommer zum schwimmen ein.<\/p>\n<p><strong>B\u00fcro und Naherholung ganz nah zusammen, das geht mit dem b6-office.<\/strong><\/p>\n","protected":false},"excerpt":{"rendered":"<p>Alles in der N\u00e4he!\u00a0 Carpe diem!\u00a0 &#8211; Nutze den Tag!- Der perfekte B\u00fcrostandort hat nicht nur ein B\u00fcro zu bieten, [&hellip;]<\/p>\n","protected":false},"author":1,"featured_media":0,"parent":0,"menu_order":0,"comment_status":"closed","ping_status":"closed","template":"page-fullwidth.php","meta":{"footnotes":"","_links_to":"","_links_to_target":""},"class_list":["post-10400","page","type-page","status-publish","hentry","no-featured-image"],"_links":{"self":[{"href":"https:\/\/b6-office.de\/index.php?rest_route=\/wp\/v2\/pages\/10400","targetHints":{"allow":["GET"]}}],"collection":[{"href":"https:\/\/b6-office.de\/index.php?rest_route=\/wp\/v2\/pages"}],"about":[{"href":"https:\/\/b6-office.de\/index.php?rest_route=\/wp\/v2\/types\/page"}],"author":[{"embeddable":true,"href":"https:\/\/b6-office.de\/index.php?rest_route=\/wp\/v2\/users\/1"}],"replies":[{"embeddable":true,"href":"https:\/\/b6-office.de\/index.php?rest_route=%2Fwp%2Fv2%2Fcomments&post=10400"}],"version-history":[{"count":3,"href":"https:\/\/b6-office.de\/index.php?rest_route=\/wp\/v2\/pages\/10400\/revisions"}],"predecessor-version":[{"id":10961,"href":"https:\/\/b6-office.de\/index.php?rest_route=\/wp\/v2\/pages\/10400\/revisions\/10961"}],"wp:attachment":[{"href":"https:\/\/b6-office.de\/index.php?rest_route=%2Fwp%2Fv2%2Fmedia&parent=10400"}],"curies":[{"name":"wp","href":"https:\/\/api.w.org\/{rel}","templated":true}]}}