{"id":10404,"date":"2017-03-14T14:34:14","date_gmt":"2017-03-14T13:34:14","guid":{"rendered":"http:\/\/b6-office.de\/?page_id=10404"},"modified":"2021-10-28T16:16:06","modified_gmt":"2021-10-28T14:16:06","slug":"s14","status":"publish","type":"page","link":"https:\/\/b6-office.de\/?page_id=10404","title":{"rendered":"S14 Seit Oktober 2020 wieder frei!"},"content":{"rendered":"<p>Im b6-front-office warten auch B\u00fcror\u00e4ume auf Sie!<br \/>\nInsgesamt haben wir dort 10 m\u00f6gliche B\u00fcrokombinationen.<br \/>\nFragen Sie bei uns an, f\u00fcr wieviel Mitarbeiter Sie B\u00fcrofl\u00e4che suchen,<br \/>\nbestimmt haben wir was frei!<br \/>\nIhre Anfrage bitte an <a href=\"mailto:info@b6-office.de\">b6-office.de<\/a> .<\/p>\n<p>Bei dem Slidermotiv \u201eHier klicken!\u201c euinsetzen und<br \/>\nim roten Feld folgenden Text:<br \/>\nHier ein erster \u00dcberblick<br \/>\nder m\u00f6glichen B\u00fcrofl\u00e4chen.<br \/>\nFragen Sie bei uns an.<\/p>\n","protected":false},"excerpt":{"rendered":"<p>Im b6-front-office warten auch B\u00fcror\u00e4ume auf Sie! Insgesamt haben wir dort 10 m\u00f6gliche B\u00fcrokombinationen. Fragen Sie bei uns an, f\u00fcr [&hellip;]<\/p>\n","protected":false},"author":1,"featured_media":0,"parent":0,"menu_order":0,"comment_status":"closed","ping_status":"closed","template":"page-fullwidth.php","meta":{"footnotes":"","_links_to":"","_links_to_target":""},"class_list":["post-10404","page","type-page","status-publish","hentry","no-featured-image"],"_links":{"self":[{"href":"https:\/\/b6-office.de\/index.php?rest_route=\/wp\/v2\/pages\/10404","targetHints":{"allow":["GET"]}}],"collection":[{"href":"https:\/\/b6-office.de\/index.php?rest_route=\/wp\/v2\/pages"}],"about":[{"href":"https:\/\/b6-office.de\/index.php?rest_route=\/wp\/v2\/types\/page"}],"author":[{"embeddable":true,"href":"https:\/\/b6-office.de\/index.php?rest_route=\/wp\/v2\/users\/1"}],"replies":[{"embeddable":true,"href":"https:\/\/b6-office.de\/index.php?rest_route=%2Fwp%2Fv2%2Fcomments&post=10404"}],"version-history":[{"count":4,"href":"https:\/\/b6-office.de\/index.php?rest_route=\/wp\/v2\/pages\/10404\/revisions"}],"predecessor-version":[{"id":16444,"href":"https:\/\/b6-office.de\/index.php?rest_route=\/wp\/v2\/pages\/10404\/revisions\/16444"}],"wp:attachment":[{"href":"https:\/\/b6-office.de\/index.php?rest_route=%2Fwp%2Fv2%2Fmedia&parent=10404"}],"curies":[{"name":"wp","href":"https:\/\/api.w.org\/{rel}","templated":true}]}}