{"id":10406,"date":"2017-03-14T14:34:23","date_gmt":"2017-03-14T13:34:23","guid":{"rendered":"http:\/\/b6-office.de\/?page_id=10406"},"modified":"2021-10-28T16:13:44","modified_gmt":"2021-10-28T14:13:44","slug":"s16","status":"publish","type":"page","link":"https:\/\/b6-office.de\/?page_id=10406","title":{"rendered":"S15 Ihr perfekter B\u00fcrostandort!"},"content":{"rendered":"<div>\n<div id=\"primary\">\n<article id=\"post-5258\">\n<div>\n<header>\n<h1>Herzlich Willkommen beim <a href=\"https:\/\/b6-office.de\" target=\"_blank\">b6-office.de<\/a>.<\/h1>\n<\/header>\n<div>\n<p>Sie suchen funktionale B\u00fcror\u00e4ume?<br \/>\nSie m\u00f6chten Ihr Firma verkleinern? oder vergr\u00f6\u00dfern?<\/p>\n<p><strong>Mit den b6-office-B\u00fcromodulen stellen Sie sich in 30qm Modulgr\u00f6\u00dfen<br \/>\nIhre perfekte B\u00fcrofl\u00e4che selbst zusammen:<br \/>\n30 \/ 60 \/ 90 \/ 120 \/ 150 qm usw. <\/strong><strong><\/strong><br \/>\nPerfekt f\u00fcr Ihr Erstb\u00fcro \u2013 der g\u00fcnstige Einstieg in die Selbst\u00e4ndigkeit.<br \/>\nPerfekt f\u00fcr Ihre Niederlassung \u2013 komfortabel in bester Lage.<br \/>\nPerfekt als Verkaufsb\u00fcro, denn im b6-office finden Sie alle Annehmlichkeiten<br \/>\nunter einem Dach.<\/p>\n<p><strong>Modernste Technologie finden Sie im b6-office \u2013 das spart erheblich an Nebenkosten:<\/strong><br \/>\n&#8211; alle Beleuchtungen auf LED-Basis<br \/>\n&#8211; modernstes Blockheizkraftwerk f\u00fcr Strom- und Heizenergieversorgung<br \/>\n&#8211; extrem g\u00fcnstige Energiekosten f\u00fcr alle Nutzer\/Mieter \u2013 siehe <a title=\"Der direkte Klick zum b6-energiekonzept.\" href=\"https:\/\/b6-office.de\/b6-energie\" target=\"_blank\">b6-energie<\/a><br \/>\n&#8211; modernste und hervorragend isolierte Massiv-Bauweise nach ENEV55<br \/>\n&#8211; topp Energieausweis f\u00fcr das Geb\u00e4ude mit erstklassigen Werten<br \/>\n&#8211; Highspeed-Internetzug\u00e4nge durch Glasfaserkabel in allen B\u00fcros!<br \/>\n&#8211; Funktionale Schliessanlage f\u00fcr alle Mieter<br \/>\n&#8211; helle freundliche B\u00fcror\u00e4ume mit modernen Design<br \/>\n&#8211; Ihre eigene Teek\u00fcche \u2013 Ihr eigenes WC und eigenes Bad. Perfekt!<br \/>\n&#8211; mit benutzerfreundlichen Aufzug \u2013 kein nerviges Treppensteigen.<br \/>\n&#8211; Behinderten WC f\u00fcr Nutzer und G\u00e4ste im EG<br \/>\n&#8211; Raucherterrasse und Dachterrasse, u.a. mit Ausblick \u00fcber Garbsen\/Berenbostel<br \/>\n&#8211; Penthaus mit sep. Dachterrasse<br \/>\n&#8211; G\u00fcnstige Besprechungs- und Schulungsr\u00e4ume<br \/>\nSie zahlen nur, wenn Sie diese wirklich benutzen.<br \/>\nDurch unser Spar-ABO buchen Sie den Besprechungsraum besonders g\u00fcnstig.<\/p>\n<p><strong>Sparen Sie bis zu 70% Ihrer B\u00fcrokosten durch optimierte Raumausnutzung!<\/strong><br \/>\nSie haben bereits B\u00fcrom\u00f6bel, dann bringen Sie sie mit!<br \/>\nOder nutzen unseren g\u00fcnstigen Mietservice f\u00fcr modernes, professionelles<br \/>\nMobiliar wie Tische, St\u00fchle, Schreibtische, Schr\u00e4nke, Boards bis zur Garderobe und M\u00fclleimer.<br \/>\nUnser technischer b6-Hausmeister steht f\u00fcr Handlingsaufgaben optional zur Verf\u00fcgung.<\/p>\n<p><strong>Sie k\u00f6nnen sofort mit Ihrer Arbeit loslegen.<br \/>\n<\/strong>Kein warten auf den Monatsersten, denn unsere Mietzeiten beginnen<br \/>\nnach Wunsch sofort, auch schon heute!<br \/>\nKeine Mietbindung, da b6-office auch tage-, wochen- oder monatsweise vermietet.<br \/>\nOder mit Mietzins-Garantie mit einem g\u00fcnstigen 1-, 3-, 5-, und 10-Jahresvertrag.<\/p>\n<p><strong>Klare Preise, keine verdeckte Kosten, alles \u00fcbersichtlich!<\/strong><br \/>\nB\u00fcro vergr\u00f6\u00dfern oder verkleinern? Kein Problem, wir sind flexibel und<br \/>\npassen uns stets an Ihren W\u00fcnschen an.<br \/>\nSo wie Sie es gesch\u00e4ftlich ben\u00f6tigen.<br \/>\nSie binden keine leerstehenden R\u00e4ume, Sie zahlen nur das, was Sie nutzen!<\/p>\n<p><strong>b6-office bietet den besten Service:<\/strong> Drucker, Fax- und Kopierger\u00e4te, Scanservice<br \/>\nPost- und Paketservice, alles was Ihr B\u00fcro ben\u00f6tigt.<br \/>\nInternet und Telefon je B\u00fcroeinheit.<br \/>\nParkpl\u00e4tze direkt vor der T\u00fcr.<br \/>\nWir versorgen Sie mit B\u00fcromaterial, g\u00fcnstig und schnell \u2013 <strong>Das perfekte B\u00fcro!<\/strong><\/p>\n<p><strong>Mit der b6-Rezeption bieten wir einen umfangreichen Business-Service:<\/strong><br \/>\nSchreibarbeiten, Texten, mailen, empfangen, telefonieren, akquirieren \u2013 all in!<br \/>\nPrint-, Scan-, Fax- und Kopier- und Sekretariatsservice.<br \/>\nNachrichten- Post-, Paketaufnahme und Einlagerung wenn Sie verreist sind.<br \/>\nOnlinedienste wie Besorgung Catering, Flugreisen, Hotelbuchungen uvm.<\/p>\n<p><strong>Sprechen Sie uns an. Tel.: 0511\/9200 000<\/strong><\/p>\n<\/div>\n<\/div>\n<\/article>\n<\/div>\n<\/div>\n","protected":false},"excerpt":{"rendered":"<p>Herzlich Willkommen beim b6-office.de. Sie suchen funktionale B\u00fcror\u00e4ume? Sie m\u00f6chten Ihr Firma verkleinern? oder vergr\u00f6\u00dfern? Mit den b6-office-B\u00fcromodulen stellen Sie [&hellip;]<\/p>\n","protected":false},"author":1,"featured_media":0,"parent":0,"menu_order":0,"comment_status":"closed","ping_status":"closed","template":"page-fullwidth.php","meta":{"footnotes":"","_links_to":"","_links_to_target":""},"class_list":["post-10406","page","type-page","status-publish","hentry","no-featured-image"],"_links":{"self":[{"href":"https:\/\/b6-office.de\/index.php?rest_route=\/wp\/v2\/pages\/10406","targetHints":{"allow":["GET"]}}],"collection":[{"href":"https:\/\/b6-office.de\/index.php?rest_route=\/wp\/v2\/pages"}],"about":[{"href":"https:\/\/b6-office.de\/index.php?rest_route=\/wp\/v2\/types\/page"}],"author":[{"embeddable":true,"href":"https:\/\/b6-office.de\/index.php?rest_route=\/wp\/v2\/users\/1"}],"replies":[{"embeddable":true,"href":"https:\/\/b6-office.de\/index.php?rest_route=%2Fwp%2Fv2%2Fcomments&post=10406"}],"version-history":[{"count":6,"href":"https:\/\/b6-office.de\/index.php?rest_route=\/wp\/v2\/pages\/10406\/revisions"}],"predecessor-version":[{"id":16443,"href":"https:\/\/b6-office.de\/index.php?rest_route=\/wp\/v2\/pages\/10406\/revisions\/16443"}],"wp:attachment":[{"href":"https:\/\/b6-office.de\/index.php?rest_route=%2Fwp%2Fv2%2Fmedia&parent=10406"}],"curies":[{"name":"wp","href":"https:\/\/api.w.org\/{rel}","templated":true}]}}