{"id":10727,"date":"2017-08-22T07:56:13","date_gmt":"2017-08-22T05:56:13","guid":{"rendered":"http:\/\/b6-office.de\/?page_id=10727"},"modified":"2018-11-01T08:12:15","modified_gmt":"2018-11-01T07:12:15","slug":"informationen","status":"publish","type":"page","link":"https:\/\/b6-office.de\/?page_id=10727","title":{"rendered":"Hier alle Infos \u00fcber b6-office.de."},"content":{"rendered":"<h1><strong>Details und Serviceleistungen:<\/strong><\/h1>\n<p><a href=\"https:\/\/b6-office.de\/wp-content\/uploads\/2017\/08\/b6-office-serviceleistungen-ausstattungsdetails1.png\"><img loading=\"lazy\" decoding=\"async\" class=\"alignnone size-full wp-image-10750\" alt=\"b6-office-serviceleistungen-ausstattungsdetails\" src=\"https:\/\/b6-office.de\/wp-content\/uploads\/2017\/08\/b6-office-serviceleistungen-ausstattungsdetails1.png\" width=\"2583\" height=\"1476\" srcset=\"https:\/\/b6-office.de\/wp-content\/uploads\/2017\/08\/b6-office-serviceleistungen-ausstattungsdetails1.png 2583w, https:\/\/b6-office.de\/wp-content\/uploads\/2017\/08\/b6-office-serviceleistungen-ausstattungsdetails1-745x425.png 745w, https:\/\/b6-office.de\/wp-content\/uploads\/2017\/08\/b6-office-serviceleistungen-ausstattungsdetails1-300x171.png 300w, https:\/\/b6-office.de\/wp-content\/uploads\/2017\/08\/b6-office-serviceleistungen-ausstattungsdetails1-1024x585.png 1024w\" sizes=\"auto, (max-width: 2583px) 100vw, 2583px\" \/><\/a><\/p>\n<h3><div id=\"wpgmza_map\" class=\"wpgmza_map\" data-settings='{\"id\":\"1\",\"map_title\":\"b6-office\",\"map_width\":\"100\",\"map_height\":\"300\",\"map_start_lat\":\"52.432363\",\"map_start_lng\":\"9.611868\",\"map_start_location\":\"52.4323630998196,9.611868409271187\",\"map_start_zoom\":\"11\",\"default_marker\":\"0\",\"type\":\"1\",\"alignment\":\"1\",\"directions_enabled\":\"1\",\"styling_enabled\":\"0\",\"styling_json\":\"\",\"active\":\"0\",\"kml\":\"\",\"bicycle\":\"0\",\"traffic\":\"0\",\"dbox\":\"1\",\"dbox_width\":\"100\",\"listmarkers\":\"0\",\"listmarkers_advanced\":\"0\",\"filterbycat\":\"0\",\"ugm_enabled\":\"0\",\"ugm_category_enabled\":\"0\",\"fusion\":\"\",\"map_width_type\":\"\\\\%\",\"map_height_type\":\"px\",\"mass_marker_support\":\"1\",\"ugm_access\":\"0\",\"order_markers_by\":\"1\",\"order_markers_choice\":\"2\",\"show_user_location\":\"0\",\"default_to\":\"\",\"other_settings\":{\"store_locator_enabled\":2,\"store_locator_distance\":2,\"store_locator_default_radius\":\"10\",\"store_locator_not_found_message\":\"No results found in this location. Please try again.\",\"store_locator_bounce\":1,\"store_locator_query_string\":\"ZIP \\\/ Address:\",\"store_locator_default_address\":\"Bremer Stra\\u00dfe 29 30826 Garbsen\",\"wpgmza_store_locator_restrict\":\"\",\"map_max_zoom\":\"1\",\"transport_layer\":0,\"wpgmza_theme_data\":\"[{\\\\\\\"featureType\\\\\\\":\\\\\\\"landscape\\\\\\\",\\\\\\\"stylers\\\\\\\":[{\\\\\\\"saturation\\\\\\\":-100},{\\\\\\\"lightness\\\\\\\":65},{\\\\\\\"visibility\\\\\\\":\\\\\\\"on\\\\\\\"}]},{\\\\\\\"featureType\\\\\\\":\\\\\\\"poi\\\\\\\",\\\\\\\"stylers\\\\\\\":[{\\\\\\\"saturation\\\\\\\":-100},{\\\\\\\"lightness\\\\\\\":51},{\\\\\\\"visibility\\\\\\\":\\\\\\\"simplified\\\\\\\"}]},{\\\\\\\"featureType\\\\\\\":\\\\\\\"road.highway\\\\\\\",\\\\\\\"stylers\\\\\\\":[{\\\\\\\"saturation\\\\\\\":-100},{\\\\\\\"visibility\\\\\\\":\\\\\\\"simplified\\\\\\\"}]},{\\\\\\\"featureType\\\\\\\":\\\\\\\"road.arterial\\\\\\\",\\\\\\\"stylers\\\\\\\":[{\\\\\\\"saturation\\\\\\\":-100},{\\\\\\\"lightness\\\\\\\":30},{\\\\\\\"visibility\\\\\\\":\\\\\\\"on\\\\\\\"}]},{\\\\\\\"featureType\\\\\\\":\\\\\\\"road.local\\\\\\\",\\\\\\\"stylers\\\\\\\":[{\\\\\\\"saturation\\\\\\\":-100},{\\\\\\\"lightness\\\\\\\":40},{\\\\\\\"visibility\\\\\\\":\\\\\\\"on\\\\\\\"}]},{\\\\\\\"featureType\\\\\\\":\\\\\\\"transit\\\\\\\",\\\\\\\"stylers\\\\\\\":[{\\\\\\\"saturation\\\\\\\":-100},{\\\\\\\"visibility\\\\\\\":\\\\\\\"simplified\\\\\\\"}]},{\\\\\\\"featureType\\\\\\\":\\\\\\\"administrative.province\\\\\\\",\\\\\\\"stylers\\\\\\\":[{\\\\\\\"visibility\\\\\\\":\\\\\\\"off\\\\\\\"}]},{\\\\\\\"featureType\\\\\\\":\\\\\\\"water\\\\\\\",\\\\\\\"elementType\\\\\\\":\\\\\\\"labels\\\\\\\",\\\\\\\"stylers\\\\\\\":[{\\\\\\\"visibility\\\\\\\":\\\\\\\"on\\\\\\\"},{\\\\\\\"lightness\\\\\\\":-25},{\\\\\\\"saturation\\\\\\\":-100}]},{\\\\\\\"featureType\\\\\\\":\\\\\\\"water\\\\\\\",\\\\\\\"elementType\\\\\\\":\\\\\\\"geometry\\\\\\\",\\\\\\\"stylers\\\\\\\":[{\\\\\\\"hue\\\\\\\":\\\\\\\"#ffff00\\\\\\\"},{\\\\\\\"lightness\\\\\\\":-25},{\\\\\\\"saturation\\\\\\\":-97}]}]\",\"wpgmza_theme_selection\":3,\"wpgmza_show_points_of_interest\":1}}' data-map-id='1' Data-maps-engine='' data-shortcode-attributes='{\"id\":\"1\"}' style=\"display:block; overflow:auto; width:100%; height:300px; float:left;\"><\/div><\/h3>\n<h3><\/h3>\n<p>&nbsp;<\/p>\n<h3><strong style=\"font-size: 1.17em; line-height: 1.5;\">Lagebeschreibung:<\/strong><\/h3>\n<p>Das Geb\u00e4ude befindet sich direkt in 1ter Reihe an der B6 (Bremer Str. 29A).<br \/>\nDie A2 in unmittelbarer N\u00e4he, ebenso auch Flughafen, Post, Apotheke,<br \/>\nB\u00e4cker, Einkaufsm\u00e4rkte und Restaurants<br \/>\nsind nur wenige Minuten \/ Schritte von unserem Objekt entfernt.<\/p>\n<p>Der Eingang zum Stadtpark Garbsen grenzt direkt an unser Grundst\u00fcck<br \/>\nund l\u00e4dt ein zu einem Bummel in der Mittagspause, zu einem erholsamen<br \/>\nSpaziergang oder einfach mal Picknick zu machen.<\/p>\n<p><strong>Wir bieten Ihnen Erholung und Arbeit in einem! <a title=\"Zur weiteren Objektbeschreibung b6-office.de\" href=\"https:\/\/b6-office.de\/?page_id=5258\" target=\"_blank\">Hier noch mehr Details:<\/a><br \/>\n<\/strong><\/p>\n<h3><strong>Objektbeschreibung:<br \/>\n<\/strong><\/h3>\n<p>Auf insgesamt 4 Etagen bieten wir Ihnen 52 B\u00fcroapartments<br \/>\nund ein Penthausb\u00fcro mit Dachterrasse an.<br \/>\nJedes dieser 30m\u00b2 B\u00fcros sind bezugsfertig und hell eingerichtet,<br \/>\nbesitzen ein privates WC, Bad und Teek\u00fcche.<br \/>\nSie k\u00f6nnen die B\u00fcros ausgestattet mit B\u00fcroeinrichtung oder leerstehend anmieten.<br \/>\nDrei Konferenz- und Besprechungsr\u00e4ume stehen<br \/>\nzur gemeinschaftlichen Nutzung zur Verf\u00fcgung.<\/p>\n<p>Jedem Mieter\/K\u00e4ufer steht ein pers\u00f6nliches Firmenschild zu,<br \/>\nParkpl\u00e4tze sind direkt vor dem Haus.<br \/>\nAuch Fahrr\u00e4der oder Besucher-PKWs haben ihren sep. Parkplatz.<\/p>\n<h3><strong>Erweiterung Ihrer B\u00fcrofl\u00e4chen:<\/strong><\/h3>\n<p>Erweitern und vergr\u00f6\u00dfern Sie Ihr <strong>30m\u00b2<\/strong> B\u00fcro auf<br \/>\n<strong>60m\u00b2, 90m\u00b2, 120m\u00b2, 180m\u00b2, 240m\u00b2<\/strong> oder auf die <strong>komplette Etage von 480m\u00b2<\/strong>.<br \/>\nF\u00fcr Ihre Expansion mieten Sie einfach weitere B\u00fcror\u00e4ume hinzu.<\/p>\n<h3><strong>Besprechungsr\u00e4ume:<\/strong><\/h3>\n<p><strong>Das b6-office\u00a0betreibt insgesamt 3 Besprechungsr\u00e4ume.<\/strong><br \/>\n2 R\u00e4ume a\u2019 <strong>23m\u00b2<\/strong> geeignet f\u00fcr <strong>2 bis 12 Personen<\/strong> und<br \/>\n1 Raum mit <strong>46m\u00b2<\/strong> geeignet f\u00fcr <strong>2 bis 24 Personen<\/strong>.<\/p>\n<p>Die Besprechungsr\u00e4ume sind standardm\u00e4ssig mit bis zu 12 \/ 24 St\u00fchlen<br \/>\nund entsprechender Tischanzahl ausgestattet.<br \/>\nDabei sind Sie flexibel was die Anordnung der Tische angeht!<br \/>\nSie haben eine Schulung oder eine Besprechung?<br \/>\nPlatzieren Sie die Tische nach Ihren W\u00fcnschen und Vorstellungen.<\/p>\n<p>Optional k\u00f6nnen Sie weitere Module wie <strong>Flipchart<\/strong>, <strong>Beamer<\/strong>, <strong>Overhead-Projektor,<\/strong><br \/>\n<strong>Catering<\/strong> oder <strong>Support<\/strong> dazu buchen.<\/p>\n<h3><strong>Firmenbriefkasten und Postbox:<\/strong><\/h3>\n<p><strong>Mehrere Firmen verwalten?<\/strong><br \/>\nSo separieren Sie schon Ihm Vorfeld Ihren korrekten Posteingang.<br \/>\n<strong>Keine unerw\u00fcnschten Besucher im HomeOffice?<\/strong><br \/>\nWer m\u00f6chte das fremde Leute auf einmal vor der T\u00fcre stehen<br \/>\nund einen \u00dcberraschen? Viel einfacher ist es da mit einem Firmenbriefkasten!<br \/>\n<strong>Firma zu klein um eigene B\u00fcrofl\u00e4chen zuhaben?<\/strong><br \/>\nSchlanker vom Budget kann eine Firma kaum sein!<br \/>\nGeringe Kosten, kein Verwaltungsaufwand!<br \/>\n<strong>Sie brauchen als StartUP Unternehmen eine repr\u00e4sentative\u00a0Firmenadresse?<\/strong><br \/>\nGesch\u00e4ftsr\u00e4ume nur dann mieten wenn Sie sie brauchen!<br \/>\nIhre eigene Firmenanschrift im b6-office.de!<\/p>\n<h4><strong>Wir haben die L\u00f6sung f\u00fcr Sie!<\/strong><br \/>\n<strong>Mieten Sie sich einen Briefkasten als Firmenanschrift. Ganz offiziell!<\/strong><\/h4>\n<p><strong>Das b6-office gibt Ihnen eine Postanschrift<\/strong> und nimmt \u00fcber den<br \/>\nangemieteten Briefkasten Ihre Firmenpost entgegen.<br \/>\nDannach k\u00f6nnen Sie bequem um weitere 6 Monate die Mietzeit verl\u00e4ngern oder<br \/>\nSie nutzen gleich den g\u00fcnstigen 1- oder 3- Jahresvertrag.<\/p>\n<header>\n<h1>Mietobjekte nur f\u00fcr Gewerbetreibende!<\/h1>\n<\/header>\n<div>\n<div>Diese OnlineSeite der b6-office.de und die darin enthaltenen Angebote<br \/>\nsind ausschliesslich nur f\u00fcr Gewerbetreibende.<br \/>\nDaher sind alle Preise zzgl. der g\u00fcltigen Mehrwertsteuer.<\/div>\n<div><\/div>\n<div>Sollten Sie Endverbraucher sein, Kaufinteresse haben oder an einer Mietkaufl\u00f6sung<br \/>\ninteressiert sein, sprechen Sie uns bitte an\u00a0<a title=\"Ihr direkter Kontakt zu uns.\" href=\"mailto:info@b6-office.de\" target=\"_blank\">info@b6-office.de.<\/a><\/div>\n<\/div>\n","protected":false},"excerpt":{"rendered":"<p>Details und Serviceleistungen: &nbsp; Lagebeschreibung: Das Geb\u00e4ude befindet sich direkt in 1ter Reihe an der B6 (Bremer Str. 29A). Die [&hellip;]<\/p>\n","protected":false},"author":1,"featured_media":0,"parent":0,"menu_order":0,"comment_status":"closed","ping_status":"closed","template":"page-fullwidth.php","meta":{"footnotes":"","_links_to":"","_links_to_target":""},"class_list":["post-10727","page","type-page","status-publish","hentry","no-featured-image"],"_links":{"self":[{"href":"https:\/\/b6-office.de\/index.php?rest_route=\/wp\/v2\/pages\/10727","targetHints":{"allow":["GET"]}}],"collection":[{"href":"https:\/\/b6-office.de\/index.php?rest_route=\/wp\/v2\/pages"}],"about":[{"href":"https:\/\/b6-office.de\/index.php?rest_route=\/wp\/v2\/types\/page"}],"author":[{"embeddable":true,"href":"https:\/\/b6-office.de\/index.php?rest_route=\/wp\/v2\/users\/1"}],"replies":[{"embeddable":true,"href":"https:\/\/b6-office.de\/index.php?rest_route=%2Fwp%2Fv2%2Fcomments&post=10727"}],"version-history":[{"count":43,"href":"https:\/\/b6-office.de\/index.php?rest_route=\/wp\/v2\/pages\/10727\/revisions"}],"predecessor-version":[{"id":12079,"href":"https:\/\/b6-office.de\/index.php?rest_route=\/wp\/v2\/pages\/10727\/revisions\/12079"}],"wp:attachment":[{"href":"https:\/\/b6-office.de\/index.php?rest_route=%2Fwp%2Fv2%2Fmedia&parent=10727"}],"curies":[{"name":"wp","href":"https:\/\/api.w.org\/{rel}","templated":true}]}}