{"id":15075,"date":"2018-12-11T11:55:00","date_gmt":"2018-12-11T10:55:00","guid":{"rendered":"http:\/\/b6-office.de\/?page_id=15075"},"modified":"2023-12-20T09:50:38","modified_gmt":"2023-12-20T08:50:38","slug":"hier-koennen-sie-den-grossen-konferenzraum-reservieren","status":"publish","type":"page","link":"https:\/\/b6-office.de\/?page_id=15075","title":{"rendered":"Hier k\u00f6nnen Sie den gro\u00dfen Konferenzraum reservieren."},"content":{"rendered":"<p><span style=\"color: #ff0000;\"><strong>Aufgrund einer Langzeitbuchung ist die Reservierung des Raumes zur Zeit leider<\/strong><\/span><br \/>\n<span style=\"color: #ff0000;\"><strong>nicht m\u00f6glich (Bitte \u00fcber <a style=\"color: #ff0000;\" href=\"mailto:info@b6-office.de\">info@b6-office.de<\/a> anfragen).<\/strong><\/span><\/p>\n<p>&nbsp;<\/p>\n<p><a href=\"https:\/\/b6-office.de\/wp-content\/uploads\/2018\/12\/192dd4ba38ff5a36c506144fd5404acd.png\"><img loading=\"lazy\" decoding=\"async\" class=\"alignnone size-large wp-image-15106\" src=\"https:\/\/b6-office.de\/wp-content\/uploads\/2018\/12\/192dd4ba38ff5a36c506144fd5404acd-1024x374.png\" alt=\"gro\u00dfer-konferenzraum-b6-office\" width=\"745\" height=\"272\" srcset=\"https:\/\/b6-office.de\/wp-content\/uploads\/2018\/12\/192dd4ba38ff5a36c506144fd5404acd-1024x374.png 1024w, https:\/\/b6-office.de\/wp-content\/uploads\/2018\/12\/192dd4ba38ff5a36c506144fd5404acd-745x272.png 745w, https:\/\/b6-office.de\/wp-content\/uploads\/2018\/12\/192dd4ba38ff5a36c506144fd5404acd-300x109.png 300w, https:\/\/b6-office.de\/wp-content\/uploads\/2018\/12\/192dd4ba38ff5a36c506144fd5404acd.png 1500w\" sizes=\"auto, (max-width: 745px) 100vw, 745px\" \/><\/a><\/p>\n<p style=\"text-align: center;\"><iframe loading=\"lazy\" src=\"https:\/\/momento360.com\/e\/u\/299fdccf71a2473dad920bc95a3b3662?utm_campaign=embed&amp;utm_source=other&amp;heading=0&amp;pitch=0&amp;field-of-view=75&amp;size=medium\" width=\"640\" height=\"480\"><\/iframe><\/p>\n<p><strong>Gro\u00dfer Konferenzraum 2.9, f\u00fcr 6-24 Personen im 2.OG<\/strong><br \/>\nin 10 steps reservieren Sie Ihren gro\u00dfen Konferenzraum f\u00fcr 6 \u2013 24 Personen im 2.OG.<br \/>\n1. W\u00e4hlen Sie Ihren Buchungstag aus.<br \/>\n2. W\u00e4hlen Sie Ihren Wunschzeitraum aus. Immer volle Stunde.<br \/>\n3) Sie k\u00f6nnen auch mehrere Tage\/Stunden im voraus buchen.<br \/>\n4) Der Zeitwarenkorb wird Ihnen sofort unter der Zeit-Tabelle angezeigt.<br \/>\n5) Geben Sie Ihren Vornamen oder Ihre Office-Raum-Nr. an.<br \/>\n6) Geben Sie Ihren Nachnamen an. Damit wir wissen wer gebucht hat.<br \/>\n7) Bitte auch Ihre Telefonnummer f\u00fcr evtl. R\u00fcckfragen.<br \/>\n8) Ihre Email-Adresse, damit wir Ihnen die Best\u00e4tigung senden k\u00f6nnen.<br \/>\n9) Den Sicherheits-Code eingeben und dann<br \/>\n10) auf \u201eReservieren\u201d klicken<\/p>\n<p><span style=\"color: #ff0000;\">Aufgrund einer Langzeitbuchung ist die Reservierung des Raumes zur Zeit leider<br \/>\nnicht m\u00f6glich (Bitte \u00fcber <a href=\"mailto:info@b6-office.de\">info@b6-office.de<\/a> anfragen).<br \/>\n<\/span><\/p>\n<h4><strong>Sie wollen den Raum l\u00e4nger buchen oder als B\u00fcro nutzen? <\/strong><a href=\"https:\/\/b6-office.de\/?product=2-9-2-og-wc-im-eg-ohne-teekueche-kopie\"><strong>Klicken Sie hier!<\/strong><\/a><\/h4>\n<p><strong>Der gro\u00dfe Konferenzraum 2.9 f\u00fcr 6-24 Personen ist f\u00fcr Sie fertig eingerichtet.<\/strong><br \/>\nDer Buchungspreis betr\u00e4gt<br \/>\n&#8211; je Stunde 29,00 \u20ac (Dauermieter 20,30 \u20ac)<br \/>\n&#8211; je Tag 139,00 \u20ac (Dauermieter 97,30 \u20ac)<br \/>\n&#8211; je Woche 390,00 \u20ac<br \/>\n&#8211; je Monat 1.250,00 \u20ac<br \/>\nDarin enthalten ist die WC-Nutzung im Erdgeschoss, die Raumbeheizung, Raumlicht,<br \/>\ndie Nebenkosten sowie die Nutzung der Inneneinrichtung.<\/p>\n<p>Wir rechnen immer zum Monatsende ab.<br \/>\nDas heisst, Sie tragen sich in dem Kalender ein, und wir schauen zum Monatsende nach,<br \/>\nwer hat welchen Raum, wie lange und wie oft genutzt.<\/p>\n<p>Dies System erfolgt auf beiderseitigen Vertrauen,<br \/>\ndas Sie sich online \u00fcber obigen Kalender eintragen und anmelden<br \/>\nund uns so Ihr Nutzungs-Vorhaben mitteilen.<br \/>\nSo k\u00f6nnen auch alle anderen online einsehen, wann was von wem belegt ist.<\/p>\n<p>Sie verlassen die R\u00e4ume so sauber und aufger\u00e4umt wie Sie diese vorfinden.<br \/>\nNotwendige Putz- und Aufr\u00e4umarbeiten werden gesondert berechnet.<br \/>\nDas bedeutet St\u00fchle ran schieben, ggf. L\u00fcften und Fenster wieder zumachen,<br \/>\nTisch abwischen wenn schmutzig, den Raum wieder so herrichten,<br \/>\nwie Sie ihn vorfinden wollen. Der n\u00e4chste wird sich freuen.<br \/>\nEine Spr\u00fcher\/Glasreiniger mit ZewaRolle finden Sie im Minibar-Schrank.<\/p>\n<p>Sie finden in den genannten R\u00e4umen eine kleine Minibar, den silbernen Schrank.<br \/>\nKaffeebecher, Gl\u00e4ser, Zucker, Milch, Snacks und Getr\u00e4nke ebenso.<br \/>\nAuch Kugelschreiber, Bl\u00f6cke und n\u00fctzliches um Notizen zu machen.<br \/>\nSie k\u00f6nnen sich daran bedienen, so wie Sie es w\u00fcnschen.<br \/>\nBitte den Verbrauch auf den Erfassungszettel zur Abrechnung vermerken.<br \/>\nWir versuchen so Ihre Besprechung so angenehm wie m\u00f6glich zu gestalten.<\/p>\n<p>Dieses rechnen wir zum Monatsende nach Ihrem Bedarf ab.<br \/>\nSie tragen es einfach handschriftlich in der dort ausliegenden Liste ein.<br \/>\n&#8211; H\u00e4kchen machen<br \/>\n&#8211; Anzahl eintragen<br \/>\n&#8211; Datum und Ihren Namen eintragen, fertig!<br \/>\nDieses System kann auf Vertrauen gut funktionieren, Sie k\u00f6nnen daran mitwirken.<\/p>\n<p>Die von Ihnen oder Ihren G\u00e4sten benutzte, schmutzigen Becher\/Gl\u00e4ser<br \/>\nstellen Sie einfach nach Benutzen in die seitlich stehende Plastikbox.<br \/>\nWir r\u00e4umen diese dann t\u00e4glich abends ab, tragen diese runter, waschen diese ab,<br \/>\nund tragen diese dann wieder hoch und stellen diese wieder sauber in den Schrank hinein.<br \/>\nDann kann der n\u00e4chste Besprechungstag beginnen.<\/p>\n<p><strong>Die Preise f\u00fcr die Getr\u00e4nke \/ Snacks finden Sie unter diesem link:<\/strong><\/p>\n<p><a href=\"https:\/\/b6-office.de\/wp-content\/uploads\/2018\/03\/Preisliste-Kleinmaterial-quer.pdf\">https:\/\/b6-office.de\/wp-content\/uploads\/2018\/03\/Preisliste-Kleinmaterial-quer.pdf<\/a><\/p>\n<p>Zus\u00e4tzlich finden Sie die Preisliste im Aushang an der Rezeption.<br \/>\nSchauen Sie sich alles gut vorher an, bevor Sie die Minibar leeren. \ud83d\ude42<\/p>\n<p>Ihre Ideen und Anregungen nehme wir gerne mit auf.<br \/>\nBitte uns einfach ansprechen, oder noch einfacher mit konstruktiver Kritik zur\u00fcck mailen,<br \/>\ndamit wir gemeinsam das Buchungs-System f\u00fcr Sie verbessern k\u00f6nnen.<\/p>\n<p>Die von Ihnen angegeben Daten werden nicht gespeichert und nur f\u00fcr Ihre<br \/>\nBuchungsaufnahme erfasst, und danach sofort wieder gel\u00f6scht.<br \/>\nDie Abrechnung f\u00fcr unsere internen Mieter erfolgt zum Monatsende.<br \/>\nDie Abrechnung f\u00fcr externe Mieter erfolgt bei Buchungsreservierung<br \/>\ndurch sep. Rechnung. Zahlbar vor Raumnutzung.<\/p>\n","protected":false},"excerpt":{"rendered":"<p>Aufgrund einer Langzeitbuchung ist die Reservierung des Raumes zur Zeit leider nicht m\u00f6glich (Bitte \u00fcber info@b6-office.de anfragen). &nbsp; Gro\u00dfer Konferenzraum [&hellip;]<\/p>\n","protected":false},"author":1,"featured_media":0,"parent":0,"menu_order":0,"comment_status":"closed","ping_status":"closed","template":"page-fullwidth.php","meta":{"footnotes":"","_links_to":"","_links_to_target":""},"class_list":["post-15075","page","type-page","status-publish","hentry","no-featured-image"],"_links":{"self":[{"href":"https:\/\/b6-office.de\/index.php?rest_route=\/wp\/v2\/pages\/15075","targetHints":{"allow":["GET"]}}],"collection":[{"href":"https:\/\/b6-office.de\/index.php?rest_route=\/wp\/v2\/pages"}],"about":[{"href":"https:\/\/b6-office.de\/index.php?rest_route=\/wp\/v2\/types\/page"}],"author":[{"embeddable":true,"href":"https:\/\/b6-office.de\/index.php?rest_route=\/wp\/v2\/users\/1"}],"replies":[{"embeddable":true,"href":"https:\/\/b6-office.de\/index.php?rest_route=%2Fwp%2Fv2%2Fcomments&post=15075"}],"version-history":[{"count":19,"href":"https:\/\/b6-office.de\/index.php?rest_route=\/wp\/v2\/pages\/15075\/revisions"}],"predecessor-version":[{"id":17782,"href":"https:\/\/b6-office.de\/index.php?rest_route=\/wp\/v2\/pages\/15075\/revisions\/17782"}],"wp:attachment":[{"href":"https:\/\/b6-office.de\/index.php?rest_route=%2Fwp%2Fv2%2Fmedia&parent=15075"}],"curies":[{"name":"wp","href":"https:\/\/api.w.org\/{rel}","templated":true}]}}