{"id":16450,"date":"2021-11-09T16:59:30","date_gmt":"2021-11-09T15:59:30","guid":{"rendered":"https:\/\/b6-office.de\/?page_id=16450"},"modified":"2021-12-14T12:00:30","modified_gmt":"2021-12-14T11:00:30","slug":"3d-besichtigung","status":"publish","type":"page","link":"https:\/\/b6-office.de\/?page_id=16450","title":{"rendered":"360\u00b0 Bilder, bewegen Sie Ihre Maus \u00fcber die Bilder und genie\u00dfen Sie Ihren virtuellen Rundgang in unserem b6-office."},"content":{"rendered":"<p>Sie w\u00fcrden Sich das Geb\u00e4ude gerne genauer ansehen doch Sie haben keine Zeit oder sind zu weit weg, um mal eben vorbeizukommen? Kein Problem! Mit unseren neuen 3D-Bildern k\u00f6nnen Sie sich ganz einfach vor dem Geb\u00e4ude, in der Eingangshalle oder in einem der Konferenzr\u00e4ume umsehen. Klicken Sie einfach auf das Bild, halten Sie die linke Maustaste gedr\u00fcckt und ziehen Sie die Maus \u00fcber das Bild, um sich umzusehen. Alternativ kann auch ein VR-Headset verwendet werden.<\/p>\n<p><strong>Unser repr\u00e4sentatives B\u00fcrogeb\u00e4ude erwartet Sie!<\/strong><\/p>\n<p>Keine Parkplatz suche notwending. Das b6-office hat genug Parkpl\u00e4tze f\u00fcr alle Mieter und Besucher. Dabei ist es egal, ob Sie mit dem Auto, Motorrad oder Fahrrad kommen. Es ist immer Platz f\u00fcr Sie da. Der Fronteingang befindet sich au\u00dferdem direkt am Parkplatz, sodass Sie bei Schnee und Regen nicht weit zu gehen haben.<\/p>\n<p style=\"text-align: center;\"><iframe loading=\"lazy\" src=\"https:\/\/momento360.com\/e\/u\/762c5ea9ba874873b797899bb485167a?utm_campaign=embed&amp;utm_source=other&amp;heading=290&amp;pitch=0&amp;field-of-view=100&amp;size=medium\" height=\"480\" width=\"640\"><\/iframe><\/p>\n<p>Vom Fronteingang kommen Sie direkt in den Eingangsbereich. Von hier k\u00f6nnen Sie durch das Treppenhaus oder mit den Aufzug in die anderen Stockwerke. Hier befinden sich auch der Postraum und, hinter der Glast\u00fcr, der Rezeptionsbereich. Desweiteren haben wir hier einen Gro\u00dfbildmonitor. Wenn Sie im Foyer Ihre Firma pr\u00e4sentieren m\u00f6chten, bieten wir Ihnen hier eine Werbefl\u00e4che an.<\/p>\n<p style=\"text-align: center;\"><iframe loading=\"lazy\" src=\"https:\/\/momento360.com\/e\/u\/02548e1ecff147f3a310ad059543a887?utm_campaign=embed&amp;utm_source=other&amp;heading=0&amp;pitch=0&amp;field-of-view=100&amp;size=medium\" height=\"480\" width=\"640\"><\/iframe><\/p>\n<p><strong>Der Rezeptionsbereich.<\/strong><\/p>\n<p>Sobald Sie einen Raum im b6-office gemietet\/gebucht haben, erhalten Sie Zugang zum Rezeptionsbereich, wo Sie w\u00e4hrend den \u00d6ffnungszeiten direkt mit unserer Rezeptionsdame, Frau Priebe, sprechen k\u00f6nnen. Au\u00dferdem befinden Sich hier auch eine Preisliste mit den wichtigsten Preisen f\u00fcr R\u00e4ume und Services, sowie die G\u00e4ste-WC&#8217;s.<\/p>\n<p style=\"text-align: center;\"><iframe loading=\"lazy\" src=\"https:\/\/momento360.com\/e\/u\/69073970165f461c9edc6f5d241f535a?utm_campaign=embed&#038;utm_source=other&#038;heading=180&#038;pitch=0&#038;field-of-view=100&#038;size=medium\" height=\"480\" width=\"640\"><\/iframe><\/p>\n<p><strong>Der gro\u00dfe Konferenzraum 2.9 im 1. OG..<\/strong><\/p>\n<p>Es ist jedem m\u00f6glich, diesen Raum f\u00fcr Konferenzen und Meetings \u00fcber die b6-office.de Website zu buchen. Sie m\u00fcssen nichtmal ein Mieter bei uns sein. Zus\u00e4tzlich zum Raum lassen sich auch Extras buchen, wie z.B. Getr\u00e4nke, bestimmte Anordnung der Tische und St\u00fchle, WLAN, etc.<\/p>\n<p style=\"text-align: center;\"><iframe loading=\"lazy\" src=\"https:\/\/momento360.com\/e\/u\/299fdccf71a2473dad920bc95a3b3662?utm_campaign=embed&amp;utm_source=other&amp;heading=180&amp;pitch=0&amp;field-of-view=100&amp;size=medium\" height=\"480\" width=\"640\"><\/iframe><\/p>\n<p><strong>Das Tagesb\u00fcro 2.9 links im 2. OG..<\/strong><\/p>\n<p>Hier ist unser eingerichtetes Tagesb\u00fcro, falls Sie mal schnell ein funktionsf\u00e4higes, kleines B\u00fcro brauchen. Sie k\u00f6nnen das B\u00fcro f\u00fcr wenige Stunden mieten oder bis zu 10 Jahre.<\/p>\n<p style=\"text-align: center;\"><iframe loading=\"lazy\" src=\"https:\/\/momento360.com\/e\/u\/54abffdfc16748658e3b758974fb04d0?utm_campaign=embed&#038;utm_source=other&#038;heading=180&#038;pitch=0&#038;field-of-view=100&#038;size=medium\" height=\"480\" width=\"640\"><\/iframe><\/p>\n<p><strong>Der Kleine Besprechungsraum 3.9 rechts im 2. OG..<\/strong><\/p>\n<p>2 bis 10 Personen finden hier den perfekten Besprechungsraum f\u00fcr Konferenzen und Meetings. Auch hier muss man nicht unbedingt ein Mieter sein, um den Raum buchen zu k\u00f6nnen. Einfach auf der b6-office Website das Buchungsformular ausf\u00fcllen und fertig ist die Buchung.<\/p>\n<p style=\"text-align: center;\"><iframe loading=\"lazy\" src=\"https:\/\/momento360.com\/e\/u\/c66bc0d49868493891bf053b3673637b?utm_campaign=embed&#038;utm_source=other&#038;heading=180&#038;pitch=0&#038;field-of-view=100&#038;size=medium\" height=\"480\" width=\"640\"><\/iframe><\/p>\n<p><strong>Ihr perfektes B\u00fcro erwartet Sie.<\/strong><\/p>\n<p>Mit jedem B\u00fcro erhalten Sie eine Teek\u00fcche und ein eigenes WC. Die B\u00fcros haben gro\u00dfe Fenster, um viel nat\u00fcrliches Licht reinzulassen. Auf der Produktseite k\u00f6nnen Sie Ihre Mietbedingungen (wie z.B. Preise und Laufzeit) ganz individuell zusammenstellen.<\/p>\n<p style=\"text-align: center;\"><iframe loading=\"lazy\" src=\"https:\/\/momento360.com\/e\/u\/56fec6ddb7cf4d2ebd3a50d7120ff95b?utm_campaign=embed&#038;utm_source=other&#038;heading=180&#038;pitch=0&#038;field-of-view=100&#038;size=medium\" height=\"480\" width=\"640\"><\/iframe><\/p>\n<p><strong>Sauberes, eigenes WC &#8211; zum wohlf\u00fchlen und f\u00fcr gute Gesch\u00e4fte.<\/strong><\/p>\n<p style=\"text-align: center;\"><iframe loading=\"lazy\" src=\"https:\/\/momento360.com\/e\/u\/f4f702b0229b475e95d5db382dd55ac8?utm_campaign=embed&#038;utm_source=other&#038;heading=90&#038;pitch=0&#038;field-of-view=100&#038;size=medium\" height=\"480\" width=\"640\"><\/iframe><\/p>\n<p><strong>Funktional mit Teek\u00fcche und K\u00fchlschrank.<\/strong><\/p>\n<p style=\"text-align: center;\"><iframe loading=\"lazy\" src=\"https:\/\/momento360.com\/e\/u\/a77b7c2e3edb40d1ad67a97762abe8c4?utm_campaign=embed&#038;utm_source=other&#038;heading=-50&#038;pitch=0&#038;field-of-view=100&#038;size=medium\" height=\"480\" width=\"640\"><\/iframe><\/p>\n<p>Wenn Ihnen die oben gezeigten 3D-Ansichten gefallen haben, dann k\u00f6nnen Sie gerne vorbei kommen und sich alles genau selbst ansehen. Kontaktieren Sie uns!<\/p>\n<p>Per Telefon: 0511 \/ 92 00 000 oder<br \/>\nper Mail an:\u00a0<a href=\"mailto:info@b6-office.de\">info@b6-office.de<\/a>.<\/p>\n<p>Online finden Sie alle wichtigen Infos unter\u00a0<a href=\"http:\/\/www.b6-office.de\/\">www.b6-office.de<\/a><br \/>\nObjektanschrift: <a href=\"http:\/\/b6-office.de\/\">b6-office.de<\/a>\u00a0-Das 24\/7 B\u00fcro mit Service- Bremer Str.29A &#8211; 30827 Garbsen \/ Berenbostel Zufahrt auch \u00fcber Steinriede 4a m\u00f6glich!<\/p>\n<p>B\u00fcrozeiten: Frau Priebe Di., Mi., Do. 8.00h bis 12.00h oder \u00fcber die Verwaltung: siehe unten&#8230;<br \/>\nTel: 0049 (0) 5131\/47 92 91 2 oder 44 100 39 Mobil: 0049 (0) 151\/ 103 66 586<br \/>\nMail:\u00a0<a href=\"mailto:info@b6-office.de\">info@b6-office.de<\/a> <a href=\"http:\/\/www.b6-office.de\/\">www.b6-office.de<\/a><\/p>\n<p>Inhaber \/ Verwaltung\u00a0<a href=\"http:\/\/b6-office.de\/\">b6-office.de<\/a>: Peter Langwost<br \/>\nTechnischer Hausservice: sowie Dispo zur Anlieferung \u00fcber: <a href=\"http:\/\/idee-produktion.de\/\">idee-produktion.de<\/a>\u00a0GmbH Heinkelstr.1-3<br \/>\nD 30827 Garbsen<br \/>\nTel: 0049 (0) 511 \/ 92 00 000<br \/>\nMobil: 0049 (0) 163 \/ 37 10 100<\/p>\n","protected":false},"excerpt":{"rendered":"<p>Sie w\u00fcrden Sich das Geb\u00e4ude gerne genauer ansehen doch Sie haben keine Zeit oder sind zu weit weg, um mal [&hellip;]<\/p>\n","protected":false},"author":1,"featured_media":0,"parent":0,"menu_order":0,"comment_status":"closed","ping_status":"closed","template":"page-fullwidth.php","meta":{"footnotes":"","_links_to":"","_links_to_target":""},"class_list":["post-16450","page","type-page","status-publish","hentry","no-featured-image"],"_links":{"self":[{"href":"https:\/\/b6-office.de\/index.php?rest_route=\/wp\/v2\/pages\/16450","targetHints":{"allow":["GET"]}}],"collection":[{"href":"https:\/\/b6-office.de\/index.php?rest_route=\/wp\/v2\/pages"}],"about":[{"href":"https:\/\/b6-office.de\/index.php?rest_route=\/wp\/v2\/types\/page"}],"author":[{"embeddable":true,"href":"https:\/\/b6-office.de\/index.php?rest_route=\/wp\/v2\/users\/1"}],"replies":[{"embeddable":true,"href":"https:\/\/b6-office.de\/index.php?rest_route=%2Fwp%2Fv2%2Fcomments&post=16450"}],"version-history":[{"count":67,"href":"https:\/\/b6-office.de\/index.php?rest_route=\/wp\/v2\/pages\/16450\/revisions"}],"predecessor-version":[{"id":16524,"href":"https:\/\/b6-office.de\/index.php?rest_route=\/wp\/v2\/pages\/16450\/revisions\/16524"}],"wp:attachment":[{"href":"https:\/\/b6-office.de\/index.php?rest_route=%2Fwp%2Fv2%2Fmedia&parent=16450"}],"curies":[{"name":"wp","href":"https:\/\/api.w.org\/{rel}","templated":true}]}}