{"id":17802,"date":"2024-03-27T10:27:18","date_gmt":"2024-03-27T09:27:18","guid":{"rendered":"https:\/\/b6-office.de\/?page_id=17802"},"modified":"2024-03-27T11:03:55","modified_gmt":"2024-03-27T10:03:55","slug":"bueros-im-b6-front-office-firmensitz-flex-bueros-bremer-strasse-29-29a","status":"publish","type":"page","link":"https:\/\/b6-office.de\/?page_id=17802","title":{"rendered":"B\u00fcros im b6-front-office, Firmensitz + FLEX &#8211; B\u00fcros Bremer Stra\u00dfe 29\/29A"},"content":{"rendered":"<div class=\"\"><span class=\"\"><b class=\"\">b6-front-office<\/b><\/span><\/div>\n<div class=\"\">29\/1 &#8211; 29\/4<\/div>\n<div class=\"\"><b class=\"\">Khas Sicherheitsmanagement Inh. Nabil Ahmed\u00a0<\/b><\/div>\n<div class=\"\">Untermieter1:\u00a0M+A Sicherheitsdienste GmbH, GF Herr Morad Abozeid<\/div>\n<div class=\"\">Untermieter2: FML<\/div>\n<div class=\"\"><\/div>\n<div class=\"\">29\/5-29\/6<\/div>\n<div class=\"\"><b class=\"\">FLEX-Office<\/b><\/div>\n<div class=\"\"><\/div>\n<div class=\"\">\n<div class=\"\">29\/7<\/div>\n<div class=\"\"><b class=\"\">PK Brandschutz GmbH, GF Pavlina Kertsadova<\/b><\/div>\n<\/div>\n<div class=\"\"><b class=\"\">\u00a0<\/b><\/div>\n<div class=\"\">\n<div class=\"\">29\/8 &#8211; 29\/9 &#8211; 29\/10<\/div>\n<div class=\"\"><b class=\"\">Adnan Rohbau GmbH, GF Adem Grbovic<\/b><\/div>\n<\/div>\n<div class=\"\">Untermieter1: HDZ Bau GmbH, GF Herr Haris Djogdanovikj, Meister Udo Merckel<\/div>\n<div class=\"\"><\/div>\n<div class=\"\"><b class=\"\">\u00a0<\/b><\/div>\n<div class=\"\">\n<div class=\"\">FLEX-B\u00fcros:<\/div>\n<div class=\"\"><b class=\"\">&#8211; PBS Bau GmbH, GF Erika Heide Baron<\/b><\/div>\n<\/div>\n<div class=\"\"><b class=\"\">&#8211; Mayer International UG, Vertriebsagentur GF Stephan Myer<\/b><\/div>\n<div class=\"\"><b class=\"\">&#8211; KF G\u00fcnter Immobilien &amp; Vermittlung GmbH, GF Ferdi G\u00fcnter<\/b><\/div>\n<div class=\"\"><b class=\"\">&#8211; Mornea GmbH, GF Claudia Mornea<\/b><\/div>\n<div class=\"\"><b class=\"\">&#8211; Licht Diamond GmbH, GF: Frau Rita Heuser<\/b><\/div>\n<div class=\"\"><b class=\"\">&#8211; M+A Sicherheitsdienste GmbH, GF: Herr Morad Abozeid<\/b><\/div>\n<div class=\"\"><b class=\"\">&#8211; Talis GmbH, GF: Alexandru Rumleanschi<\/b><\/div>\n<div class=\"\"><b class=\"\">&#8211; RiMa\u2019s Service UG, GF: Rita Heuser + Manja Derviskadic<\/b><\/div>\n","protected":false},"excerpt":{"rendered":"<p>b6-front-office 29\/1 &#8211; 29\/4 Khas Sicherheitsmanagement Inh. Nabil Ahmed\u00a0 Untermieter1:\u00a0M+A Sicherheitsdienste GmbH, GF Herr Morad Abozeid Untermieter2: FML 29\/5-29\/6 FLEX-Office [&hellip;]<\/p>\n","protected":false},"author":1,"featured_media":0,"parent":0,"menu_order":0,"comment_status":"closed","ping_status":"closed","template":"page-fullwidth.php","meta":{"footnotes":"","_links_to":"","_links_to_target":""},"class_list":["post-17802","page","type-page","status-publish","hentry","no-featured-image"],"_links":{"self":[{"href":"https:\/\/b6-office.de\/index.php?rest_route=\/wp\/v2\/pages\/17802","targetHints":{"allow":["GET"]}}],"collection":[{"href":"https:\/\/b6-office.de\/index.php?rest_route=\/wp\/v2\/pages"}],"about":[{"href":"https:\/\/b6-office.de\/index.php?rest_route=\/wp\/v2\/types\/page"}],"author":[{"embeddable":true,"href":"https:\/\/b6-office.de\/index.php?rest_route=\/wp\/v2\/users\/1"}],"replies":[{"embeddable":true,"href":"https:\/\/b6-office.de\/index.php?rest_route=%2Fwp%2Fv2%2Fcomments&post=17802"}],"version-history":[{"count":2,"href":"https:\/\/b6-office.de\/index.php?rest_route=\/wp\/v2\/pages\/17802\/revisions"}],"predecessor-version":[{"id":17807,"href":"https:\/\/b6-office.de\/index.php?rest_route=\/wp\/v2\/pages\/17802\/revisions\/17807"}],"wp:attachment":[{"href":"https:\/\/b6-office.de\/index.php?rest_route=%2Fwp%2Fv2%2Fmedia&parent=17802"}],"curies":[{"name":"wp","href":"https:\/\/api.w.org\/{rel}","templated":true}]}}