{"id":32,"date":"2013-10-30T13:07:05","date_gmt":"2013-10-30T13:07:05","guid":{"rendered":"http:\/\/b6-office.de\/?page_id=32"},"modified":"2017-10-11T15:45:41","modified_gmt":"2017-10-11T13:45:41","slug":"versandkosten","status":"publish","type":"page","link":"https:\/\/b6-office.de\/?page_id=32","title":{"rendered":"Preise &#038; Leistungen"},"content":{"rendered":"<p><strong>Wir weisen an dieser Stelle ausdr\u00fccklich darauf hin,<br \/>\ndas es sich hier um einen Shop f\u00fcr den gewerblichen Einkauf handelt<br \/>\nund die darin enthaltenen Preise alle zzgl. der gesetzlich g\u00fcltigen Mwst. sind.<\/strong><\/p>\n<p>Die B\u00fcros und Dienstleistungen sind je nach Fl\u00e4che, Art und Ausstattung<br \/>\nunterschiedlich und Zusatzleistungen bieten wir stets optional an.<br \/>\nDiese k\u00f6nnen Sie einfach in den Warenkorb als Wunschleistung hinzu klicken.<\/p>\n<p>Unsere Preise f\u00fcr B\u00fcro und Dienstleistung sind stets vorher f\u00e4llig und sind zahlbar via PayPal, Kreditkarte oder per \u00dcberweisung. &#8211; siehe sep. Mietvertrag.<\/p>\n<p>Alle Dienstleistungen, Lager-, Annahme, Einlagerungs-, Auslieferungs-, Versand- und Transportkosten werden immer gesondert berechnet und werden je nach Umfang individuell\u00a0kalkuliert und Ihnen separat mit allen Abstimmungsdetails angeboten.<br \/>\nDiese Kosten sind nicht rabattierf\u00e4hig, stets zzgl. der g\u00fcltigen MwSt. und sofort f\u00e4llig<br \/>\nund k\u00f6nnen u.a. auch \u00fcber das b6-office-Shop-Zahlsystem oder an der Rezeptionskasse bezahlt werden.<\/p>\n","protected":false},"excerpt":{"rendered":"<p>Wir weisen an dieser Stelle ausdr\u00fccklich darauf hin, das es sich hier um einen Shop f\u00fcr den gewerblichen Einkauf handelt [&hellip;]<\/p>\n","protected":false},"author":1,"featured_media":0,"parent":0,"menu_order":0,"comment_status":"closed","ping_status":"open","template":"","meta":{"footnotes":"","_links_to":"","_links_to_target":""},"class_list":["post-32","page","type-page","status-publish","hentry","no-featured-image"],"_links":{"self":[{"href":"https:\/\/b6-office.de\/index.php?rest_route=\/wp\/v2\/pages\/32","targetHints":{"allow":["GET"]}}],"collection":[{"href":"https:\/\/b6-office.de\/index.php?rest_route=\/wp\/v2\/pages"}],"about":[{"href":"https:\/\/b6-office.de\/index.php?rest_route=\/wp\/v2\/types\/page"}],"author":[{"embeddable":true,"href":"https:\/\/b6-office.de\/index.php?rest_route=\/wp\/v2\/users\/1"}],"replies":[{"embeddable":true,"href":"https:\/\/b6-office.de\/index.php?rest_route=%2Fwp%2Fv2%2Fcomments&post=32"}],"version-history":[{"count":5,"href":"https:\/\/b6-office.de\/index.php?rest_route=\/wp\/v2\/pages\/32\/revisions"}],"predecessor-version":[{"id":10979,"href":"https:\/\/b6-office.de\/index.php?rest_route=\/wp\/v2\/pages\/32\/revisions\/10979"}],"wp:attachment":[{"href":"https:\/\/b6-office.de\/index.php?rest_route=%2Fwp%2Fv2%2Fmedia&parent=32"}],"curies":[{"name":"wp","href":"https:\/\/api.w.org\/{rel}","templated":true}]}}