{"id":11120,"date":"2018-02-05T10:13:39","date_gmt":"2018-02-05T09:13:39","guid":{"rendered":"http:\/\/b6-office.de\/?post_type=product&#038;p=11120"},"modified":"2023-05-26T09:05:15","modified_gmt":"2023-05-26T07:05:15","slug":"diverse-reinigungen","status":"publish","type":"product","link":"https:\/\/b6-office.de\/?product=diverse-reinigungen","title":{"rendered":"Diverse Reinigungen und Sonderleistungen"},"content":{"rendered":"<p><strong>Nicht jede Reinigungsaufgabe l\u00e4sst sich \u00fcber unser Reinigungs-Monatsabo<\/strong><br \/>\n<strong>abdecken.<\/strong><\/p>\n<p><strong>Daher bieten wir hier 6 Spezial-Service-Dienste an:<\/strong><br \/>\n&#8211; damit Ihr Bad auf Hochglanz kommt<br \/>\n&#8211; Ihre K\u00fcche einmal komplett ganz speziell gereinigt wird \u2013 incl. Abwasch!!-<br \/>\n&#8211; Flecken in Polster oder Teppichboden bestm\u00f6glich entfernt werden.<br \/>\n&#8211; die Fensterreinigung mit Fensterrahmen Ihnen den Durchblick erhalten.<\/p>\n<p>Buchen Sie unsere Spezialbehandlung damit gewisse Dinge besonders<br \/>\nintensiv\u00a0bearbeitet werden.<\/p>\n","protected":false},"excerpt":{"rendered":"<p>Das b6-office stellt Ihnen spezielle Reinigungsleistungen<br \/>\nf\u00fcr Bad, Flecken und K\u00fcche zur Verf\u00fcgung,\u00a0die Sie hier online<br \/>\neinsehen und je nach\u00a0Bedarf hinzu buchen k\u00f6nnen.<\/p>\n<p><strong>W\u00e4hlen Sie wie folgt:<\/strong><br \/>\n<strong>1) schwarzes Auswahlfeld anklicken,<\/strong><br \/>\n<strong>2) Auswahl nach und nach in den Warenkorb packen.<\/strong><br \/>\n<strong>3) ggf. Anzahl ausw\u00e4hlen.<\/strong><br \/>\n<strong>4) Weiter zur Kasse, registrieren und ggf. unter<\/strong><\/p>\n<p><strong>\u201cHinweise zur Bestellung\u201d zus\u00e4tzliche Infos eingeben.<\/strong><br \/>\n<strong>Zahlvorgang starten. Angegebene Betr\u00e4ge montatlich, wahlweise 1x pro Jahr im Voraus.<\/strong><\/p>\n","protected":false},"featured_media":11095,"comment_status":"closed","ping_status":"closed","template":"","meta":{"_links_to":"","_links_to_target":""},"product_brand":[],"product_cat":[293],"product_tag":[],"class_list":{"0":"post-11120","1":"product","2":"type-product","3":"status-publish","4":"has-post-thumbnail","6":"product_cat-dazu-mieten-1","7":"pa_diverse-reinigungen-schuhputzservice-je-paar-500e","8":"pa_diverse-reinigungen-bad-reinigung-einmalig-1900e","9":"pa_diverse-reinigungen-kueche-reinigung-einmalig-1900e","10":"pa_diverse-reinigungen-kueche-wochen-abo-mind-3-monate-zahlung-im-voraus-reinigung-1x-pro-woche-mtl-3600e","11":"pa_diverse-reinigungen-flecken-spezialbehandlung-bis-zu-3-flecken-im-bodenbelag-3900e","12":"pa_diverse-reinigungen-buegelservice-hose-oder-hemd-je-1000e","14":"first","15":"instock","16":"taxable","17":"shipping-taxable","18":"purchasable","19":"product-type-variable","20":"has-default-attributes","21":"has-featured-image","22":"landscape"},"_links":{"self":[{"href":"https:\/\/b6-office.de\/index.php?rest_route=\/wp\/v2\/product\/11120","targetHints":{"allow":["GET"]}}],"collection":[{"href":"https:\/\/b6-office.de\/index.php?rest_route=\/wp\/v2\/product"}],"about":[{"href":"https:\/\/b6-office.de\/index.php?rest_route=\/wp\/v2\/types\/product"}],"replies":[{"embeddable":true,"href":"https:\/\/b6-office.de\/index.php?rest_route=%2Fwp%2Fv2%2Fcomments&post=11120"}],"wp:featuredmedia":[{"embeddable":true,"href":"https:\/\/b6-office.de\/index.php?rest_route=\/wp\/v2\/media\/11095"}],"wp:attachment":[{"href":"https:\/\/b6-office.de\/index.php?rest_route=%2Fwp%2Fv2%2Fmedia&parent=11120"}],"wp:term":[{"taxonomy":"product_brand","embeddable":true,"href":"https:\/\/b6-office.de\/index.php?rest_route=%2Fwp%2Fv2%2Fproduct_brand&post=11120"},{"taxonomy":"product_cat","embeddable":true,"href":"https:\/\/b6-office.de\/index.php?rest_route=%2Fwp%2Fv2%2Fproduct_cat&post=11120"},{"taxonomy":"product_tag","embeddable":true,"href":"https:\/\/b6-office.de\/index.php?rest_route=%2Fwp%2Fv2%2Fproduct_tag&post=11120"}],"curies":[{"name":"wp","href":"https:\/\/api.w.org\/{rel}","templated":true}]}}