{"id":11138,"date":"2018-02-05T13:14:10","date_gmt":"2018-02-05T12:14:10","guid":{"rendered":"http:\/\/b6-office.de\/?post_type=product&#038;p=11138"},"modified":"2023-05-26T09:06:54","modified_gmt":"2023-05-26T07:06:54","slug":"werbeflaeche-links-gross","status":"publish","type":"product","link":"https:\/\/b6-office.de\/?product=werbeflaeche-links-gross","title":{"rendered":"Werbefl\u00e4che links (gro\u00df) B200xH200"},"content":{"rendered":"<p><strong>Ihr gro\u00dfe Werbepr\u00e4zens an der Eingangsseite.<\/strong><br \/>\nIm Format von B200 x H200cm bieten wir auf der Eingangseite<br \/>\n3 Werbefl\u00e4chen an, um Ihre Firma bestm\u00f6glich zu pr\u00e4sentieren.<br \/>\nDa die Anzahl der Werbefl\u00e4chen begrenzt ist,<br \/>\nempfehlen wir eine rechtzeitige Reservierung.<br \/>\nSie haben die Wahl zwischen:<\/p>\n<ul>\n<li>einer unbeleuchteten Werbeanlage\u00a0als Werbeschild oder<\/li>\n<li>einer beleuchteten LED-Lichtwerbeanlage.<\/li>\n<\/ul>\n<p>Die Montage- \/ Demontage ist nur mit Hubsteiger m\u00f6glich.<br \/>\nDie Beschriftungsarbeiten und Montagedienste leistet die<br \/>\nlizensierte Firma\u00a0idee-produktion.de GmbH aus Garbsen.<br \/>\nDie Mietzeiten sind gestaffelt nach 6 Monate, 1 Jahr und 3 Jahre Laufzeit.<br \/>\nDie Abrechnung erfolgt immer 6 Monate in voraus.<\/p>\n<p>F\u00fcr die evtl. Beleuchtung der Werbefl\u00e4che zahlen Sie alle 6 Monate\u00a0550,00 \u20ac im voraus.<\/p>\n<p>Weitere Werbefl\u00e4chen stehen an der Ostseite des b6-Office \u00fcber unseren<br \/>\nLED-Monitor im Gro\u00dfbildformat \u2013 dem 4c Digitalboard-in B650 x H450 cm<br \/>\nzur Verf\u00fcgung.<br \/>\nHier sind Werbefilme, Animationen und wechselnde Bilder m\u00f6glich.<br \/>\n<span style=\"line-height: 1.5;\">Mehr Infos finden Sie hier:<br \/>\nb<\/span>6-TV Tag &amp; Nacht Tarife &#8211; <a href=\"https:\/\/b6-office.de\/?product=b6-tv-tag-tarife\"><strong>b6-TV Tag Tarife<\/strong><\/a> &#8211; <strong><a href=\"https:\/\/b6-office.de\/?product=b6-tv-nacht-tarife\">b6-TV Nacht Tarife<\/a><\/strong><\/p>\n","protected":false},"excerpt":{"rendered":"<p>Ihr Werbefl\u00e4che B200 x H200cm an der Hausfassade,<br \/>\nlinks \u00fcber dem Eingangsbereich.<\/p>\n<p><strong>W\u00e4hlen Sie wie folgt:<\/strong><br \/>\n<strong>1) schwarzes Auswahlfeld anklicken,<\/strong><br \/>\n<strong>2) Auswahl nach und nach in den Warenkorb packen.<\/strong><br \/>\n<strong>3) ggf. Anzahl ausw\u00e4hlen.<\/strong><br \/>\n<strong>4) Weiter zur Kasse, registrieren und ggf. unter<\/strong><\/p>\n<p><strong>\u201cHinweise zur Bestellung\u201d zus\u00e4tzliche Infos eingeben.<\/strong><br \/>\n<strong>Zahlvorgang starten.<\/strong><\/p>\n","protected":false},"featured_media":11125,"comment_status":"closed","ping_status":"closed","template":"","meta":{"_links_to":"","_links_to_target":""},"product_brand":[],"product_cat":[293],"product_tag":[],"class_list":{"0":"post-11138","1":"product","2":"type-product","3":"status-publish","4":"has-post-thumbnail","6":"product_cat-dazu-mieten-1","7":"pa_werbeflaeche-links-entwurflayout-fuer-beschriftung-5500e","8":"pa_werbeflaeche-links-ihre-druckdaten-uebernehmen-3500e","9":"pa_werbeflaeche-links-schild-unbeleuchtet-b200xh200cm-45000e","10":"pa_werbeflaeche-links-schild-unbeleuchtet-montagekosten-mit-hubsteiger-54000e","11":"pa_werbeflaeche-links-schild-unbeleuchtet-demontagekosten-mit-hubsteiger-35000e","12":"pa_werbeflaeche-links-led-lichtwerbung-incl-anschluss-1-94000e","13":"pa_werbeflaeche-links-led-lichtwerbung-montagekosten-mit-hubsteiger-84000e","14":"pa_werbeflaeche-links-led-lichtwerbung-demontagekosten-mit-hubsteiger-35000e","15":"pa_werbeflaeche-links-stromkosten-fuer-beleuchtung-pro-jahr-55000e","16":"pa_werbeflaeche-links-jahresmiete-pro-jahr-im-voraus-59000e","17":"pa_werbeflaeche-links-3-jahrsmiete-pro-jahr-im-voraus-49000e","19":"first","20":"instock","21":"taxable","22":"shipping-taxable","23":"purchasable","24":"product-type-variable","25":"has-default-attributes","26":"has-featured-image","27":"landscape"},"_links":{"self":[{"href":"https:\/\/b6-office.de\/index.php?rest_route=\/wp\/v2\/product\/11138","targetHints":{"allow":["GET"]}}],"collection":[{"href":"https:\/\/b6-office.de\/index.php?rest_route=\/wp\/v2\/product"}],"about":[{"href":"https:\/\/b6-office.de\/index.php?rest_route=\/wp\/v2\/types\/product"}],"replies":[{"embeddable":true,"href":"https:\/\/b6-office.de\/index.php?rest_route=%2Fwp%2Fv2%2Fcomments&post=11138"}],"wp:featuredmedia":[{"embeddable":true,"href":"https:\/\/b6-office.de\/index.php?rest_route=\/wp\/v2\/media\/11125"}],"wp:attachment":[{"href":"https:\/\/b6-office.de\/index.php?rest_route=%2Fwp%2Fv2%2Fmedia&parent=11138"}],"wp:term":[{"taxonomy":"product_brand","embeddable":true,"href":"https:\/\/b6-office.de\/index.php?rest_route=%2Fwp%2Fv2%2Fproduct_brand&post=11138"},{"taxonomy":"product_cat","embeddable":true,"href":"https:\/\/b6-office.de\/index.php?rest_route=%2Fwp%2Fv2%2Fproduct_cat&post=11138"},{"taxonomy":"product_tag","embeddable":true,"href":"https:\/\/b6-office.de\/index.php?rest_route=%2Fwp%2Fv2%2Fproduct_tag&post=11138"}],"curies":[{"name":"wp","href":"https:\/\/api.w.org\/{rel}","templated":true}]}}