{"id":12057,"date":"2018-10-27T09:24:10","date_gmt":"2018-10-27T07:24:10","guid":{"rendered":"http:\/\/b6-office.de\/?post_type=product&#038;p=12057"},"modified":"2023-05-15T13:41:37","modified_gmt":"2023-05-15T11:41:37","slug":"weitere-schluessel","status":"publish","type":"product","link":"https:\/\/b6-office.de\/?product=weitere-schluessel","title":{"rendered":"Weitere Schl\u00fcssel, Ersatzschl\u00fcssel, Zugang-Chips, Nachbestellungen, Schl\u00fcssel verloren-was tun? Alles zur Schliessanlage. \u00d6ffnungszeiten u.v.m."},"content":{"rendered":"<p><strong>B\u00fcroschl\u00fcssel<\/strong><br \/>\nSie erhalten je B\u00fcroraum 2 Schl\u00fcssel.<br \/>\nF\u00fcr das Verschliessen Ihres B\u00fcros sind<br \/>\nSie zust\u00e4ndig und verantwortlich.<\/p>\n<p>Sie k\u00f6nnen bei uns weitere Dritt- oder Mehrfach-Schl\u00fcssel anfordern,<br \/>\ndieser muss dann f\u00fcr Sie extra nachproduziert werden.<br \/>\nEs dauert ca. 2 Woche und kostet je Schl\u00fcssel 75,00 \u20ac.<br \/>\nAlle Schl\u00fcssel sind zum Mietende wieder zur\u00fcck zu geben, da alle<br \/>\nSchl\u00fcssel zur b6-office.de Schliessanlage geh\u00f6ren.<br \/>\nEine Kostenerstattung erfolgt bei R\u00fcckgabe nicht!<\/p>\n<p>Bei nicht vollst\u00e4ndiger R\u00fcckgabe der Schl\u00fcssel zum Mietende<br \/>\nwird das betreffende Schloss der Fehlschl\u00fcssel ausgetauscht.<br \/>\nDie Kosten hierf\u00fcr betragen 250,00 \u20ac je Schloss \/ Zylinder \/ inkl. Schl\u00fcssel.<br \/>\nBitte passen Sie daher gut auf Ihre Schl\u00fcssel auf!<\/p>\n<p><strong>Briefkastenschl\u00fcssel<\/strong><br \/>\nJe B\u00fcroraum erhalten Sie einen Briefkastenschl\u00fcssel.<\/p>\n<p>Sie k\u00f6nnen bei uns einen Zweit-Briefkastenschl\u00fcssel anfordern,<br \/>\ndieser muss dann extra f\u00fcr Sie produziert werden.<br \/>\nEs dauert ca. 1 Woche und kostet je Briefkastenschl\u00fcssel 30,00 \u20ac.<br \/>\nAlle Schl\u00fcssel sind zum Mietende wieder zur\u00fcck zu geben.<br \/>\nEine Kostenerstattung erfolgt bei R\u00fcckgabe nicht!<\/p>\n<p>Bei nicht vollst\u00e4ndiger R\u00fcckgabe der Briefkastenschl\u00fcssel zum Mietende<br \/>\nwird das betreffende Schloss des Briefkastens ausgetauscht.<br \/>\nDie Kosten hierf\u00fcr betragen 75,00 \u20ac je Briefkasten \/ Schloss \/ inkl. Schl\u00fcssel.<br \/>\nBitte passen Sie daher gut auf Ihre Schl\u00fcssel auf!<\/p>\n<p><strong>RFID-Chip f\u00fcr die Haupteingangs- und Treppenhaust\u00fcren<\/strong><br \/>\nF\u00fcr die Haupteingangst\u00fcr und den Treppenhaust\u00fcren in Ihrer Etage<br \/>\nerhalten Sie pro B\u00fcroraum 2 kleine runde Kunststoff-Chips f\u00fcr die<br \/>\nRFID-Zugangsberechtigung.<\/p>\n<p>Sie k\u00f6nnen bei uns weitere Zugangschips anfordern,<br \/>\ndiese m\u00fcssen dann erst f\u00fcr Sie programmiert werden.<br \/>\nEs dauert ca. 1 Woche und kostet je Erst-Chip 50,00 \u20ac,<br \/>\njeder weitere Chip bei Nachbestellung 30,00 \u20ac.<br \/>\nAlle Chips sind zum Mietende wieder zur\u00fcck zu geben, da diese<br \/>\nZugangschips zur b6-office.de RFID-Anlage geh\u00f6ren.<br \/>\nEine Kostenerstattung erfolgt bei R\u00fcckgabe nicht!<\/p>\n<p>Bei Verlust eines Zugangschips m\u00fcssen wir die<br \/>\nProgrammierung der RFID-T\u00fcrschliessung \u00e4ndern.<br \/>\nDie Kosten hierf\u00fcr betragen einmalig je Chipverlust je Chip 50,00\u20ac,<br \/>\nsowie \u00c4nderung der Programmierung einmalig 125,00 \u20ac<\/p>\n<p><strong>Achtung:<\/strong><br \/>\nJeder Schl\u00fcssel- oder Chipverlust ist sofort bei der b6-office.de Hausleitung<br \/>\nschriftlich anzuzeigen, das der Chip gesperrt und die Schliessanlage ge\u00e4ndert wird.<\/p>\n","protected":false},"excerpt":{"rendered":"<p>Hier k\u00f6nnen Sie weitere Schl\u00fcssel f\u00fcr Ihr B\u00fcro, Briefkasten,<br \/>\nHaupteingangst\u00fcr und Treppenhaust\u00fcr bestellen.<br \/>\nW\u00e4hlen Sie Ihren Schl\u00fcssel\/Chip und die Anzahl aus.<br \/>\n<strong>Achtung 1:<br \/>\n<\/strong>Alle Schl\u00fcssel sind zum Mietende wieder<br \/>\nvollz\u00e4hlig an b6-office.de zur\u00fcck zu geben.<br \/>\nEine Kostenerstattung erfolgt bei R\u00fcckgabe nicht!<br \/>\n<strong>Achtung 2:<\/strong><br \/>\nJeder Schl\u00fcssel- oder Chipverlust ist sofort bei der b6-office.de<br \/>\nHausleitung schriftlich anzuzeigen, das der Chip gesperrt und<br \/>\ndie Schliessanlage ge\u00e4ndert wird.<\/p>\n<p><strong>So erhalten Sie die Preise<br \/>\nW\u00e4hlen Sie wie folgt:<\/strong><br \/>\n<strong>1)<\/strong>\u00a0schwarzes Auswahlfeld anklicken,<br \/>\n<strong>2)<\/strong>\u00a0Auswahl nach und nach in den Warenkorb packen.<br \/>\n<strong>3)<\/strong>\u00a0ggf. Anzahl ausw\u00e4hlen.<br \/>\n<strong>4)<\/strong>\u00a0Weiter zur Kasse, registrieren und ggf. unter<br \/>\n\u201cHinweise zur Bestellung\u201d zus\u00e4tzliche Infos eingeben.<br \/>\nZahlvorgang starten.<\/p>\n","protected":false},"featured_media":12061,"comment_status":"closed","ping_status":"closed","template":"","meta":{"_links_to":"","_links_to_target":""},"product_brand":[],"product_cat":[725],"product_tag":[],"class_list":{"0":"post-12057","1":"product","2":"type-product","3":"status-publish","4":"has-post-thumbnail","6":"product_cat-service-accessoires","7":"pa_weitere-schluessel-zweitschluessel-briefkasten-3000e","8":"pa_weitere-schluessel-dritt-mehrfachschluessel-buero-einmalig-je-7500e","9":"pa_weitere-schluessel-weiterer-zugangs-rfid-chips-5000e","10":"pa_weitere-schluessel-briefkassenschluessel-verlustaustausch-briefkastenschloss-je-7500e","11":"pa_weitere-schluessel-bueroschluessel-verlustaustausch-bueroschliessung-je-tuer-25000e","12":"pa_weitere-schluessel-rfid-zugangschip-verlustprogrammierungneuer-chip-je-12500e","13":"pa_weitere-schluessel-weiterer-zugangs-rfid-chips-nach-erstchip-je-weitere-chip-3000e","15":"first","16":"instock","17":"taxable","18":"shipping-taxable","19":"purchasable","20":"product-type-variable","21":"has-default-attributes","22":"has-featured-image","23":"landscape"},"_links":{"self":[{"href":"https:\/\/b6-office.de\/index.php?rest_route=\/wp\/v2\/product\/12057","targetHints":{"allow":["GET"]}}],"collection":[{"href":"https:\/\/b6-office.de\/index.php?rest_route=\/wp\/v2\/product"}],"about":[{"href":"https:\/\/b6-office.de\/index.php?rest_route=\/wp\/v2\/types\/product"}],"replies":[{"embeddable":true,"href":"https:\/\/b6-office.de\/index.php?rest_route=%2Fwp%2Fv2%2Fcomments&post=12057"}],"wp:featuredmedia":[{"embeddable":true,"href":"https:\/\/b6-office.de\/index.php?rest_route=\/wp\/v2\/media\/12061"}],"wp:attachment":[{"href":"https:\/\/b6-office.de\/index.php?rest_route=%2Fwp%2Fv2%2Fmedia&parent=12057"}],"wp:term":[{"taxonomy":"product_brand","embeddable":true,"href":"https:\/\/b6-office.de\/index.php?rest_route=%2Fwp%2Fv2%2Fproduct_brand&post=12057"},{"taxonomy":"product_cat","embeddable":true,"href":"https:\/\/b6-office.de\/index.php?rest_route=%2Fwp%2Fv2%2Fproduct_cat&post=12057"},{"taxonomy":"product_tag","embeddable":true,"href":"https:\/\/b6-office.de\/index.php?rest_route=%2Fwp%2Fv2%2Fproduct_tag&post=12057"}],"curies":[{"name":"wp","href":"https:\/\/api.w.org\/{rel}","templated":true}]}}