{"id":14697,"date":"2018-11-29T12:24:58","date_gmt":"2018-11-29T11:24:58","guid":{"rendered":"http:\/\/b6-office.de\/?product=bueromodul-3-11-jahresmiete-2-og-rechts"},"modified":"2025-10-21T14:37:05","modified_gmt":"2025-10-21T12:37:05","slug":"bueromodul-3-11-jahresmiete-2-og-rechts","status":"publish","type":"product","link":"https:\/\/b6-office.de\/?product=bueromodul-3-11-jahresmiete-2-og-rechts","title":{"rendered":"B\u00fcro3.11 -2. OG re. Plus-Ausstattung"},"content":{"rendered":"<p><strong>Basic-Austattung:<br \/>\n<\/strong>&#8211; WC mit Waschmodul<br \/>\n&#8211; ohne Teek\u00fcche, ohne K\u00fchlschrank<br \/>\n&#8211; mit Teppich wie vorhanden, bezugsfertig<br \/>\n&#8211; Sie renovieren zum Auszug\u00a0(Wandanstrich\/Teppichreinigung)<br \/>\n&#8211; zzgl.\u00a0<strong><a title=\"Hier gehts zu den Nebenkosten.\" href=\"https:\/\/b6-office.de\/?product=nebenkosten\" target=\"_blank\" rel=\"noopener\">Nebenkosten<\/a><\/strong>, zzgl. Strom, Heizung, Wasser nach Ihrem Bedarf.<\/p>\n<p><strong>Plus-Ausstattung:<\/strong><br \/>\n&#8211; wie Basic, teilweise mit Sideboard oder zzgl.<br \/>\n&#8211; mit Teek\u00fcche, Sp\u00fcle, K\u00fchlschrank, Dunstabzugshaube<br \/>\n&#8211; optional mit Duschmodul<\/p>\n<p><strong>Ihr modernes B\u00fcrogeb\u00e4ude.<br \/>\n<\/strong>b6-office.de ist ein modernes B\u00fcrogeb\u00e4ude mit kombinierbaren<br \/>\nB\u00fcromodulen in verschiedenen Ausstattungen f\u00fcr die gewerblich Anmietung<br \/>\nmit dem Standort &#8211; direkt an der B6 &#8211; in Nord-Hannover \/ Garbsen.<br \/>\nAuf \u00fcber 2.300qm B\u00fcrofl\u00e4che haben wir 52 st. kleine B\u00fcrofl\u00e4chen von rund<br \/>\n30qm sowie ein Penthaus-B\u00fcro und diverse Besprechungs- und Schulungs-<br \/>\nund Konferenzr\u00e4ume sowie Flex-B\u00fcros.<br \/>\nDie B\u00fcrofl\u00e4chen k\u00f6nnen einzeln angemietet oder modular zusammengelegt<br \/>\nwerden, so das B\u00fcror\u00e4ume\u00a0von 30qm, 60qm, 90qm, 120qm u.s.w.<br \/>\nbis 550qm je B\u00fcroetagen entstehen.<\/p>\n<p><strong>Sie suchen kleinere oder gr\u00f6\u00dfere B\u00fcrofl\u00e4chen? b6-office hat die L\u00f6sung!<\/strong><\/p>\n<p><strong>Tages-, Wochen- oder Monats-B\u00fcro zur kurzfristigen Nutzung? Haben wir!<\/strong><\/p>\n<p><strong>G\u00fcnstige Jahres-B\u00fcros f\u00fcr 1-, 3-, 5- oder 10 Jahre &#8211; bei uns sind Sie richtig!<\/strong><\/p>\n<p>Sie k\u00f6nnen hier via Shop buchen, telefonisch unter 0511\/9200 000 oder<br \/>\nan der Rezeption,\u00a0ge\u00f6ffnet von:<br \/>\nDi., Mi. u. Do. 8.00 &#8211; 12.00 h.<\/p>\n<p><strong>Sie buchen auf Basis des Mietvertrages, den Sie unter nachfolgenden Link<br \/>\neinsehen, ausdrucken und herunterladen k\u00f6nnen:\u00a0<a title=\"Mietvertrag als PDF\" href=\"https:\/\/b6-office.de\/?product=mietvertrag-als-pdf\" target=\"_blank\" rel=\"noopener\">Mietvertrag<\/a><\/strong><\/p>\n<p><strong>Preise:<\/strong>\u00a0alle Preise zzgl. Mwst., wie hier im Shop ausgewiesen.<\/p>\n","protected":false},"excerpt":{"rendered":"<p><strong>So erhalten Sie Ihren Mietpreis\/Ihr Mietangebot:<\/strong><br \/>\n<strong>1. Mietdauer im schwarzen Balken w\u00e4hlen.<\/strong><br \/>\n<strong>2. Bei mehreren B\u00fcros Ihre Wunschb\u00fcroanzahl<br \/>\nunter dem Preis (bei 1+\/-) w\u00e4hlen.<\/strong><br \/>\n<strong>3. Packen Sie die Auswahl in den Warenkorb.<\/strong><br \/>\n<strong>4. Auf \u201cWarenkorb anzeigen\u201d klicken und<br \/>\nWarenkorb als Angebot ausdrucken\/PDF speichern.<\/strong><\/p>\n<p><strong>Interesse? oder mehr Infos? Bitte Nachricht senden:<br \/>\n<\/strong>[supsystic-form id=11]<\/p>\n<p><strong>Link: <\/strong><a title=\"Hier gehts zur Tages- und Wochenmiete.\" href=\"https:\/\/b6-office.de\/?product=1-produkt\" target=\"_blank\" rel=\"noopener\"><strong>Hier finden Sie die Tages- und Wochenmiete.<\/strong><br \/>\n<\/a><strong>Hier finden Sie die <em><a href=\"https:\/\/b6-office.de\/?product=nebenkosten\" target=\"_blank\" rel=\"noopener\">Nebenkosten! Hier klicken.<\/a><\/em><\/strong><\/p>\n<h5>zzgl. NK 3,00\u20ac\/qm &amp; 80,00\u20ac\/mtl. Energiekosten.<\/h5>\n","protected":false},"featured_media":11635,"comment_status":"closed","ping_status":"closed","template":"","meta":{"_links_to":"","_links_to_target":""},"product_brand":[],"product_cat":[624],"product_tag":[],"class_list":{"0":"post-14697","1":"product","2":"type-product","3":"status-publish","4":"has-post-thumbnail","6":"product_cat-2-obergeschoss-rechts","8":"first","9":"instock","10":"taxable","11":"shipping-taxable","12":"purchasable","13":"product-type-variable","14":"has-default-attributes","15":"has-featured-image","16":"portrait"},"_links":{"self":[{"href":"https:\/\/b6-office.de\/index.php?rest_route=\/wp\/v2\/product\/14697","targetHints":{"allow":["GET"]}}],"collection":[{"href":"https:\/\/b6-office.de\/index.php?rest_route=\/wp\/v2\/product"}],"about":[{"href":"https:\/\/b6-office.de\/index.php?rest_route=\/wp\/v2\/types\/product"}],"replies":[{"embeddable":true,"href":"https:\/\/b6-office.de\/index.php?rest_route=%2Fwp%2Fv2%2Fcomments&post=14697"}],"wp:featuredmedia":[{"embeddable":true,"href":"https:\/\/b6-office.de\/index.php?rest_route=\/wp\/v2\/media\/11635"}],"wp:attachment":[{"href":"https:\/\/b6-office.de\/index.php?rest_route=%2Fwp%2Fv2%2Fmedia&parent=14697"}],"wp:term":[{"taxonomy":"product_brand","embeddable":true,"href":"https:\/\/b6-office.de\/index.php?rest_route=%2Fwp%2Fv2%2Fproduct_brand&post=14697"},{"taxonomy":"product_cat","embeddable":true,"href":"https:\/\/b6-office.de\/index.php?rest_route=%2Fwp%2Fv2%2Fproduct_cat&post=14697"},{"taxonomy":"product_tag","embeddable":true,"href":"https:\/\/b6-office.de\/index.php?rest_route=%2Fwp%2Fv2%2Fproduct_tag&post=14697"}],"curies":[{"name":"wp","href":"https:\/\/api.w.org\/{rel}","templated":true}]}}