{"id":16099,"date":"2020-05-18T13:44:56","date_gmt":"2020-05-18T11:44:56","guid":{"rendered":"http:\/\/b6-office.de\/?product=exclus-penthaus-doppelbuero-4-5-a-3-og-noch-frei-beste-lage-dies-buero-wartet-auf-sie"},"modified":"2023-05-24T13:31:38","modified_gmt":"2023-05-24T11:31:38","slug":"exclus-penthaus-doppelbuero-4-5-a-3-og-noch-frei-beste-lage-dies-buero-wartet-auf-sie","status":"publish","type":"product","link":"https:\/\/b6-office.de\/?product=exclus-penthaus-doppelbuero-4-5-a-3-og-noch-frei-beste-lage-dies-buero-wartet-auf-sie","title":{"rendered":"Exclus. Penthaus-Doppelb\u00fcro 4.5 (A) 3. OG noch frei! Beste Lage! Dies B\u00fcro wartet auf Sie!"},"content":{"rendered":"<p><strong>Nebenkosten:<\/strong><br \/>\nqm 2,50\u20ac<\/p>\n<p><strong>Energiekosten:<\/strong><br \/>\n60,00\u20ac\/mtl.<\/p>\n<p>Mit Bodenbelag wie vorhanden, mit weisser Tapete.<\/p>\n<p>mit 1 x kompletter Teek\u00fcche, mit Mikrowelle<br \/>\nmit 1 x WC<strong><br \/>\n<\/strong><\/p>\n<p><span style=\"text-decoration: underline;\"><strong>Optional:<br \/>\n<\/strong><\/span><strong>Penthaus mit 123qm<br \/>\nPenthaus mit 167qm<br \/>\nPenthaus mit 60qm, fragen Sie bei uns an!<br \/>\n<\/strong><\/p>\n<p><b>____________________________________________________________________________________________<\/b><\/p>\n<p><strong>Ihr modernes B\u00fcrogeb\u00e4ude.<br \/>\nExclusives Arbeiten im modernem Penthaus-B\u00fcro.<br \/>\n<\/strong>b6-office.de ist ein innovatives B\u00fcrokonzept f\u00fcr die gewerblich Anmietung<br \/>\nmit dem Standort &#8211; direkt an der B6 in Nord-Hannover \/ Garbsen entwickelt.<br \/>\nAuf \u00fcber 2.300qm B\u00fcrofl\u00e4che stellen wir 52 st. kleine<br \/>\nund kombinierbare B\u00fcrofl\u00e4chen von je 30qm zur Verf\u00fcgung,<br \/>\nund im 3.OG ein Penthausb\u00fcro mit S\u00fcdwestterrasse,<br \/>\num Ihnen die Arbeit bestm\u00f6glich und angenehm zu gestalten.<br \/>\nGro\u00dfe helle lichtdurchflutete R\u00e4ume in hervorragender Massivbauweise!<\/p>\n<p>Sie k\u00f6nnen Ihr Office mit zus\u00e4tzlichen B\u00fcros auf gleicher Ebene vergr\u00f6\u00dferen.<br \/>\nAuf den darunterliegenden Etagen bieten wir gen\u00fcgend B\u00fcromodule\u00a0und diverse Besprechungs- und Schulungsr\u00e4ume f\u00fcr kleine und gro\u00dfe Officel\u00f6sungen an.<\/p>\n<p>Die B\u00fcrofl\u00e4chen k\u00f6nnen einzeln angemietet oder modular zusammengelegt<br \/>\nwerden, so das B\u00fcros von 30qm, 60qm, 90qm, 120qm u.s.w.<br \/>\nbis 550qm je B\u00fcroetagen entstehen.<br \/>\n<strong>Sie suchen kleine B\u00fcror\u00e4ume? b6-office hat die L\u00f6sung!<\/strong><br \/>\n<strong> Sie suchen gr\u00f6\u00dfere B\u00fcrofl\u00e4chen? b6-office hat die L\u00f6sung!<\/strong><br \/>\nSie suchen ein B\u00fcro zur lediglich kurzfristigen Nutzung,<br \/>\nz.B. zur Messe oder\u00a0Veranstaltung, wir stellen bereit:<br \/>\n&#8211; kleine + kompakte 24\/7-B\u00fcrofl\u00e4chen<br \/>\n&#8211; incl. eigene Teek\u00fcche mit K\u00fchlschrank \/ Sp\u00fcle<br \/>\n&#8211; incl. eingerichteten Bad mit WC, Waschbecken \/ Spiegel<br \/>\n<strong>Optional:<\/strong>\u00a0mit 24\/7 Sleep Modul, wenn Sie auch nachts arbeiten wollen und Dusche.<\/p>\n<p><strong>Sie k\u00f6nnen hier via Shop buchen, telefonisch unter 0511\/9200 000 oder<\/strong><br \/>\n<strong> an der Rezeption,\u00a0ge\u00f6ffnet von Mo. &#8211; Fr. 7 &#8211; 10 Uhr und 17 &#8211; 20 Uhr.<\/strong><\/p>\n<p><strong>Dar\u00fcber hinaus bietet b6-office.de:<\/strong><br \/>\n&#8211; f\u00fcr alle kleinen B\u00fcromodule interessante kurzzeit- mittelfristige Mieten<br \/>\n&#8211; verg\u00fcnstigte Langzeitmieten 42 Monate bis 120 Monate<br \/>\n&#8211; f\u00fcr das Penthaus Mietzeiten mindestens 36 , 60 oder 120 Monate<br \/>\n&#8211; Mietzins-Verzinsung mit interessanten Jahreszinssatz<br \/>\n&#8211; B\u00fcrofl\u00e4chen zum Kauf zur Eigennutzung oder als Kapitalanlage<br \/>\n&#8211; FinanzierungsService \u00fcber die b6-Hausbank = Sparkasse Wunstorf.<\/p>\n<p><strong>Alle B\u00fcrofl\u00e4chen k\u00f6nnen mit oder ohne B\u00fcroeinrichtung<br \/>\nangemietet werden.<br \/>\nF\u00fcr das Penthaus<\/strong><strong> Miete <\/strong><br \/>\n&#8211; sichere Langzeitvertr\u00e4ge<br \/>\n&#8211; verg\u00fcnstigte Jahresvorauszahlungstarife<br \/>\n&#8211; verg\u00fcnstigte\/s Verl\u00e4ngerungsjahr\/e<br \/>\n<strong>Mietzeit:\u00a0<\/strong>ab 3 Jahre bis 10 Jahre<br \/>\n<strong>Zahlweise:<\/strong>\u00a0Vorauszahlung \/ oder mtl. Abbuchung\/\u00dcberweisung<br \/>\n<strong>Mietsicherheit:<\/strong>\u00a03 Monate, f\u00e4llig vor Einzug.<br \/>\n<strong>K\u00fcndigungszeit:<\/strong>\u00a06 Monate zum Mietende, automatische Verl\u00e4ngerung.<br \/>\n<strong>Energiekosten-Wasser:<\/strong>\u00a0nach Bedarf\/Abrechnung Z\u00e4hlerstand<br \/>\n<strong>Energiekosten-Strom:<\/strong>\u00a0nach Bedarf\/Abrechnung Z\u00e4hlerstand<\/p>\n<p><strong>B\u00fcro-5 Jahres-Leasing:<br \/>\n<\/strong>Sie erhalten die verg\u00fcnstigten 10 Jahres-Mietkonditionen und<br \/>\n&#8211; zahlen 30% der Gesamtmietsumme als 1mal Zahlung vor Einzug, sowie<br \/>\n&#8211; zahlen den verg\u00fcnstigten Mietzins der verbleiben 70% Gesamtmietzinssumme<br \/>\naufgeteilt auf 60 Monate, jeweils monatlich im voraus zum Ersten des Mietmonats.<\/p>\n<p><strong>Mietkauf:<br \/>\n<\/strong>Sie mieten Ihr Penthaus f\u00fcr mindestens 5 Jahre.<br \/>\nInnerhalb der ersten 12 Monaten treffen Sie Ihre Entscheidung ob Sie kaufen<br \/>\nm\u00f6chten oder nicht.<br \/>\nWenn Sie innerhalb des ersten Mietjahres kaufen, rechnen wir<br \/>\nIhre bisherige Mietsumme (bis zu 3 Monate) als Anzahlung an.<br \/>\nWenn Sie erst in den Folgejahren kaufen m\u00f6chten, rechnen wir Ihnen<br \/>\npauschal 2 Monate der bisher gezahlten Monats-Mietsumme an.<br \/>\nWenn Sie garnicht kaufen m\u00f6chten, verlieren und gewinnen Sie nichts.<br \/>\n<strong>Bedingung:\u00a0<\/strong>Schon bei Mietvertragsbeginn sollten die<br \/>\nOption: &#8222;Mietkauf-Wunsch&#8220;\u00a0beiderseitig best\u00e4tigt werden.<\/p>\n<p><strong>Kauf:<\/strong><br \/>\nUnserer b6-Penthaus bieten wir als Eigentumsb\u00fcro an.<br \/>\nEigentum statt Miete! So verlieren Sie kein Geld und erarbeiten sich<br \/>\nmit jedem Monat Ihr Eigentum, ganz automatisch.<br \/>\n<strong>Ihre ideale Geldanlage! Ihr eigenes B\u00fcro!<\/strong><br \/>\n<a href=\"https:\/\/b6-office.de\/?product_cat=b6-office-bueromodule-kaufen\" target=\"_blank\" rel=\"noopener\"><strong>Hier finden Sie den Link zu unseren B\u00fcro-Verkaufsangeboten.<\/strong><\/a><\/p>\n<p><strong>Fahrstuhl-Nutzung:<\/strong><br \/>\nDie anteilige Fahrstuhlnutzung ist in den Mietpreisen includiert.<\/p>\n<p><strong>Besprechungsraum-Nutzung<br \/>\n<\/strong>Der Besprechungsraum steht Ihnen 2x mtl. f\u00fcr je 2 Std. je B\u00fcromodul<br \/>\nmit der Basismiete zur Verf\u00fcgung.<br \/>\nDie Zeiten k\u00f6nnen nicht auf den Folgemonat \u00fcbertragen werden.<br \/>\nZur weiteren Nutzung k\u00f6nnen Sie den Besprechungsraum\u00a0nach Wahl<br \/>\njederzeit hinzu mieten.<br \/>\nSollten Sie \u00f6fters einen Besprechungsraum nutzen, erhalten Sie folgende<br \/>\nNachl\u00e4sse bei Vorausbuchung und Vorauszahlung:<br \/>\n10 Buchungen abzgl. 10%\u00a0auf die Online-Preise<br \/>\n20 Buchungen abzgl. 20% auf die Online-Preise<br \/>\n30 Buchungen abzgl, 30% auf die Online-Preise<br \/>\njeweils zahlbar\u00a0im voraus\u00a0an der Rezeption.<br \/>\n<a href=\"https:\/\/b6-office.de\/?product=z1-besprechungsraum-mieten-auf-zeit\" target=\"_blank\" rel=\"noopener\"><strong>Hier der Link zu den Besprechungsraum-Einzelbuchungen.<\/strong><\/a><\/p>\n<p><strong>Sie buchen auf Basis des Mietvertrages den Sie unter nachfolgenden Link<br \/>\neinsehen, ausdrucken und herunterladen k\u00f6nnen: <a title=\"Mietvertrag als PDF\" href=\"https:\/\/b6-office.de\/?product=mietvertrag-als-pdf\">Mietvertrag<\/a><strong><a title=\"Mietvertrag einsehen\/downloaden\" href=\"https:\/\/b6-office.de\/?download_file=6364&amp;order=order_58b905dcc2f78&amp;email=pl@i--p.de&amp;key=f4e40e9f5e8636d82a14ebfc141689df\" target=\"_blank\" rel=\"noopener\"><br \/>\n<\/a><\/strong><\/strong><\/p>\n<p>&#8212;&#8212;&#8212;&#8212;&#8212;&#8212;&#8212;&#8212;&#8212;&#8212;&#8212;&#8212;&#8212;&#8212;&#8212;&#8212;&#8212;&#8212;&#8212;&#8212;&#8212;&#8212;&#8212;&#8212;&#8212;&#8212;&#8212;&#8212;&#8212;&#8212;&#8212;-<\/p>\n<p><strong><a title=\"Hier der direkt Klick zu den Tages- und Wochenmietpreisen.\" href=\"https:\/\/b6-office.de\/?product=1-produkt\" target=\"_blank\" rel=\"noopener\">Die Preise f\u00fcr die Kurzzeitmiete der B\u00fcromodule finden Sie hier:<\/a><\/strong><br \/>\nEinfach auf obigen blauen Link klicken.<br \/>\n<span style=\"text-decoration: underline;\"><strong>Kurzzeit-Tagesmiete:<\/strong>\u00a0(1 Tag bis 6 Tage)<\/span><br \/>\n<strong>&#8211; B\u00fcronutzung:<\/strong> von 10.00 bis zum Folgetag 10.00 Uhr.<br \/>\n<strong>&#8211; Check In:<\/strong> zu den Rezeptionszeiten.<br \/>\n<strong>&#8211; Late Check In: <\/strong>nach 20 Uhr, nach Vereinbarung 20,00 \u20ac Aufpreis.<br \/>\n<strong>&#8211; Check Out:<\/strong>\u00a0ist stets 7.00 bis 10.00 Uhr. Ab 10 Uhr beginnt ein neuer Miettag.<br \/>\n<strong>&#8211; Mietzeit:<\/strong>\u00a0nach Wunsch, tageweise verl\u00e4ngerbar.<br \/>\n<strong>&#8211; verg\u00fcnstigte Miet-Verl\u00e4ngerungstage: <\/strong>ab 7ten Tag<br \/>\n&#8211; <strong>Mietsicherheit:<\/strong>\u00a0keine<br \/>\n&#8211; <strong>K\u00fcndigungszeit:<\/strong>\u00a0keine<br \/>\n&#8211; <strong>Energiekosten-Wasser:<\/strong>\u00a0incl.<br \/>\n&#8211; <strong>Energiekosten-Strom:<\/strong>\u00a0incl.<strong><br \/>\n&#8211; Preise: <\/strong>zzgl. MwSt., wie hier im Shop ausgewiesen.<strong><br \/>\n&#8211; <strong>Zahlungsweise:<\/strong><\/strong>\u00a0im voraus.<strong><br \/>\n<\/strong><\/p>\n<p><span style=\"text-decoration: underline;\"><strong>Kurzzeit-Wochenmiete:<\/strong>\u00a0(ab 1 Woche bis 8 Wochen)<\/span><br \/>\n<strong>&#8211;\u00a0Bedingungen:<\/strong> wie Tagesmiete, jedoch Wochenvertrag.<br \/>\n<strong>&#8211; Mietbeginn:<\/strong>\u00a0sofort wenn frei (Wochenende nach Vereinbarung)<br \/>\n<strong>&#8211; verg\u00fcnstigte Verl\u00e4ngerungstage:<\/strong> ab 7ten Tag<br \/>\n<strong>&#8211; verg\u00fcnstigte Verl\u00e4ngerungswoche\/n:<\/strong> ab 9te Woche<br \/>\n<strong>&#8211; Energieverbrauchskosten:<\/strong> sind in der Kurzzeitmiete includiert.<\/p>\n","protected":false},"excerpt":{"rendered":"<p><span style=\"text-decoration: underline;\"><strong>Mittel- und Langzeitmiete nach Auswahl.<\/strong><\/span><br \/>\n<span style=\"color: green;\"><strong>B\u00fcro frei ab:<\/strong>\u00a0sofort!<\/span><\/p>\n<h3><span style=\"color: #000000;\">Penthaus-Doppelb\u00fcro 44qm.<\/span><\/h3>\n<p><strong>Exclusives Penthaus <\/strong>mit noch variabler Raumaufteilung.<br \/>\n&#8211; siehe Raumaufteilungsbeispiele<br \/>\n&#8211; Wir bauen f\u00fcr Sie Ihr optimales B\u00fcro.<br \/>\n&#8211; S\u00fcdterrasse mit Ausblick<br \/>\n&#8211; Klimanlagen<br \/>\n&#8211; 2 fest zugewiesene Parkpl\u00e4tze<span style=\"text-decoration: underline;\"><strong><br \/>\n<\/strong><\/span><\/p>\n<p><strong style=\"line-height: 1.5;\">So erhalten Sie Ihren Mietpreis:<br \/>\n<\/strong><strong style=\"line-height: 1.5;\">1.\u00a0Beide schwarzen Balken w\u00e4hlen, dann erscheint Preis!<br \/>\n<\/strong><strong style=\"line-height: 1.5;\">2. Mietzeit und B\u00fcromodul Anzahl ausw\u00e4hlen.<br \/>\n<\/strong><strong style=\"line-height: 1.5;\">3. Danach die B\u00fcro-Anzahl ausw\u00e4hlen.<br \/>\n<\/strong><strong style=\"line-height: 1.5;\">4. Auswahl in den Warenkorb packen.<br \/>\n<\/strong><strong style=\"line-height: 1.5;\">5.\u00a0Auf \u201cWarenkorb anzeigen\u201d klicken und Warenkorb als<\/strong><\/p>\n<p><strong> Angebot ausdrucken (Datei drucken) oder bei Bestellung<br \/>\nIhren\u00a0Wunsch \u2013 B\u00fcromietbeginn uns zusenden. Buchen.<\/strong><\/p>\n<p><strong>Interesse? oder mehr Infos? Bitte Nachricht senden:<br \/>\n<\/strong>[supsystic-form id=11]<strong><br \/>\n<\/strong><\/p>\n<p>Link:\u00a0<a title=\"Hier gehts zur Tages- und Wochenmiete.\" href=\"https:\/\/b6-office.de\/?product=1-produkt\" target=\"_blank\" rel=\"noopener\">Hier finden Sie die Tages- und Wochenmiete.<br \/>\n<\/a><strong><a title=\"Messekalendar\" href=\"https:\/\/b6-office.de\/?page_id=5382\" target=\"_blank\" rel=\"noopener\">Messekalendar<\/a>\u00a0<\/strong>( nur bei Monatsmiete beachten!)<\/p>\n<h3><strong>Hier finden Sie die\u00a0<a href=\"https:\/\/b6-office.de\/?product=nebenkosten\" target=\"_blank\" rel=\"noopener\"><em>Nebenkosten!\u00a0Hier klicken.<\/em><\/a><\/strong><\/h3>\n","protected":false},"featured_media":11635,"comment_status":"closed","ping_status":"closed","template":"","meta":{"_links_to":"","_links_to_target":""},"product_brand":[],"product_cat":[627],"product_tag":[],"class_list":{"0":"post-16099","1":"product","2":"type-product","3":"status-publish","4":"has-post-thumbnail","6":"product_cat-3-obergeschoss-penthausbuero-3-obergeschoss-4-etage","7":"pa_miete-penthaus-3-jahresvertrag-mtl-zahlung-zzgl-nebenkosten","8":"pa_miete-penthaus-5-jahresvertrag-mtl-zahlung-zzgl-nebenkosten","9":"pa_miete-penthaus-10-jahresvertrag-mtl-zahlung-zzgl-nebenkosten","10":"pa_miete-penthaus-miete-komplette-etage-4st-penthausca-288qm-3-jahresvertrag-miete-mtl-4-74600e","11":"pa_miete-penthaus-miete-komplette-etage-4st-penthausca-288qm-5-jahresvertrag-miete-mtl-4-51000e","12":"pa_miete-penthaus-miete-komplette-etage-4st-penthausca-288qm-10-jahresvertrag-miete-mtl-4-32000e","14":"first","15":"instock","16":"taxable","17":"shipping-taxable","18":"purchasable","19":"product-type-variable","20":"has-default-attributes","21":"has-featured-image","22":"portrait"},"_links":{"self":[{"href":"https:\/\/b6-office.de\/index.php?rest_route=\/wp\/v2\/product\/16099","targetHints":{"allow":["GET"]}}],"collection":[{"href":"https:\/\/b6-office.de\/index.php?rest_route=\/wp\/v2\/product"}],"about":[{"href":"https:\/\/b6-office.de\/index.php?rest_route=\/wp\/v2\/types\/product"}],"replies":[{"embeddable":true,"href":"https:\/\/b6-office.de\/index.php?rest_route=%2Fwp%2Fv2%2Fcomments&post=16099"}],"wp:featuredmedia":[{"embeddable":true,"href":"https:\/\/b6-office.de\/index.php?rest_route=\/wp\/v2\/media\/11635"}],"wp:attachment":[{"href":"https:\/\/b6-office.de\/index.php?rest_route=%2Fwp%2Fv2%2Fmedia&parent=16099"}],"wp:term":[{"taxonomy":"product_brand","embeddable":true,"href":"https:\/\/b6-office.de\/index.php?rest_route=%2Fwp%2Fv2%2Fproduct_brand&post=16099"},{"taxonomy":"product_cat","embeddable":true,"href":"https:\/\/b6-office.de\/index.php?rest_route=%2Fwp%2Fv2%2Fproduct_cat&post=16099"},{"taxonomy":"product_tag","embeddable":true,"href":"https:\/\/b6-office.de\/index.php?rest_route=%2Fwp%2Fv2%2Fproduct_tag&post=16099"}],"curies":[{"name":"wp","href":"https:\/\/api.w.org\/{rel}","templated":true}]}}