{"id":16403,"date":"2021-05-18T09:13:47","date_gmt":"2021-05-18T07:13:47","guid":{"rendered":"https:\/\/b6-office.de\/?post_type=product&#038;p=16403"},"modified":"2024-08-14T10:53:34","modified_gmt":"2024-08-14T08:53:34","slug":"b6-oneman-office-das-guenstige-buero","status":"publish","type":"product","link":"https:\/\/b6-office.de\/?product=b6-oneman-office-das-guenstige-buero","title":{"rendered":"b6-oneMan-office &#8211; Das g\u00fcnstige B\u00fcro! EG 29\/2 und 29\/3, 165 qm Nutzfl\u00e4che"},"content":{"rendered":"<p>b6-oneMan-office &#8211; Das g\u00fcnstige B\u00fcro!<br \/>\nin bester Gesllschaft im Gemeinschaftsb\u00fcro.<br \/>\nIdeal f\u00fcr kleine Firmen, StartUps<br \/>\nin bester Lage, direkt an der B6 mit folgender Ausstattung:<br \/>\n1 x Schreibtisch<br \/>\n1 x B\u00fcroContainer abschliessbar<br \/>\n1 x Drehstuhl<br \/>\n1 x Hochschrank f\u00fcr Ordner 200x80cm<br \/>\n1 x M\u00fclleimer<br \/>\n&#8211; inkl. Stromkosten, Heizung<br \/>\n&#8211; Damen- und Herren WC<br \/>\n&#8211; kleine Teek\u00fcche mit K\u00fchlschrank<br \/>\n&#8211; sep. Besprechungsraum mit Teek\u00fc2<br \/>\n&#8211; Ihr eigener Briefkasten<br \/>\n&#8211; inkl. Parkplatz direkt vor dem Haus<br \/>\n&#8211; inkl. Besucher-St\u00fchle<br \/>\ninkl. B\u00fcro- und WC-Reinigung<\/p>\n","protected":false},"excerpt":{"rendered":"<p>Interessante Kurzzeitmieten.<br \/>\nExtrem g\u00fcnstige Langzeitmieten.<br \/>\nJede Mietzeit m\u00f6glich!<br \/>\nKeine sep. Nebenkosten, &#8222;all in\u201c<br \/>\nab mtl. 279,00 \u20ac<\/p>\n","protected":false},"featured_media":16414,"comment_status":"closed","ping_status":"closed","template":"","meta":{"_links_to":"","_links_to_target":""},"product_brand":[],"product_cat":[236],"product_tag":[],"class_list":{"0":"post-16403","1":"product","2":"type-product","3":"status-publish","4":"has-post-thumbnail","6":"product_cat-b6-front-office","7":"pa_oneman-office-1-monat-mtl-39900-e","8":"pa_oneman-office-ab-2-te-monat-mtl-36900-e","9":"pa_oneman-office-ab-6-te-monat-mtl-32900-e","10":"pa_oneman-office-ab-12-te-monat-mtl-31900-e","11":"pa_oneman-office-ab-24-te-monat-mtl-29900-e","12":"pa_oneman-office-ab-36-te-monat-mtl-27900-e","13":"pa_oneman-office-mietkaution-faellig-vor-einzug-nur-99900-e","15":"first","16":"instock","17":"taxable","18":"shipping-taxable","19":"purchasable","20":"product-type-variable","21":"has-default-attributes","22":"has-featured-image","23":"landscape"},"_links":{"self":[{"href":"https:\/\/b6-office.de\/index.php?rest_route=\/wp\/v2\/product\/16403","targetHints":{"allow":["GET"]}}],"collection":[{"href":"https:\/\/b6-office.de\/index.php?rest_route=\/wp\/v2\/product"}],"about":[{"href":"https:\/\/b6-office.de\/index.php?rest_route=\/wp\/v2\/types\/product"}],"replies":[{"embeddable":true,"href":"https:\/\/b6-office.de\/index.php?rest_route=%2Fwp%2Fv2%2Fcomments&post=16403"}],"wp:featuredmedia":[{"embeddable":true,"href":"https:\/\/b6-office.de\/index.php?rest_route=\/wp\/v2\/media\/16414"}],"wp:attachment":[{"href":"https:\/\/b6-office.de\/index.php?rest_route=%2Fwp%2Fv2%2Fmedia&parent=16403"}],"wp:term":[{"taxonomy":"product_brand","embeddable":true,"href":"https:\/\/b6-office.de\/index.php?rest_route=%2Fwp%2Fv2%2Fproduct_brand&post=16403"},{"taxonomy":"product_cat","embeddable":true,"href":"https:\/\/b6-office.de\/index.php?rest_route=%2Fwp%2Fv2%2Fproduct_cat&post=16403"},{"taxonomy":"product_tag","embeddable":true,"href":"https:\/\/b6-office.de\/index.php?rest_route=%2Fwp%2Fv2%2Fproduct_tag&post=16403"}],"curies":[{"name":"wp","href":"https:\/\/api.w.org\/{rel}","templated":true}]}}