{"id":16537,"date":"2022-03-08T09:22:03","date_gmt":"2022-03-08T08:22:03","guid":{"rendered":"https:\/\/b6-office.de\/?post_type=product&#038;p=16537"},"modified":"2025-01-21T09:32:03","modified_gmt":"2025-01-21T08:32:03","slug":"flexoffice-flexible-timesharing-angebote-fuer-ihr-buero","status":"publish","type":"product","link":"https:\/\/b6-office.de\/?product=flexoffice-flexible-timesharing-angebote-fuer-ihr-buero","title":{"rendered":"29\/5 FlexOffice &#8211; Flexible Mietzeiten f\u00fcr Ihr B\u00fcro!"},"content":{"rendered":"<div>F\u00fcr einen minimalen, monatlichen Mietzins erhalten Sie einen Zeitanteil<\/div>\n<div>an dem B\u00fcroraum 29\/5 im b6-front-office in 30827 Garbsen, Bremer Str.29<\/div>\n<div>mit 24\/7 B\u00fcrozugang, extrem flexibel und extrem g\u00fcnstig!<br \/>\n<span style=\"color: #ff0000;\"><strong>Darin enthalten sind:<\/strong><\/span><\/div>\n<div>&#8211; die anteilige B\u00fcromiete f\u00fcr ein kleines Time-Sharing-B\u00fcro (Raum 29\/5) f\u00fcr die gebuchte Zeit<\/div>\n<div>&#8211; inkl. Nutzung der WC-R\u00e4ume (H+D-WC im b6-office &#8211; Hauptgeb\u00e4ude)<\/div>\n<div>&#8211; inkl. kleine Teek\u00fcche mit Minik\u00fchlschrank (nur w\u00e4hrend Ihrer Anwesenheit!)<\/div>\n<div>&#8211; inkl. der Stromkosten f\u00fcr Licht, z.B. Ihrem mobilen Laptop, Drucker&#8230;<\/div>\n<div>&#8211; inkl. Heizkosten &#8211; keine versteckte Kosten!<\/div>\n<div>&#8211; inkl. Wasser-\/Abwasserkosten f\u00fcr Teek\u00fcche und WC im b6-office.de<\/div>\n<div>&#8211; inkl. Stuhl, Schreibtisch, Schrank, Regal zum Zeitpunkt der Nutzung<\/div>\n<div>&#8211; inkl. B\u00fcronutzung buchbar wie unten stehend beschrieben<\/div>\n<div>&#8211; inkl. Stellplatz f\u00fcr Ihren PKW vor dem B\u00fcrohaus zum Zeitpunkt der Nutzung<\/div>\n<div>&#8211; ink. Nebenkosten wie Schornsteinfeger, Versicherung, Winterdienst&#8230;<\/div>\n<div>&#8211; inkl. Spezialrabatt bei Buchung <strong><span style=\"color: #3366ff;\"><a title=\"Hier Besprechungs- oder Konferenzraum ausw\u00e4hlen und buchen.\" href=\"https:\/\/b6-office.de\/?page_id=15079\" target=\"_blank\" rel=\"noopener\"><span style=\"color: #3366ff;\">Besprechungs\/Konferenzraum im b6-office.de<\/span><\/a><\/span><\/strong><\/div>\n<div>Ganz bequem und einfach, Sie brauchen sich um nichts zu k\u00fcmmern,<\/div>\n<div>ausser der vereinbarten Zahlung.<\/div>\n<div><\/div>\n<div><span style=\"color: #ff0000;\"><strong>So einfach buchen Sie das B\u00fcro mit Ihrem Zeitanteil:<\/strong><\/span><\/div>\n<div>klicken Sie auf den obigen schwarzen Auswahlbalken und w\u00e4hlen Sie Ihren<\/div>\n<div>Wunsch-Buchungszeitraum bzw. die verg\u00fcnstigte Vorauszahlung aus.<\/div>\n<div>&#8211; Bequeme Mietzeitverl\u00e4ngerung ohne notwendige Reservierung.<\/div>\n<div>&#8211; Sie k\u00f6nnen jederzeit 6 Wochen zum Quartalsende k\u00fcndigen.<\/div>\n<div>&#8211; Mietbeginn sofort nach Zahlungseingang Mietsicherheit.<\/div>\n<div>Extrem g\u00fcnstige B\u00fcromiete bei Ganzjahres- oder Halbjahresvorauszahlung.<br \/>\nBei 6 oder 12 Monate Vorauszahlung werden die nicht benutzten<\/div>\n<div>Stunden im Folgemonat \u00fcbertragen!<br \/>\n<strong>Bei Erstbezug einmalig geringe Mietsicherheit von <strong>nur <\/strong>300,00 \u20ac.<br \/>\n<\/strong>Beim normalen Halbjahresvertrag:<\/div>\n<div>&#8211; 10 Std.\/mtl., Jahresvertrag, <strong>mtl. nur 99\u20ac<\/strong>, gesamt 1188,00\u20ac<\/div>\n<div>&#8211; 10 Std.\/mtl., Halbjahresvertrag, <strong>mtl. nur 129\u20ac<\/strong>, gesamt 774,00\u20ac<\/div>\n<div>&#8211; 10 Std. B\u00fcronutzung, dann monatlich nur 199,00 \u20ac<br \/>\n&#8211; 20 Std. B\u00fcronutzung, dann monatlich nur 249,00 \u20ac<br \/>\n&#8211; 30 Std. B\u00fcronutzung, dann monatlich nur 299,00 \u20ac<\/div>\n<div><\/div>\n<div><strong><span style=\"color: #ff0000;\">Ihren Briefkasten mieten Sie hier:<\/span><br \/>\n<span style=\"color: #0000ff;\"><a title=\"Hier gehts zur Postbox\" href=\"https:\/\/b6-office.de\/?product=ihre-firma-als-postbox\" target=\"_blank\" rel=\"noopener\"><span style=\"color: #0000ff;\">Mit einem Klick gehts hier zur Postbox<\/span><\/a>.<\/span><br \/>\n____________________________________________________<br \/>\n<\/strong><\/div>\n<div><\/div>\n<h2>Checkin bei der B\u00fcrobuchung f\u00fcr das Flex-Front-Office<\/h2>\n<p>Wer zuerst bucht, bekommt seinen Wunsch-Nutzungszeitraum.<br \/>\n<span style=\"color: #ff0000;\"><strong>Ohne Buchung keine Reservierung. Reservierung nur online!<br \/>\n<\/strong><\/span><\/p>\n<div>Bequem und sicher vom Handy oder PC Ihren Raum buchen.<\/div>\n<div><strong>Immer hier buchen, wie untenstehend beschrieben, so geht&#8217;s:<\/strong><\/div>\n<div>1) Tag unter im Kalender ausw\u00e4hlen, jeden Tag einzeln buchen&#8230;.<\/div>\n<div>2) die Uhrzeiten Ihres Buchungstages ausw\u00e4hlen, nach und nach&#8230;.<\/div>\n<div>3) Kurz in die freien Felder Ihre Kontaktdaten eintragen<\/div>\n<div>4) den Sicherheits-Code eingeben<br \/>\n5) Spezielle W\u00fcnsche f\u00fcr zahlungspflichtige Extras eingeben,<br \/>\ndie wir dann im Nachgang mit Ihnen individuell abstimmen.<\/div>\n<div>6) auf &#8222;<strong>Reservieren<\/strong>&#8220; klicken,&#8230; dann erhalten<\/div>\n<div>Sie und wir eine Buchungsmail die verbindlich ist.<\/div>\n<div><strong>Herzlich Willkommen, das war es schon.<br \/>\nSo einfach buchen Sie Flex-Front-Office. Ganz flexibel!<\/strong><\/div>\n<div>\n<!--noptimize-->\n        <script type=\"text\/javascript\">\n         var cp_hourbk_cancel_label = 'Cancel';\n         var cp_hourbk_quantity_label = 'Quantity';\n         var cp_hourbk_cost_label = 'Cost';\n         var cp_hourbk_overlapping_label = 'Selected time is no longer available. Please select a different time.';         \n\t\t var cp_hourbk_nomore_label = 'No more slots available.';\n         var cp_hourbk_avoid_overlapping = 0;\n         var apphboverbooking_handler0 = false;\n         function cp_appbooking_pform_doValidate_1(form)\n         {\n            try { if (document.cp_appbooking_pform_1.cp_appbooking_pform_status.value == '1') return false; } catch (e) {}\n            $dexQuery = jQuery.noConflict();\n            try { document.cp_appbooking_pform_1.cp_ref_page.value = document.location; } catch (e) {}\n            $dexQuery = jQuery.noConflict();            var result = '';\n            try {\n            if (!apphboverbooking_handler0) {\n            if (document.cp_appbooking_pform_1.hdcaptcha_cp_appbooking_post.value == '') { setTimeout( \"cp_appbooking_cerror_1()\", 100); return false; }\n            var result = $dexQuery.ajax({ type: \"GET\", url: \"https:\/\/b6-office.de\/?ps=_1&cp_appbooking_pform_process=2&cp_appbooking_id=15&inAdmin=1&ps=_1&hdcaptcha_cp_appbooking_post=\"+document.cp_appbooking_pform_1.hdcaptcha_cp_appbooking_post.value, async: false }).responseText;\n            }\n            } catch (e) {result='';console.log('AHB: Captcha not detected.');}\n            if (!apphboverbooking_handler0 && result.indexOf(\"captchafailed\") != -1) {\n                $dexQuery(\"#captchaimg_1\").attr('src', $dexQuery(\"#captchaimg_1\").attr('src')+'&'+Math.floor((Math.random() * 99999) + 1));\n                setTimeout( \"cp_appbooking_cerror_1()\", 100);\n                return false;\n            } else             {\n                var cpefb_error = 0;\n                $dexQuery(\"#cp_appbooking_pform_1\").find(\".cpefb_error\").each(function(index){\n                if ($dexQuery(this).css(\"display\")!=\"none\")\n                    cpefb_error++;\n                });\n                if (cpefb_error==0)\n                {\n                    if (!apphboverbooking_handler0)\n                    {\n                        try { document.cp_appbooking_pform_1.cp_appbooking_pform_status.value = '1';\t } catch (e) {}\n                        apphbblink_1(\".pbSubmit:visible\");\n                        $dexQuery(\"#cp_appbooking_pform_1\").find(\".avoid_overlapping_before\").not(\".ignore,.ignorepb\").removeClass(\"avoid_overlapping_before\").removeClass(\"valid\").addClass(\"avoid_overlapping\");\n                        cp_hourbk_avoid_overlapping = 1;\n                        try {\n                            $dexQuery(\"#cp_appbooking_pform_1\").find(\".avoid_overlapping\").valid();\n                        } catch (e) { cp_hourbk_avoid_overlapping = 0; }\n                        function check_cp_hourbk_avoid_overlapping(){\n\t\t                    if (cp_hourbk_avoid_overlapping>0)\n\t\t                        setTimeout(check_cp_hourbk_avoid_overlapping,100);\n\t\t                    else\n\t\t                    {\n                                var cpefb_error = 0;\n                                $dexQuery(\"#cp_appbooking_pform_1\").find(\".cpefb_error\").each(function(index){\n                                    if ($dexQuery(this).css(\"display\")!=\"none\")\n                                        cpefb_error++;\n                                    });\n                                try { document.cp_appbooking_pform_1.cp_appbooking_pform_status.value = '0';\t } catch (e) {}\n                                if (cpefb_error==0)\n                                {\n                                    apphboverbooking_handler0 = true;\n                                    if (cp_appbooking_pform_doValidate_1(form))\n                                    {\n                                        $dexQuery( \".pbSubmit\" ).unbind();\n                                        if ($dexQuery( \".pbSubmit\" ).hasClass(\"nofirst\"))\n                                            return false;\n                                        $dexQuery( \".pbSubmit\" ).addClass(\"nofirst\");\n                                        document.getElementById(\"cp_appbooking_pform_1\").submit();\n                                    }\n                                }\n\t\t                    }\n\t\t                }\n\t\t                check_cp_hourbk_avoid_overlapping();\n                        return false;\n                    }\n                    \t        \t\t$dexQuery(\"#cp_appbooking_pform_1\").find( '.ignore' ).closest( '.fields' ).remove();\n\t        \t}\n\t        \tdocument.getElementById(\"form_structure_1\").value = '';\n\t        \tdocument.getElementById(\"refpage_1\").value = document.location;\n                try {\n                    if (cpefb_error==0)\n                    {\n                        document.cp_appbooking_pform_1.cp_appbooking_pform_status.value = '1';\n                        apphbblink_1(\".pbSubmit\");\n                    }\n                } catch (e) {}\n                return true;\n            }\n         }\n         function apphbblink_1(selector){\n             try {\n                 $dexQuery = jQuery.noConflict();\n                 $dexQuery(selector).fadeOut(1000, function(){\n                     $dexQuery(this).fadeIn(1000, function(){\n                             try {\n                                 if (document.cp_appbooking_pform_1.cp_appbooking_pform_status.value != '0')\n                                     apphbblink_1(this);\n                             } catch (e) { console.log(e)}\n                     });\n                 });\n             } catch (e) {}\n         }\n         function cp_appbooking_cerror_1(){$dexQuery = jQuery.noConflict();$dexQuery(\"#hdcaptcha_error_1\").css('top',$dexQuery(\"#hdcaptcha_cp_appbooking_post_1\").outerHeight());$dexQuery(\"#hdcaptcha_error_1\").css(\"display\",\"inline\");}\n        <\/script><!--\/noptimize-->\n        <form class=\"cpp_form\" name=\"cp_appbooking_pform_1\" id=\"cp_appbooking_pform_1\" action=\"\" method=\"post\" enctype=\"multipart\/form-data\" onsubmit=\"return cp_appbooking_pform_doValidate_1(this);\"><input type=\"hidden\" name=\"cp_pform_psequence\" value=\"_1\" \/><input type=\"hidden\" name=\"cp_appbooking_pform_process\" value=\"1\" \/><input type=\"hidden\" name=\"cp_appbooking_id\" value=\"15\" \/><input type=\"hidden\" name=\"cp_ref_page\" value=\"\" \/><input type=\"hidden\" name=\"form_structure_1\" id=\"form_structure_1\" size=\"180\" value=\"[[{&quot;form_identifier&quot;:&quot;&quot;,&quot;name&quot;:&quot;fieldname1&quot;,&quot;shortlabel&quot;:&quot;&quot;,&quot;index&quot;:0,&quot;ftype&quot;:&quot;fapp&quot;,&quot;userhelp&quot;:&quot;Wenn Sie mehrere Zeiten buchen m\\u00f6chten, k\\u00f6nnen Sie mehrere Zeiten anklicken.\\n&lt;br&gt;Sollten keine Zeiten mehr angezeigt werden, ist der Raum an dem ausgew\\u00e4hlten Tag bereits komplett ausgebucht.&quot;,&quot;userhelpTooltip&quot;:&quot;&quot;,&quot;csslayout&quot;:&quot;&quot;,&quot;title&quot;:&quot;Buchen Sie hier Ihren Tag und die Zeit&quot;,&quot;services&quot;:[{&quot;name&quot;:&quot;Raum 29\\\/5&quot;,&quot;price&quot;:&quot;&quot;,&quot;duration&quot;:60}],&quot;openhours&quot;:[{&quot;type&quot;:&quot;all&quot;,&quot;d&quot;:&quot;&quot;,&quot;h1&quot;:&quot;7&quot;,&quot;m1&quot;:&quot;0&quot;,&quot;h2&quot;:&quot;19&quot;,&quot;m2&quot;:&quot;0&quot;}],&quot;dateFormat&quot;:&quot;mm\\\/dd\\\/yy&quot;,&quot;showDropdown&quot;:true,&quot;showTotalCost&quot;:false,&quot;showTotalCostFormat&quot;:&quot;$ {0}&quot;,&quot;showEndTime&quot;:true,&quot;usedSlotsCheckbox&quot;:true,&quot;dropdownRange&quot;:&quot;-10:+10&quot;,&quot;working_dates&quot;:[true,true,true,true,true,true,true],&quot;numberOfMonths&quot;:1,&quot;maxNumberOfApp&quot;:&quot;0&quot;,&quot;firstDay&quot;:&quot;1&quot;,&quot;minDate&quot;:&quot;0&quot;,&quot;maxDate&quot;:&quot;&quot;,&quot;defaultDate&quot;:&quot;&quot;,&quot;invalidDates&quot;:&quot;&quot;,&quot;tmpinvalidDates&quot;:&quot;&quot;,&quot;required&quot;:true,&quot;bSlotsCheckbox&quot;:true,&quot;bSlots&quot;:30,&quot;militaryTime&quot;:1,&quot;fBuild&quot;:{},&quot;tmpinvalidDatestime&quot;:[]},{&quot;form_identifier&quot;:&quot;&quot;,&quot;name&quot;:&quot;fieldname6&quot;,&quot;shortlabel&quot;:&quot;&quot;,&quot;index&quot;:1,&quot;ftype&quot;:&quot;ftext&quot;,&quot;userhelp&quot;:&quot;&quot;,&quot;userhelpTooltip&quot;:&quot;&quot;,&quot;csslayout&quot;:&quot;&quot;,&quot;title&quot;:&quot;Firma\\\/Firmierung&quot;,&quot;predefined&quot;:&quot;&quot;,&quot;predefinedClick&quot;:false,&quot;required&quot;:true,&quot;size&quot;:&quot;medium&quot;,&quot;minlength&quot;:&quot;&quot;,&quot;maxlength&quot;:&quot;&quot;,&quot;equalTo&quot;:&quot;&quot;,&quot;fBuild&quot;:{}},{&quot;form_identifier&quot;:&quot;&quot;,&quot;name&quot;:&quot;fieldname2&quot;,&quot;shortlabel&quot;:&quot;&quot;,&quot;index&quot;:2,&quot;ftype&quot;:&quot;ftext&quot;,&quot;userhelp&quot;:&quot;&quot;,&quot;userhelpTooltip&quot;:&quot;&quot;,&quot;csslayout&quot;:&quot;&quot;,&quot;title&quot;:&quot;Vorname&quot;,&quot;predefined&quot;:&quot;&quot;,&quot;predefinedClick&quot;:false,&quot;required&quot;:true,&quot;size&quot;:&quot;medium&quot;,&quot;minlength&quot;:&quot;&quot;,&quot;maxlength&quot;:&quot;&quot;,&quot;equalTo&quot;:&quot;&quot;,&quot;fBuild&quot;:{}},{&quot;form_identifier&quot;:&quot;&quot;,&quot;name&quot;:&quot;fieldname3&quot;,&quot;shortlabel&quot;:&quot;&quot;,&quot;index&quot;:3,&quot;ftype&quot;:&quot;ftext&quot;,&quot;userhelp&quot;:&quot;&quot;,&quot;userhelpTooltip&quot;:&quot;&quot;,&quot;csslayout&quot;:&quot;&quot;,&quot;title&quot;:&quot;Nachname&quot;,&quot;predefined&quot;:&quot;&quot;,&quot;predefinedClick&quot;:false,&quot;required&quot;:true,&quot;size&quot;:&quot;medium&quot;,&quot;minlength&quot;:&quot;&quot;,&quot;maxlength&quot;:&quot;&quot;,&quot;equalTo&quot;:&quot;&quot;,&quot;fBuild&quot;:{}},{&quot;form_identifier&quot;:&quot;&quot;,&quot;name&quot;:&quot;fieldname7&quot;,&quot;shortlabel&quot;:&quot;&quot;,&quot;index&quot;:4,&quot;ftype&quot;:&quot;ftext&quot;,&quot;userhelp&quot;:&quot;&quot;,&quot;userhelpTooltip&quot;:&quot;&quot;,&quot;csslayout&quot;:&quot;&quot;,&quot;title&quot;:&quot;Stra\\u00dfe&quot;,&quot;predefined&quot;:&quot;&quot;,&quot;predefinedClick&quot;:false,&quot;required&quot;:true,&quot;size&quot;:&quot;medium&quot;,&quot;minlength&quot;:&quot;&quot;,&quot;maxlength&quot;:&quot;&quot;,&quot;equalTo&quot;:&quot;&quot;,&quot;fBuild&quot;:{}},{&quot;form_identifier&quot;:&quot;&quot;,&quot;name&quot;:&quot;fieldname8&quot;,&quot;shortlabel&quot;:&quot;&quot;,&quot;index&quot;:5,&quot;ftype&quot;:&quot;ftext&quot;,&quot;userhelp&quot;:&quot;&quot;,&quot;userhelpTooltip&quot;:&quot;&quot;,&quot;csslayout&quot;:&quot;&quot;,&quot;title&quot;:&quot;PLZ\\\/Ort&quot;,&quot;predefined&quot;:&quot;&quot;,&quot;predefinedClick&quot;:false,&quot;required&quot;:true,&quot;size&quot;:&quot;medium&quot;,&quot;minlength&quot;:&quot;&quot;,&quot;maxlength&quot;:&quot;&quot;,&quot;equalTo&quot;:&quot;&quot;,&quot;fBuild&quot;:{}},{&quot;form_identifier&quot;:&quot;&quot;,&quot;name&quot;:&quot;fieldname4&quot;,&quot;shortlabel&quot;:&quot;&quot;,&quot;index&quot;:6,&quot;ftype&quot;:&quot;ftext&quot;,&quot;userhelp&quot;:&quot;&quot;,&quot;userhelpTooltip&quot;:&quot;&quot;,&quot;csslayout&quot;:&quot;&quot;,&quot;title&quot;:&quot;Telefonnummer&quot;,&quot;predefined&quot;:&quot;&quot;,&quot;predefinedClick&quot;:false,&quot;required&quot;:true,&quot;size&quot;:&quot;medium&quot;,&quot;minlength&quot;:&quot;&quot;,&quot;maxlength&quot;:&quot;&quot;,&quot;equalTo&quot;:&quot;&quot;,&quot;fBuild&quot;:{}},{&quot;form_identifier&quot;:&quot;&quot;,&quot;name&quot;:&quot;email&quot;,&quot;shortlabel&quot;:&quot;&quot;,&quot;index&quot;:7,&quot;ftype&quot;:&quot;femail&quot;,&quot;userhelp&quot;:&quot;&quot;,&quot;userhelpTooltip&quot;:&quot;&quot;,&quot;csslayout&quot;:&quot;&quot;,&quot;title&quot;:&quot;E-Mail&quot;,&quot;predefined&quot;:&quot;&quot;,&quot;predefinedClick&quot;:false,&quot;required&quot;:true,&quot;size&quot;:&quot;medium&quot;,&quot;equalTo&quot;:&quot;&quot;,&quot;fBuild&quot;:{}},{&quot;form_identifier&quot;:&quot;&quot;,&quot;name&quot;:&quot;fieldname5&quot;,&quot;shortlabel&quot;:&quot;&quot;,&quot;index&quot;:8,&quot;ftype&quot;:&quot;ftext&quot;,&quot;userhelp&quot;:&quot;z.B. Getr\\u00e4nke, Services, Raumeinrichtung, etc.&quot;,&quot;userhelpTooltip&quot;:&quot;&quot;,&quot;csslayout&quot;:&quot;&quot;,&quot;title&quot;:&quot;Spezielle W\\u00fcnsche&quot;,&quot;predefined&quot;:&quot;&quot;,&quot;predefinedClick&quot;:false,&quot;required&quot;:false,&quot;size&quot;:&quot;medium&quot;,&quot;minlength&quot;:&quot;&quot;,&quot;maxlength&quot;:&quot;&quot;,&quot;equalTo&quot;:&quot;&quot;,&quot;fBuild&quot;:{}}],[{&quot;title&quot;:&quot;&quot;,&quot;description&quot;:&quot;&quot;,&quot;formlayout&quot;:&quot;top_aligned&quot;,&quot;formtemplate&quot;:&quot;&quot;,&quot;evalequations&quot;:1,&quot;autocomplete&quot;:1}]]\" \/><input type=\"hidden\" name=\"refpage_1\" id=\"refpage_1\" value=\"\"><input type=\"hidden\" name=\"cp_appbooking_pform_status\" value=\"0\" \/><input name=\"anonce\" type=\"hidden\" value=\"e83c67f5ff\"\/>\r\n<div id=\"fbuilder\">\r\n    <div id=\"fbuilder_1\">\r\n        <div id=\"formheader_1\"><\/div>\r\n        <div id=\"fieldlist_1\"><\/div>\r\n    <\/div>\r\n<\/div>\r\n<div style=\"display:none\">\r\n<div id=\"cpcaptchalayer_1\" class=\"cpcaptchalayer\">\r\n <div class=\"fields\" id=\"field-c0\" style=\"display:none\">\r\n    <label><\/label>\r\n    <div class=\"dfield\"><!--addons-payment-options--><\/div>\r\n    <div class=\"clearer\"><\/div>\r\n <\/div>\r\n  Sicherheits-Code:<br \/>\r\n  <img decoding=\"async\" src=\"https:\/\/b6-office.de\/?cp_appbooking_captcha=captcha&amp;ps=_1&amp;inAdmin=1&amp;width=180&amp;height=60&amp;letter_count=5&amp;min_size=25&amp;max_size=35&amp;noise=200&amp;noiselength=4&amp;bcolor=ffffff&amp;border=000000&amp;font=font-1.ttf\"  id=\"captchaimg_1\" alt=\"security code\" border=\"0\" class=\"skip-lazy\" \/>\r\n  <br \/>Bitte geben Sie den Sicherheitscode ein:<br \/>\r\n  <div class=\"dfield\"><input type=\"text\" size=\"20\" name=\"hdcaptcha_cp_appbooking_post\" id=\"hdcaptcha_cp_appbooking_post_1\" value=\"\" autocomplete=\"off\" \/>\r\n  <div class=\"cpefb_error message\" id=\"hdcaptcha_error_1\" generated=\"true\" style=\"display:none;position: absolute; left: 0px; top: 25px;\">Bitte f\u00fcgen sie einen g\u00fcltigen Sicherheitscode ein.<\/div>\r\n  <\/div><br \/>\r\n<!-- rcadon -->\r\n<\/div>\r\n<\/div>\r\n<div id=\"cp_subbtn_1\" class=\"cp_subbtn\">Reservieren<\/div>\r\n<div style=\"clear:both;\"><\/div>\r\n<\/form>\r\n\n<div><\/div>\n<\/div>\n","protected":false},"excerpt":{"rendered":"<div><span style=\"color: #ff0000;\"><strong>Zur Zeit vermietet!<\/strong><\/span><\/div>\n<div><\/div>\n<div><b>FlexOffice<\/b><\/div>\n<div>Ihr Kleinst-Time-Sharing-B\u00fcro &#8211; mieten Sie Ihre Zeitanteile!<\/div>\n<div>Ganz allein f\u00fcr Sie, nur dann wenn Sie es wirklich brauchen?<\/div>\n<div>Spontan oder geplant\u00a0 &#8211; ganz einfach online buchen!<br \/>\n<strong>Beschreibung siehe unten in der Produktbeschreibung.<\/strong><\/div>\n<div>Extrem g\u00fcnstig bei halbj\u00e4hrlicher oder j\u00e4hrlicher Vorauszahlung!<\/div>\n","protected":false},"featured_media":16897,"comment_status":"closed","ping_status":"closed","template":"","meta":{"_links_to":"","_links_to_target":""},"product_brand":[],"product_cat":[1079],"product_tag":[],"class_list":{"0":"post-16537","1":"product","2":"type-product","3":"status-publish","4":"has-post-thumbnail","6":"product_cat-flexoffice-timesharing-loesungen-fuer-ihr-buero","7":"pa_flexoffice-eigenschaften-timesharing-10-std-mtl-jahresvertrag-mtl-9900e-zahlung-im-voraus-einmalig-pro-jahr","8":"pa_flexoffice-eigenschaften-timesharing-10-std-mtl-halbjahresvertrag-mtl-12900e-zahlung-im-voraus-alle-6-monate","9":"pa_flexoffice-eigenschaften-timesharing-10-std-mtl-mindestlaufzeit-6-mon-zzgl-mietsicherheit-mtl-19900e","10":"pa_flexoffice-eigenschaften-timesharing-20-std-mtl-mindestlaufzeit-6-mon-zzgl-mietsicherheit-mtl-24900e","11":"pa_flexoffice-eigenschaften-timesharing-30-std-mtl-mindestlaufzeit-6-mon-zzgl-mietsicherheit-mtl-29900e","12":"pa_flexoffice-eigenschaften-kautionmietsicherheit-pauschaleinmalig-vor-chipschluesseluebergabe","13":"pa_flexoffice-eigenschaften-chipverlust","14":"pa_flexoffice-eigenschaften-zweiter-chip-sonderbestellung","15":"pa_flexoffice-eigenschaften-zweiter-schluessel-oder-schluesselverlust-sonderbestellung","16":"pa_flexoffice-eigenschaften-briefkasten-mtl-2500e-jahresvertrag-30000e-zzgl-mwst","18":"first","19":"instock","20":"taxable","21":"shipping-taxable","22":"purchasable","23":"product-type-variable","24":"has-default-attributes","25":"has-featured-image","26":"portrait"},"_links":{"self":[{"href":"https:\/\/b6-office.de\/index.php?rest_route=\/wp\/v2\/product\/16537","targetHints":{"allow":["GET"]}}],"collection":[{"href":"https:\/\/b6-office.de\/index.php?rest_route=\/wp\/v2\/product"}],"about":[{"href":"https:\/\/b6-office.de\/index.php?rest_route=\/wp\/v2\/types\/product"}],"replies":[{"embeddable":true,"href":"https:\/\/b6-office.de\/index.php?rest_route=%2Fwp%2Fv2%2Fcomments&post=16537"}],"wp:featuredmedia":[{"embeddable":true,"href":"https:\/\/b6-office.de\/index.php?rest_route=\/wp\/v2\/media\/16897"}],"wp:attachment":[{"href":"https:\/\/b6-office.de\/index.php?rest_route=%2Fwp%2Fv2%2Fmedia&parent=16537"}],"wp:term":[{"taxonomy":"product_brand","embeddable":true,"href":"https:\/\/b6-office.de\/index.php?rest_route=%2Fwp%2Fv2%2Fproduct_brand&post=16537"},{"taxonomy":"product_cat","embeddable":true,"href":"https:\/\/b6-office.de\/index.php?rest_route=%2Fwp%2Fv2%2Fproduct_cat&post=16537"},{"taxonomy":"product_tag","embeddable":true,"href":"https:\/\/b6-office.de\/index.php?rest_route=%2Fwp%2Fv2%2Fproduct_tag&post=16537"}],"curies":[{"name":"wp","href":"https:\/\/api.w.org\/{rel}","templated":true}]}}