{"id":5304,"date":"2017-01-13T06:57:18","date_gmt":"2017-01-13T05:57:18","guid":{"rendered":"http:\/\/b6-office.de\/?post_type=product&#038;p=5304"},"modified":"2023-05-24T11:57:43","modified_gmt":"2023-05-24T09:57:43","slug":"1-produkt","status":"publish","type":"product","link":"https:\/\/b6-office.de\/?product=1-produkt","title":{"rendered":"Kurzzeitmiete Tages-\/ Wochen-\/ Monatsmiete StartUps-B\u00fcro oder Spontanb\u00fcro. Ideal f\u00fcr kurze Mietzeiten, g\u00fcnstige all in Langzeitmieten, mit kompl. B\u00fcroeinrichtung."},"content":{"rendered":"<p><strong>Die oben abgebildeten Preise sind f\u00fcr sind inkl. MwSt.,<br \/>\ninkl. Nebenkosten wie Strom,\u00a0Wasser\u00a0und Heizung im \u00fcblichen Umfang.<br \/>\nKeine K\u00fcndigungszeit,\u00a0keine weiteren Nebenkosten<\/strong><\/p>\n<p><strong><b>Ihr modernes B\u00fcrogeb\u00e4ude.<\/b><br \/>\n<\/strong>b6-office.de ist ein modernes B\u00fcrokonzept f\u00fcr die gewerblich Anmietung<br \/>\nmit dem Standort &#8211; direkt an der B6 in Nord-Hannover \/ Garbsen<br \/>\nund stellt auf \u00fcber 2.300qm B\u00fcrofl\u00e4che 52 st. kleine B\u00fcrofl\u00e4chen von rund 30qm<br \/>\nsowie ein Penthaus-B\u00fcro und diverse Besprechungs- und Schulungsr\u00e4ume zur<br \/>\nVerf\u00fcgung.<br \/>\nDie B\u00fcrofl\u00e4chen k\u00f6nnen modular zusammengelegt werden, so das B\u00fcror\u00e4ume<br \/>\nvon 30qm, 60qm, 90qm, 120qm u.s.w. bis 550qm je B\u00fcroetagen entstehen.<br \/>\nSie suchen kleine B\u00fcror\u00e4ume? b6-office hat die L\u00f6sung!<br \/>\nSie suchen gr\u00f6\u00dfere B\u00fcrofl\u00e4chen? b6-office hat die L\u00f6sung!<br \/>\nSie suchen B\u00fcro zur lediglich kurzfristigen Nutzung, z.B. zur Messe oder<br \/>\nVeranstaltung, wir stellen bereit:<br \/>\n&#8211; kleine + kompakte 24\/7-B\u00fcrofl\u00e4chen<br \/>\n&#8211; incl. eigene Teek\u00fcche mit K\u00fchlschrank \/ Sp\u00fcle<br \/>\n&#8211; incl. eingerichteten Bad mit WC, Waschbecken \/ Spiegel, Dusche.<\/p>\n<p>Einzigartig ist die Kurzzeitmiete f\u00fcr z.B. 1 Tag oder wenige Miet-Tage,<br \/>\nsowie die verg\u00fcnstigten Wochenmieten oder Monatsmieten.<br \/>\nIn den Kurzzeitmieten, bis zu 1 Monat, sind die Energieverbrauchskosten<br \/>\nim Mietpreis inkludiert.<br \/>\nSie zahlen lediglich zzgl. MwSt., wie hier im Shop ausgewiesen.<\/p>\n<p>Sie k\u00f6nnen via Shop buchen, oder auch an der Rezeption<br \/>\nunter 0511\/9200 000, ge\u00f6ffnet von\u00a07 &#8211; 10 Uhr und 17 &#8211; 20 Uhr.<\/p>\n<p><strong>Check In:<\/strong> beginnt zu den Rezeptionszeiten.<br \/>\n<strong>Check Out:<\/strong> ist stets 7.00 bis 10.00 Uhr. Ab 10 Uhr beginnt ein neuer Miettag.<\/p>\n<p><strong>Dar\u00fcber hinaus bietet b6-office.de:<\/strong><br \/>\n&#8211; interessante\u00a0mittelfristige Mieten z.B. 3 Monate bis 36 Monate<br \/>\n&#8211; verg\u00fcnstigte Langzeitmieten 42 Monate bis 120 Monate<br \/>\n&#8211; Mietzins-Verzinsung mit interessanten Jahreszinssatz<br \/>\n&#8211; B\u00fcrofl\u00e4chen zum Kauf zur Eigennutzung oder als Kapitalanlage<br \/>\n&#8211; FinanzierungsService \u00fcber die b6-Hausbank = Sparkasse Wunstorf.<\/p>\n<p><strong>Alle B\u00fcrofl\u00e4chen k\u00f6nnen mit oder ohne B\u00fcroeinrichtung angemietet werden.<\/strong><span style=\"text-decoration: underline;\"><strong><br \/>\n<\/strong><\/span><\/p>\n<p>Sie buchen auf Basis des Mietvertrages den Sie unter nachfolgenden Link<br \/>\neinsehen, ausdrucken und herunterladen k\u00f6nnen: <a title=\"Mietvertrag als PDF\" href=\"https:\/\/b6-office.de\/?product=mietvertrag-als-pdf\">Mietvertrag<\/a><strong><a title=\"Mietvertrag einsehen\/downloaden\" href=\"https:\/\/b6-office.de\/?product=vertrag-miete-download\" target=\"_blank\" rel=\"noopener\"><br \/>\n<\/a><\/strong><\/p>\n<p><span style=\"text-decoration: underline;\"><strong>Tagesmiete:<\/strong><\/span>\u00a0(1 Tag bis 6 Tage) \u2013 Zahlung im voraus &#8211;<br \/>\n&#8211; B\u00fcro Tages- und Nachtnutzung von 10.00 bis zum Folgetag 10.00 Uhr.<br \/>\n&#8211; Check In \/ Check Out-Zeiten beachten.<br \/>\n&#8211; Late Check In nach Vereinbarung (nach 20 Uhr 20,00 \u20ac Aufpreis).<br \/>\n<strong>&#8211; Mietzeit:<\/strong> nach Wunsch, tageweise verl\u00e4ngerbar.<br \/>\n&#8211; verg\u00fcnstigte Miet-Verl\u00e4ngerungstage, ab 7ten Tag<br \/>\n<strong>Zahlungsweise:<\/strong> im Voraus.<br \/>\n<strong>Mietsicherheit:<\/strong> keine<br \/>\n<strong>K\u00fcndigungszeit:<\/strong> keine<br \/>\n<strong>Energiekosten-Wasser:<\/strong> incl.<br \/>\n<strong>Energiekosten-Strom:<\/strong> incl.<strong><br \/>\n<\/strong><\/p>\n<p><span style=\"text-decoration: underline;\"><strong>Wochenmiete:<\/strong><\/span>\u00a0(ab 1 Woche bis 8 Wochen) \u2013 Zahlung im voraus &#8211;<br \/>\n&#8211;\u00a0Bedingungen wie Tagesmiete, jedoch Wochenvertrag.<br \/>\n<strong>&#8211; Mietbeginn:<\/strong> sofort wenn frei (Wochenende nach Vereinbarung)<br \/>\n&#8211; verg\u00fcnstigte Verl\u00e4ngerungstage ab 7ten Tag<br \/>\n&#8211; verg\u00fcnstigte Verl\u00e4ngerungswoche\/n ab 9te Woche<\/p>\n<p><span style=\"text-decoration: underline;\"><strong>Monatsmiete:<\/strong><\/span>\u00a0(ab 1 Monat bis 12 Monate) \u2013 Zahlung mtl. im voraus &#8211;<br \/>\n&#8211; Monatsvertrag mit Festlaufzeit K\u00fcndigungszeit<br \/>\n&#8211; einmalig 3 Monate Mietsicherheit (ab 6 Monate Mietzeit)<br \/>\n<strong>&#8211; Mietbeginn:<\/strong> sofort wenn frei (Wochenende nach Vereinbarung)<br \/>\n&#8211; verg\u00fcnstigte Quartalsvorauszahlungstarife<br \/>\n&#8211; verg\u00fcnstigte Verl\u00e4ngerungstage<br \/>\n&#8211; verg\u00fcnstigte Verl\u00e4ngerungswoche\/n<br \/>\n&#8211; verg\u00fcnstigte\/r Verl\u00e4ngerungsmonat\/e ab 12ten Monat<br \/>\n<strong>Energiekosten-Wasser:<\/strong> nach Bedarf\/Abrechnung Z\u00e4hlerstand<br \/>\n<strong>Energiekosten-Strom:<\/strong> nach Bedarf\/Abrechnung Z\u00e4hlerstand<\/p>\n<p><span style=\"text-decoration: underline;\"><strong>Kurzzeitmiete:<\/strong><\/span> (ab 1 Jahr bis 3 Jahre) \u2013 Zahlung im voraus \/ mtl. Abbuchung &#8211;<br \/>\n&#8211; einmalig 3 Monate Mietsicherheit<br \/>\n<strong>&#8211; Mietbeginn:<\/strong> Wochenanfang oder Monatsanfang.<br \/>\n&#8211; verg\u00fcnstigte Jahresvorauszahlungstarife<br \/>\n&#8211; verg\u00fcnstigte\/r Verl\u00e4ngerungsmonat\/e<br \/>\n&#8211; verg\u00fcnstigte\/r Verl\u00e4ngerungsjahre<br \/>\n<strong>Mietzeit:<\/strong> nach Wunsch monatsweise verl\u00e4ngern.<br \/>\n<strong>Zahlungsweise:<\/strong> Vorauszahlung \/ mtl. Abbuchung \/ \u00dcberweisung<br \/>\n<strong>Mietsicherheit:<\/strong> 3 Monate, f\u00e4llig vor Einzug.<br \/>\n<strong>K\u00fcndigungszeit:<\/strong> 6 Monate zum Mietende, automatische Verl\u00e4ngerung.<br \/>\n<strong>Energiekosten-Wasser:<\/strong> nach Bedarf \/ Abrechnung Z\u00e4hlerstand<br \/>\n<strong>Energiekosten-Strom:<\/strong> nach Bedarf \/ Abrechnung Z\u00e4hlerstand<\/p>\n<p><span style=\"text-decoration: underline;\"><strong>Langzeitmiete:<\/strong><\/span> (ab 4 Jahre bis 10 Jahre) \u2013 Zahlung im voraus \/ mtl. Abbuchung &#8211;<br \/>\n&#8211; sichere Langzeitvertr\u00e4ge, Mietbeginn Wochenanfang oder Monatsanfang.<br \/>\n&#8211; verg\u00fcnstigte Jahresvorauszahlungstarife<br \/>\n&#8211; verg\u00fcnstigte\/r Verl\u00e4ngerungsmonat\/e<br \/>\n&#8211; verg\u00fcnstigte\/r Verl\u00e4ngerungsjahre<br \/>\n<strong>Mietzeit:<\/strong> nach Wunsch monatsweise verl\u00e4ngern.<br \/>\n<strong>Zahlweise:<\/strong> Vorauszahlung \/ oder mtl. Abbuchung\/\u00dcberweisung<br \/>\n<strong>Mietsicherheit:<\/strong> 3 Monate, f\u00e4llig vor Einzug.<br \/>\n<strong>K\u00fcndigungszeit:<\/strong> 6 Monate zum Mietende, automatische Verl\u00e4ngerung.<br \/>\n<strong>Energiekosten-Wasser:<\/strong> nach Bedarf\/Abrechnung Z\u00e4hlerstand<br \/>\n<strong>Energiekosten-Strom:<\/strong> nach Bedarf\/Abrechnung Z\u00e4hlerstand<\/p>\n<p><strong><span style=\"text-decoration: underline;\">B\u00fcro-5 Jahres-Leasing:<\/span><br \/>\n<\/strong>Sie erhalten die verg\u00fcnstigten 10 Jahres-Mietkonditionen und<br \/>\n&#8211; zahlen 30% der Gesamtmietsumme als 1mal Zahlung vor Einzug, sowie<br \/>\n&#8211; zahlen den verg\u00fcnstigten Mietzins der verbleiben 70% Gesamtmietzinssumme<br \/>\naufgeteilt auf 60 Monate, jeweils monatlich im voraus zum Ersten des Mietmonats.<\/p>\n<p><strong><span style=\"text-decoration: underline;\">Mietkauf:<\/span><br \/>\n<\/strong>Sie mieten Ihr B\u00fcro f\u00fcr mindestens 5 Jahre.<br \/>\nInnerhalb der ersten 12 Monaten treffen Sie Ihre Entscheidung ob Sie kaufen<br \/>\nm\u00f6chten oder nicht.<br \/>\nWenn Sie innerhalb des ersten Mietjahres kaufen m\u00f6chten, rechnen wir<br \/>\nIhren bisherige Mietsumme (bis zu 12 Monate) als Anzahlung an.<br \/>\nWenn Sie erst in den Folgejahren kaufen m\u00f6chten, rechnen wir Ihnen<br \/>\npauschal 6 Monate der bisher gezahlten Monats-Mietsumme an.<br \/>\nWenn Sie garnicht kaufen m\u00f6chten, verlieren und gewinnen Sie nichts.<br \/>\n<strong>Bedingung:\u00a0<\/strong>Schon bei Mietvertragsbeginn sollten die<br \/>\nOption: &#8222;Mietkauf-Wunsch&#8220;\u00a0beiderseitig best\u00e4tigt werden.<\/p>\n<p><span style=\"text-decoration: underline;\"><strong>Kauf:<\/strong><br \/>\n<\/span>Einen Teil unserer b6-B\u00fcrofl\u00e4chen bieten wir als Eigentumsb\u00fcros an.<br \/>\nEigentum statt Miete! So verlieren Sie kein Geld und erarbeiten sich<br \/>\nmit jedem Monat Ihr Eigentum, ganz automatisch. Die ideale Geldanlage.<br \/>\n<a href=\"https:\/\/b6-office.de\/?product_cat=b6-office-kauf\"><strong>Hier finden Sie den Link zu unseren B\u00fcro-Verkaufsangeboten.<\/strong><\/a><\/p>\n<p><span style=\"text-decoration: underline;\"><strong>Besprechungsraum \/ Fahrstuhlnutzung:<\/strong><\/span><br \/>\nDie anteilige Fahrstuhlnutzung ist in den Mietpreisen includiert.<br \/>\nEinen Besprechungsraum k\u00f6nnen Sie nach Wahl jederzeit hinzu mieten.<br \/>\nSollten Sie \u00f6fters einen Besprechungsraum nutzen, erhalten Sie folgende<br \/>\nNachl\u00e4sse bei Vorausbuchung:<br \/>\n10 Buchungen abzgl. 10%\u00a0auf die Online-Preise<br \/>\n20 Buchungen abzgl. 20% auf die Online-Preise<br \/>\n50 Buchungen abzgl, 30% auf die Online-Preise<br \/>\njeweils zahlbar <span style=\"text-decoration: underline;\">im voraus<\/span>\u00a0an der Rezeption.<\/p>\n<p><a href=\"https:\/\/b6-office.de\/?product=besprechungsraum\"><strong>Hier der Link zu den Besprechungsraum-Einzelbuchungen.<\/strong><\/a><\/p>\n","protected":false},"excerpt":{"rendered":"<p><span style=\"text-decoration: underline;\"><strong>Kurzmiete t\u00e4glich, w\u00f6chentlich<br \/>\n&amp; monatlich nach Auswahl.<br \/>\n<\/strong><\/span><span style=\"text-decoration: underline;\">Tagesb\u00fcro f\u00fcr Tagnutzung 08:00 Uhr &#8211; 18:00 Uhr<br \/>\n<\/span><br \/>\n<span style=\"color: green;\"><strong>B\u00fcros frei ab:<\/strong>\u00a0sofort!<\/span><\/p>\n<p><span style=\"text-decoration: underline;\"><strong>So erhalten Sie Ihren Mietpreis:<\/strong><\/span><br \/>\n<strong>1. Beide schwarze Balken w\u00e4hlen, dann erscheint Preis!<\/strong><br \/>\n<strong> 2. Ggf. Anzahl\/Miettage unter dem Preis anpassen.<\/strong><br \/>\n<strong>3. Auswahl in den Warenkorb packen.<\/strong><br \/>\n<strong>4. Auf &#8222;Warenkorb anzeigen&#8220; klicken und Warenkorb als<br \/>\nAngebot ausdrucken (Datei drucken) oder bei Bestellung<br \/>\n<\/strong><strong>Ihren\u00a0<strong>Wunsch &#8211; B\u00fcromietbeginn uns zu<\/strong>senden. Buchen.<\/strong><\/p>\n<p><strong>Interesse? oder mehr Infos? Bitte Nachricht senden:<\/strong><\/p>\n[supsystic-form id=11]\n<p><strong>Nach Maileingang\u00a0nehmen wir Kontakt zu Ihnen auf.<br \/>\n<a title=\"Hier gehts zu den Langzeitmieten.\" href=\"https:\/\/b6-office.de\/?product_cat=monatlich-und-jaehrlich\" target=\"_blank\" rel=\"noopener\">Hier zu den g\u00fcnstigen Langzeitmieten 3 bis 120 Monate.<\/a><\/strong><\/p>\n<h3><strong>Hier finden Sie die\u00a0<a href=\"https:\/\/b6-office.de\/?product=nebenkosten\" target=\"_blank\" rel=\"noopener\"><em>Nebenkosten!\u00a0Hier klicken.<\/em><\/a><\/strong><\/h3>\n","protected":false},"featured_media":16954,"comment_status":"closed","ping_status":"closed","template":"","meta":{"_links_to":"","_links_to_target":""},"product_brand":[],"product_cat":[928,948],"product_tag":[],"class_list":{"0":"post-5304","1":"product","2":"type-product","3":"status-publish","4":"has-post-thumbnail","6":"product_cat-24-std-bueronutzung-mit-sleepmodul","7":"product_cat-bueronutzung-tag-und-nacht","8":"pa_messekalendar-buchungszeitraum","9":"pa_messekalendar-buchung-zur-messezeit-siehe-messekalendar","10":"pa_messekalendar-buchung-zur-normalen-zeit","11":"pa_zeitraum-1-jahr","12":"pa_zeitraum-1-monat","13":"pa_zeitraum-3-jahre","14":"pa_zeitraum-5-jahre","15":"pa_zeitraum-10-jahre","16":"pa_zeitraum-1-monat-zur-messezeit-monats-anzahl-unten-auswaehlen","17":"pa_zeitraum-wie-lange","18":"pa_zeitraum-1-tag","19":"pa_zeitraum-verlaengerungstag","20":"pa_zeitraum-1-woche","21":"pa_zeitraum-verlaengerungswoche","22":"pa_zeitraum-1-monat-mtl-kuendbar-monatsanzahl-unten-auswaehlen","23":"pa_zeitraum-verlaengerungsmonat","24":"pa_zeitraum-verlaengerungsjahr","26":"first","27":"instock","28":"taxable","29":"shipping-taxable","30":"purchasable","31":"product-type-variable","32":"has-default-attributes","33":"has-featured-image","34":"portrait"},"_links":{"self":[{"href":"https:\/\/b6-office.de\/index.php?rest_route=\/wp\/v2\/product\/5304","targetHints":{"allow":["GET"]}}],"collection":[{"href":"https:\/\/b6-office.de\/index.php?rest_route=\/wp\/v2\/product"}],"about":[{"href":"https:\/\/b6-office.de\/index.php?rest_route=\/wp\/v2\/types\/product"}],"replies":[{"embeddable":true,"href":"https:\/\/b6-office.de\/index.php?rest_route=%2Fwp%2Fv2%2Fcomments&post=5304"}],"wp:featuredmedia":[{"embeddable":true,"href":"https:\/\/b6-office.de\/index.php?rest_route=\/wp\/v2\/media\/16954"}],"wp:attachment":[{"href":"https:\/\/b6-office.de\/index.php?rest_route=%2Fwp%2Fv2%2Fmedia&parent=5304"}],"wp:term":[{"taxonomy":"product_brand","embeddable":true,"href":"https:\/\/b6-office.de\/index.php?rest_route=%2Fwp%2Fv2%2Fproduct_brand&post=5304"},{"taxonomy":"product_cat","embeddable":true,"href":"https:\/\/b6-office.de\/index.php?rest_route=%2Fwp%2Fv2%2Fproduct_cat&post=5304"},{"taxonomy":"product_tag","embeddable":true,"href":"https:\/\/b6-office.de\/index.php?rest_route=%2Fwp%2Fv2%2Fproduct_tag&post=5304"}],"curies":[{"name":"wp","href":"https:\/\/api.w.org\/{rel}","templated":true}]}}