{"id":6090,"date":"2017-02-02T16:54:33","date_gmt":"2017-02-02T15:54:33","guid":{"rendered":"http:\/\/a-profi.de\/?product=x25-rollcontainer-3-fach"},"modified":"2026-03-11T11:51:13","modified_gmt":"2026-03-11T10:51:13","slug":"x7-rollcontainer-3-fach-mit-haengeregisterfach-hellgrau-mod","status":"publish","type":"product","link":"https:\/\/b6-office.de\/?product=x7-rollcontainer-3-fach-mit-haengeregisterfach-hellgrau-mod","title":{"rendered":"Rollcontainer 3-fach mit Schubladen, 2x verf\u00fcgbar, hellgrau, solide"},"content":{"rendered":"<p>b6-office bietet Ihnen verschiedene B\u00fcrofl\u00e4chen und Dienstleistungen an.<br \/>\n<strong>Dazu geh\u00f6rt auch das entsprechende B\u00fcro-Mobiliar, welches Sie<\/strong><br \/>\n<strong>a) selber mitbringen k\u00f6nnen oder<\/strong><br \/>\n<strong>b) auch g\u00fcnstig vor Ort bei b6-office mieten k\u00f6nnen.<\/strong><\/p>\n<p>Bei Ihrer Entscheidungsfindung sei es wichtig zu \u00fcberlegen, ob die<br \/>\nB\u00fcroanmietung eine kurz-, mittel-, oder eher langfristige Basis hat.<br \/>\nDenn wenn Sie langfristig planen, also deutlich mehr als 3 oder 5 Jahre,<br \/>\ndann wird eine Kaufoption die vermutlich g\u00fcnstigste L\u00f6sung darstellen.<\/p>\n<p>Sind jedoch Ihre B\u00fcro-Nutzungsgedanken eher im kurz- und mittelfristigen<br \/>\nBereich,\u00a0also Mietzeit bis zu 3 Jahren, dann w\u00fcrden wir immer eine<br \/>\nB\u00fcrom\u00f6bel-Mietvariante empfehlen,\u00a0weil Sie damit die h\u00f6chstm\u00f6gliche<br \/>\nEffektivit\u00e4t haben und keine Finanzmittel f\u00fcr\u00a0mehrere Jahre binden.<\/p>\n<p><strong>Bedenken Sie, das Sie bei einem sp\u00e4teren Abverkauf von B\u00fcrom\u00f6beln nahezu<\/strong><br \/>\n<strong>keinen Erl\u00f6s damit erzielen k\u00f6nnen<\/strong>\u00a0und es fast immer g\u00fcnstiger ist, die M\u00f6bel<br \/>\nzu entsorgen, als\u00a0diese hin und her zu schleppen oder \u00fcber lange Zeit bei Ebay<br \/>\nversuchen zu verkaufen. Das misslingt meist!<\/p>\n<p><strong>Um m\u00f6glichst wirtschaftlich an eine funktionelle B\u00fcroausstattung zu<br \/>\nkommen<\/strong><strong>, empfehlen wir alles wegzulassen, was nicht notwendig ist!<\/strong><br \/>\nMeistens ist weniger mehr!<\/p>\n<p>Die Produktivit\u00e4t Ihres B\u00fcros wird nicht an deren Ausstattung sondern an<br \/>\nIhrem\u00a0pers\u00f6nlichen Einsatz oder dem Einsatz Ihres Mitarbeiters gemessen.<br \/>\nDas B\u00fcro sollte funktional, modular erweiterbar und neutral \/ zeitlos eingerichtet<br \/>\nsein. Genau das sind unsere Mietm\u00f6bel.<br \/>\nModetrends sind schnell Trends von gestern und sind somit schneller\u00a0out als in.<\/p>\n<p><strong>b6-office hat eine Auswahl an bew\u00e4hrten B\u00fcrom\u00f6beln f\u00fcr Sie zusammengestellt,<\/strong><br \/>\n<strong>die wir speziell f\u00fcr Sie ordern, oder die schon im Mietpool vorhanden sind.<\/strong><br \/>\nDie Mietm\u00f6bel werden Ihnen f\u00fcr die Mietdauer zum Selbstkostenpreis \u00fcberlassen.<br \/>\nDarin enthalten ist die Bereitstellung auf Ihrer Mietfl\u00e4che mit Leistungen wie folgt:<br \/>\n&#8211; Annahme der M\u00f6bel vom M\u00f6bel-Hersteller\/Lieferanten<br \/>\n&#8211; anteilige Verpackungs- Versand- und Handlingkosten<br \/>\n&#8211; Verbringung in Ihre B\u00fcroeinheit<br \/>\n&#8211; Auspacken, aufbauen und platzieren<br \/>\n&#8211; Entsorgung von Verpackung und Transportpaletten<br \/>\n&#8211; funktionsbreite \u00dcbergabe der B\u00fcrom\u00f6bel<br \/>\n&#8211; und zum Mietende die R\u00fccknahme und Einlagerung der Mietm\u00f6bel,<br \/>\nso das Sie sich nicht damit abm\u00fchen m\u00fcssen.<\/p>\n<p>Sonderbestellungen bezgl. der Ausstattungslinie sind nicht m\u00f6glich,<br \/>\nda wir unseren MietPool der B\u00fcrom\u00f6bel neutral und universell halten m\u00f6chten.<\/p>\n<p><strong>Bei Individual-W\u00fcnschen empfehlen wir daher immer die Direktbestellung<\/strong><br \/>\nbei unserem M\u00f6belzulieferer als Kaufvariante, hier der Kontakt:<br \/>\nSSI Sch\u00e4fer-Shop GmbH<br \/>\nHerr Oliver Hoch, Gebietsleiter und gepr. ArbeitsplatzExperte (MBA)<br \/>\nIndustriestr.65 \u00a0in 57518 Betzdorf<br \/>\nTel.: 02741\/286-92088 \u00a0oder Mobil: 0175\/58 58 210.<\/p>\n<p><strong>Bei dortiger Direktbestellungen\u00a0<\/strong>m\u00fcssten Sie sich jedoch selbst um:<br \/>\n&#8211; die Warenannahme<br \/>\n&#8211; das\u00a0Handling<br \/>\n&#8211; die B\u00fcrom\u00f6bel-Montage\u00a0und<br \/>\n&#8211; Verpackungsentsorgung k\u00fcmmern.<\/p>\n<p>F\u00fcr R\u00fcckfragen steht Ihnen gerne die Rezeption des b6-office zur Verf\u00fcgung.<\/p>\n<p>Gerne f\u00fchren wir als serviceorientierter Dienstleister Ihr\u00a0Bestellung<br \/>\nhier \u00fcber diesen Shop aus.<\/p>\n<p><strong>W\u00e4hlen Sie wie folgt, beim Artikel:<\/strong><br \/>\n<strong>1) schwarzes Auswahlfeld anklicken,<\/strong><br \/>\n<strong>2) Auswahl nach und nach in den Warenkorb packen.<\/strong><br \/>\n<strong>3) ggf. Anzahl ausw\u00e4hlen.<\/strong><\/p>\n<p>&nbsp;<\/p>\n<p><a href=\"https:\/\/a-profi.de\/wp-content\/uploads\/2017\/02\/Bildschirmfoto-2017-02-03-um-13.51.46.png\"><img loading=\"lazy\" decoding=\"async\" class=\"alignnone size-full wp-image-6249\" src=\"https:\/\/a-profi.de\/wp-content\/uploads\/2017\/02\/Bildschirmfoto-2017-02-03-um-13.51.46.png\" alt=\"Bildschirmfoto 2017-02-03 um 13.51.46\" width=\"960\" height=\"334\" srcset=\"https:\/\/b6-office.de\/wp-content\/uploads\/2017\/02\/Bildschirmfoto-2017-02-03-um-13.51.46.png 960w, https:\/\/b6-office.de\/wp-content\/uploads\/2017\/02\/Bildschirmfoto-2017-02-03-um-13.51.46-745x259.png 745w, https:\/\/b6-office.de\/wp-content\/uploads\/2017\/02\/Bildschirmfoto-2017-02-03-um-13.51.46-300x104.png 300w\" sizes=\"auto, (max-width: 960px) 100vw, 960px\" \/><\/a><\/p>\n<p>&nbsp;<\/p>\n","protected":false},"excerpt":{"rendered":"<p><strong>Ma\u00dfe:<\/strong> B 435 x T 800 x H 537 mm<br \/>\n<strong>Farbe:<\/strong> lichtgrau<\/p>\n<p><strong>W\u00e4hlen Sie wie folgt, beim Artikel:<\/strong><br \/>\n<strong>1) schwarzes Auswahlfeld anklicken,<\/strong><br \/>\n<strong>2) Auswahl nach und nach in den Warenkorb packen.<\/strong><br \/>\n<strong>3) ggf. Anzahl ausw\u00e4hlen.<\/strong><\/p>\n","protected":false},"featured_media":18104,"comment_status":"closed","ping_status":"closed","template":"","meta":{"_links_to":"","_links_to_target":""},"product_brand":[],"product_cat":[320],"product_tag":[],"class_list":{"0":"post-6090","1":"product","2":"type-product","3":"status-publish","4":"has-post-thumbnail","6":"product_cat-bueroeinrichtung-1","7":"pa_miete-fuer-bueromoebel-kaufen","8":"pa_miete-fuer-bueromoebel-1-tag-abrechnung-pro-tag-auswahl-unten-auswaehlen","9":"pa_miete-fuer-bueromoebel-verlaengerungstag-ab-4-tag","10":"pa_miete-fuer-bueromoebel-wochenvertrag-abrechnung-pro-woche","11":"pa_miete-fuer-bueromoebel-verlaengerungswoche-jede-weitere-woche","12":"pa_miete-fuer-bueromoebel-monatsvertrag-monatliche-zahlung","13":"pa_miete-fuer-bueromoebel-verlaengerungsmonat-ab-4-monat","14":"pa_miete-fuer-bueromoebel-jahresvertrag-monatliche-zahlung","15":"pa_miete-fuer-bueromoebel-3-jahresvertrag-monatliche-zahlung","17":"first","18":"instock","19":"taxable","20":"shipping-taxable","21":"purchasable","22":"product-type-variable","23":"has-default-attributes","24":"has-featured-image","25":"portrait"},"_links":{"self":[{"href":"https:\/\/b6-office.de\/index.php?rest_route=\/wp\/v2\/product\/6090","targetHints":{"allow":["GET"]}}],"collection":[{"href":"https:\/\/b6-office.de\/index.php?rest_route=\/wp\/v2\/product"}],"about":[{"href":"https:\/\/b6-office.de\/index.php?rest_route=\/wp\/v2\/types\/product"}],"replies":[{"embeddable":true,"href":"https:\/\/b6-office.de\/index.php?rest_route=%2Fwp%2Fv2%2Fcomments&post=6090"}],"wp:featuredmedia":[{"embeddable":true,"href":"https:\/\/b6-office.de\/index.php?rest_route=\/wp\/v2\/media\/18104"}],"wp:attachment":[{"href":"https:\/\/b6-office.de\/index.php?rest_route=%2Fwp%2Fv2%2Fmedia&parent=6090"}],"wp:term":[{"taxonomy":"product_brand","embeddable":true,"href":"https:\/\/b6-office.de\/index.php?rest_route=%2Fwp%2Fv2%2Fproduct_brand&post=6090"},{"taxonomy":"product_cat","embeddable":true,"href":"https:\/\/b6-office.de\/index.php?rest_route=%2Fwp%2Fv2%2Fproduct_cat&post=6090"},{"taxonomy":"product_tag","embeddable":true,"href":"https:\/\/b6-office.de\/index.php?rest_route=%2Fwp%2Fv2%2Fproduct_tag&post=6090"}],"curies":[{"name":"wp","href":"https:\/\/api.w.org\/{rel}","templated":true}]}}