{"id":6211,"date":"2017-02-02T16:35:41","date_gmt":"2017-02-02T15:35:41","guid":{"rendered":"http:\/\/a-profi.de\/?product=x28-flipchart-hellgrau-mit-3beinstativ-b68xh105cm"},"modified":"2018-02-10T09:07:18","modified_gmt":"2018-02-10T08:07:18","slug":"x28-flipchart-hellgrau-mit-3beinstativ-b68xh105cm","status":"publish","type":"product","link":"https:\/\/b6-office.de\/?product=x28-flipchart-hellgrau-mit-3beinstativ-b68xh105cm","title":{"rendered":"Flipchart hellgrau, mit 3BeinStativ, B68xH105cm, ideal f\u00fcr die Schulung"},"content":{"rendered":"<ul>\n<li>Flipchart mit Melaminharzplatte und kunststoffbeschichtetem Stahlblech<\/li>\n<li>Tafeloberfl\u00e4che 680 x 1050 mm, magnethaftend, beschriftbar und trocken abwischbar<\/li>\n<li>Schnellwechsel-Blockhalterung mit stabiler Metallblende und Abrisskante<\/li>\n<li>inkl. Ablageschale aus Kunststoff f\u00fcr Stifte<\/li>\n<li>manuelle H\u00f6henverstellung von 1200 &#8211; 1880 mm, mit drei Schrauben fixierbar<\/li>\n<li>Neigungswinkel ca. 150\u00b0<\/li>\n<li>stabiles Dreibeinstativ aus Metall<\/li>\n<li>Gewicht: ca. 11 kg<\/li>\n<li><span style=\"line-height: 1.5;\">Ma\u00dfe: ca. B 880 x T 880 x H ca. 1880 mm<\/span><\/li>\n<\/ul>\n<p>b6-office bietet Ihnen verschiedene B\u00fcrofl\u00e4chen und Dienstleistungen an.<\/p>\n<p><strong>Dazu geh\u00f6rt auch der\/die entsprechende Support\/Technik, welchen Sie<\/strong><br \/>\n<strong>a) selber leisten\/mitbringen k\u00f6nnen oder<\/strong><br \/>\n<strong>b) auch g\u00fcnstig vor Ort bei b6-office mieten k\u00f6nnen.<\/strong><\/p>\n<p>Bei Ihrer Entscheidungsfindung sei es wichtig zu \u00fcberlegen, ob die<br \/>\nB\u00fcroanmietung eine kurz-, mittel-, oder eher langfristige Basis hat.<br \/>\nDenn wenn Sie langfristig planen, also deutlich mehr als 3 oder 5 Jahre,<br \/>\ndann wird eine Kaufoption die vermutlich g\u00fcnstigste L\u00f6sung darstellen.<\/p>\n<p>Sind jedoch Ihre B\u00fcro-Nutzungsgedanken eher im kurz- und mittelfristigen<br \/>\nBereich,\u00a0also Mietzeit bis zu 3 Jahren, dann w\u00fcrden wir immer eine<br \/>\nB\u00fcrom\u00f6bel-Mietvariante empfehlen,\u00a0weil Sie damit die h\u00f6chstm\u00f6gliche<br \/>\nEffektivit\u00e4t haben und keine Finanzmittel f\u00fcr\u00a0mehrere Jahre binden.<\/p>\n<p><strong>Bedenken Sie, das Sie bei einem sp\u00e4teren Abverkauf von B\u00fcrom\u00f6beln<br \/>\nnahezu\u00a0<\/strong><strong>keinen Erl\u00f6s damit erzielen k\u00f6nnen<\/strong>\u00a0und es fast immer g\u00fcnstiger ist,<br \/>\ndie M\u00f6bel\u00a0zu entsorgen, als\u00a0diese hin und her zu schleppen oder \u00fcber lange Zeit<br \/>\nbei Ebay\u00a0versuchen, m\u00fchseelig zu verkaufen. Das misslingt meist!<\/p>\n<p><strong>Um m\u00f6glichst wirtschaftlich an eine funktionelle B\u00fcroausstattung zu<br \/>\nkommen<\/strong><strong>, empfehlen wir alles wegzulassen, was nicht notwendig ist!<\/strong><br \/>\nMeistens ist weniger mehr!<\/p>\n<p>Die Produktivit\u00e4t Ihres B\u00fcros wird nicht an deren Ausstattung sondern an<br \/>\nIhrem\u00a0pers\u00f6nlichen Einsatz oder dem Einsatz Ihres Mitarbeiters gemessen.<br \/>\nDas B\u00fcro sollte funktional, modular erweiterbar und neutral \/ zeitlos eingerichtet<br \/>\nsein. Genau das sind unsere Mietm\u00f6bel.<br \/>\nModetrends sind schnell Trends von gestern und sind somit schneller\u00a0out als in.<\/p>\n<p><strong>b6-office hat eine Auswahl an bew\u00e4hrten B\u00fcrom\u00f6beln f\u00fcr Sie zusammengestellt,<\/strong><br \/>\n<strong>die wir speziell f\u00fcr Sie ordern, oder die schon im Mietpool vorhanden sind.<\/strong><br \/>\nDie Mietm\u00f6bel werden Ihnen f\u00fcr die Mietdauer zum Selbstkostenpreis \u00fcberlassen.<br \/>\nDarin enthalten ist die Bereitstellung auf Ihrer Mietfl\u00e4che mit Leistungen wie folgt:<br \/>\n&#8211; Annahme der M\u00f6bel vom M\u00f6bel-Hersteller\/Lieferanten<br \/>\n&#8211; anteilige Verpackungs- Versand- und Handlingkosten<br \/>\n&#8211; Verbringung in Ihre B\u00fcroeinheit<br \/>\n&#8211; Auspacken, aufbauen und platzieren<br \/>\n&#8211; Entsorgung von Verpackung und Transportmaterial<br \/>\n&#8211; funktionsbreite \u00dcbergabe der Technik \/ B\u00fcrom\u00f6bel<br \/>\n&#8211; und zum Mietende die R\u00fccknahme und Einlagerung der Mietm\u00f6bel,<br \/>\nso das Sie sich nicht damit abm\u00fchen m\u00fcssen.<\/p>\n<p>Sonderbestellungen bezgl. der Ausstattungslinie sind nicht m\u00f6glich,<br \/>\nda wir unseren MietPool der B\u00fcrom\u00f6bel neutral und universell halten m\u00f6chten.<\/p>\n<p><strong>Bei all zu komplizierten Individual-W\u00fcnschen empfehlen wir daher<br \/>\nimmer den\u00a0eigenen Direktkauf bei einem H\u00e4ndler Ihrer Wahl.<\/strong><\/p>\n<p><strong>Bei dortiger Direktbestellungen\u00a0<\/strong>m\u00fcssten Sie sich jedoch selbst um:<br \/>\n&#8211; die Warenannahme<br \/>\n&#8211; das\u00a0Handling<br \/>\n&#8211; die B\u00fcrom\u00f6bel-Montage\u00a0und<br \/>\n&#8211; Verpackungsentsorgung k\u00fcmmern.<\/p>\n<p>F\u00fcr R\u00fcckfragen steht Ihnen gerne die Rezeption des b6-office zur Verf\u00fcgung.<\/p>\n<p>Gerne f\u00fchren wir als serviceorientierter Dienstleister Ihr\u00a0Bestellung<br \/>\nhier \u00fcber diesen Shop aus.<\/p>\n<p><strong>W\u00e4hlen Sie wie folgt, beim Artikel:<\/strong><br \/>\n<strong>1) schwarzes Auswahlfeld anklicken,<\/strong><br \/>\n<strong>2) Auswahl nach und nach in den Warenkorb packen.<\/strong><br \/>\n<strong>3) ggf. Anzahl ausw\u00e4hlen.<\/strong><br \/>\n<strong>4) Weiter zur Kasse, registrieren und ggf. unter<\/strong><br \/>\n<strong>\u201cHinweise zur Bestellung\u201d zus\u00e4tzliche Infos eingeben.<\/strong><br \/>\n<strong>Zahlvorgang starten.<\/strong><\/p>\n","protected":false},"excerpt":{"rendered":"<p><strong>Ma\u00dfe Schreibfl\u00e4che:<\/strong>\u00a0ca. B680 x H1050mm oder \u00e4hnlich<br \/>\n<strong>Farbe:<\/strong>\u00a0silber, Block weiss<\/p>\n<p><strong>W\u00e4hlen Sie wie folgt, beim Artikel:<\/strong><br \/>\n<strong>1) schwarzes Auswahlfeld anklicken,<\/strong><br \/>\n<strong>2) Auswahl nach und nach in den Warenkorb packen.<\/strong><br \/>\n<strong>3) ggf. Anzahl ausw\u00e4hlen.<\/strong><br \/>\n<strong>4) Weiter zur Kasse, registrieren und ggf. unter<\/strong><br \/>\n<strong>\u201cHinweise zur Bestellung\u201d zus\u00e4tzliche Infos eingeben.<\/strong><br \/>\n<strong>Zahlvorgang starten.<\/strong><\/p>\n","protected":false},"featured_media":11082,"comment_status":"closed","ping_status":"closed","template":"","meta":{"_links_to":"","_links_to_target":""},"product_brand":[],"product_cat":[320],"product_tag":[],"class_list":{"0":"post-6211","1":"product","2":"type-product","3":"status-publish","4":"has-post-thumbnail","6":"product_cat-bueroeinrichtung-1","7":"pa_miete-fuer-bueromoebel-kaufen","8":"pa_miete-fuer-bueromoebel-1-tag-abrechnung-pro-tag-auswahl-unten-auswaehlen","9":"pa_miete-fuer-bueromoebel-verlaengerungstag-ab-4-tag","10":"pa_miete-fuer-bueromoebel-wochenvertrag-abrechnung-pro-woche","11":"pa_miete-fuer-bueromoebel-verlaengerungswoche-jede-weitere-woche","12":"pa_miete-fuer-bueromoebel-monatsvertrag-monatliche-zahlung","13":"pa_miete-fuer-bueromoebel-verlaengerungsmonat-ab-4-monat","14":"pa_miete-fuer-bueromoebel-jahresvertrag-monatliche-zahlung","15":"pa_miete-fuer-bueromoebel-3-jahresvertrag-monatliche-zahlung","17":"first","18":"instock","19":"taxable","20":"shipping-taxable","21":"purchasable","22":"product-type-variable","23":"has-featured-image","24":"landscape"},"_links":{"self":[{"href":"https:\/\/b6-office.de\/index.php?rest_route=\/wp\/v2\/product\/6211","targetHints":{"allow":["GET"]}}],"collection":[{"href":"https:\/\/b6-office.de\/index.php?rest_route=\/wp\/v2\/product"}],"about":[{"href":"https:\/\/b6-office.de\/index.php?rest_route=\/wp\/v2\/types\/product"}],"replies":[{"embeddable":true,"href":"https:\/\/b6-office.de\/index.php?rest_route=%2Fwp%2Fv2%2Fcomments&post=6211"}],"wp:featuredmedia":[{"embeddable":true,"href":"https:\/\/b6-office.de\/index.php?rest_route=\/wp\/v2\/media\/11082"}],"wp:attachment":[{"href":"https:\/\/b6-office.de\/index.php?rest_route=%2Fwp%2Fv2%2Fmedia&parent=6211"}],"wp:term":[{"taxonomy":"product_brand","embeddable":true,"href":"https:\/\/b6-office.de\/index.php?rest_route=%2Fwp%2Fv2%2Fproduct_brand&post=6211"},{"taxonomy":"product_cat","embeddable":true,"href":"https:\/\/b6-office.de\/index.php?rest_route=%2Fwp%2Fv2%2Fproduct_cat&post=6211"},{"taxonomy":"product_tag","embeddable":true,"href":"https:\/\/b6-office.de\/index.php?rest_route=%2Fwp%2Fv2%2Fproduct_tag&post=6211"}],"curies":[{"name":"wp","href":"https:\/\/api.w.org\/{rel}","templated":true}]}}